{"id":549,"date":"2026-02-19T12:40:16","date_gmt":"2026-02-19T11:40:16","guid":{"rendered":"https:\/\/www.sachsen.schule\/~humboldt-leipzig\/?page_id=549"},"modified":"2026-02-19T12:40:16","modified_gmt":"2026-02-19T11:40:16","slug":"aemter","status":"publish","type":"page","link":"https:\/\/www.sachsen.schule\/~humboldt-leipzig\/schuelerrat\/aemter\/","title":{"rendered":"\u00c4mter"},"content":{"rendered":"[vc_row type=&#8220;in_container&#8220; full_screen_row_position=&#8220;middle&#8220; column_margin=&#8220;default&#8220; column_direction=&#8220;default&#8220; column_direction_tablet=&#8220;default&#8220; column_direction_phone=&#8220;default&#8220; scene_position=&#8220;center&#8220; text_color=&#8220;dark&#8220; text_align=&#8220;left&#8220; row_border_radius=&#8220;none&#8220; row_border_radius_applies=&#8220;bg&#8220; overflow=&#8220;visible&#8220; overlay_strength=&#8220;0.3&#8243; gradient_direction=&#8220;left_to_right&#8220; shape_divider_position=&#8220;bottom&#8220; bg_image_animation=&#8220;none&#8220;][vc_column column_padding=&#8220;no-extra-padding&#8220; column_padding_tablet=&#8220;inherit&#8220; column_padding_phone=&#8220;inherit&#8220; column_padding_position=&#8220;all&#8220; column_element_direction_desktop=&#8220;default&#8220; column_element_spacing=&#8220;default&#8220; desktop_text_alignment=&#8220;default&#8220; tablet_text_alignment=&#8220;default&#8220; phone_text_alignment=&#8220;default&#8220; background_color_opacity=&#8220;1&#8243; background_hover_color_opacity=&#8220;1&#8243; column_backdrop_filter=&#8220;none&#8220; column_shadow=&#8220;none&#8220; column_border_radius=&#8220;none&#8220; column_link_target=&#8220;_self&#8220; column_position=&#8220;default&#8220; gradient_direction=&#8220;left_to_right&#8220; overlay_strength=&#8220;0.3&#8243; width=&#8220;1\/1&#8243; tablet_width_inherit=&#8220;default&#8220; animation_type=&#8220;default&#8220; bg_image_animation=&#8220;none&#8220; border_type=&#8220;simple&#8220; column_border_width=&#8220;none&#8220; column_border_style=&#8220;solid&#8220;][split_line_heading animation_type=&#8220;line-reveal-by-space&#8220; font_style=&#8220;h1&#8243; line_reveal_by_space_text_effect=&#8220;default&#8220; stagger_animation=&#8220;true&#8220; content_alignment=&#8220;center&#8220; mobile_content_alignment=&#8220;inherit&#8220; link_target=&#8220;_self&#8220; text_content=&#8220;SCH\u00dcLERRAT&#8220; max_width=&#8220;550&#8243;][\/split_line_heading][divider line_type=&#8220;Small Line&#8220; line_alignment=&#8220;center&#8220; line_thickness=&#8220;2&#8243; divider_color=&#8220;accent-color&#8220; animate=&#8220;yes&#8220; custom_height=&#8220;40&#8243; custom_line_width=&#8220;100&#8243;][vc_row_inner column_margin=&#8220;default&#8220; column_direction=&#8220;default&#8220; column_direction_tablet=&#8220;default&#8220; column_direction_phone=&#8220;default&#8220; top_padding=&#8220;5px&#8220; bottom_padding=&#8220;20px&#8220; text_align=&#8220;left&#8220; row_position=&#8220;default&#8220; row_position_tablet=&#8220;inherit&#8220; row_position_phone=&#8220;inherit&#8220; overflow=&#8220;visible&#8220; pointer_events=&#8220;all&#8220; min_width=&#8220;47vh&#8220;][vc_column_inner column_padding=&#8220;no-extra-padding&#8220; column_padding_tablet=&#8220;inherit&#8220; column_padding_phone=&#8220;inherit&#8220; column_padding_position=&#8220;all&#8220; column_element_direction_desktop=&#8220;default&#8220; column_element_spacing=&#8220;0px&#8220; centered_text=&#8220;true&#8220; desktop_text_alignment=&#8220;default&#8220; tablet_text_alignment=&#8220;default&#8220; phone_text_alignment=&#8220;default&#8220; background_color_opacity=&#8220;1&#8243; background_hover_color_opacity=&#8220;1&#8243; column_backdrop_filter=&#8220;none&#8220; column_shadow=&#8220;none&#8220; column_border_radius=&#8220;none&#8220; column_link_target=&#8220;_self&#8220; overflow=&#8220;visible&#8220; gradient_direction=&#8220;left_to_right&#8220; overlay_strength=&#8220;0.3&#8243; width=&#8220;1\/1&#8243; tablet_width_inherit=&#8220;default&#8220; animation_type=&#8220;default&#8220; enable_animation=&#8220;true&#8220; animation=&#8220;fade-in-from-bottom&#8220; animation_easing=&#8220;default&#8220; bg_image_animation=&#8220;none&#8220; border_type=&#8220;simple&#8220; column_border_width=&#8220;none&#8220; column_border_style=&#8220;solid&#8220; enable_border_animation=&#8220;true&#8220; column_padding_type=&#8220;default&#8220; gradient_type=&#8220;default&#8220;][nectar_btn size=&#8220;medium&#8220; button_style=&#8220;regular&#8220; button_color_2=&#8220;Accent-Color&#8220; icon_family=&#8220;none&#8220; text=&#8220;Kontakt&#8220; url=&#8220;https:\/\/www.sachsen.schule\/~humboldt-leipzig\/schuelerrat&#8220; margin_right=&#8220;10px&#8220;][nectar_btn size=&#8220;medium&#8220; button_style=&#8220;regular&#8220; button_color_2=&#8220;Extra-Color-3&#8243; icon_family=&#8220;none&#8220; text=&#8220;\u00c4mter&#8220; url=&#8220;https:\/\/www.sachsen.schule\/~humboldt-leipzig\/schuelerrat\/aemter\/&#8220; margin_right=&#8220;10px&#8220;][nectar_btn size=&#8220;medium&#8220; button_style=&#8220;regular&#8220; button_color_2=&#8220;Accent-Color&#8220; icon_family=&#8220;none&#8220; text=&#8220;Das sind wir&#8220; margin_right=&#8220;10px&#8220; url=&#8220;https:\/\/www.sachsen.schule\/~humboldt-leipzig\/schuelerrat\/das-sind-wir&#8220;][nectar_btn size=&#8220;medium&#8220; open_new_tab=&#8220;true&#8220; button_style=&#8220;regular&#8220; button_color_2=&#8220;Accent-Color&#8220; icon_family=&#8220;none&#8220; text=&#8220;Gesch\u00e4ftsordnung&#8220; url=&#8220;https:\/\/www.sachsen.schule\/~humboldt-leipzig\/wp-content\/uploads\/2024\/01\/Geschaeftsordnung-des-Schuelerrates-der-Humboldtschule-Gymnasium-der-Stadt-Leipzig.pdf&#8220; margin_right=&#8220;10px&#8220;][\/vc_column_inner][\/vc_row_inner][\/vc_column][\/vc_row][vc_row type=&#8220;in_container&#8220; full_screen_row_position=&#8220;middle&#8220; column_margin=&#8220;default&#8220; column_direction=&#8220;default&#8220; column_direction_tablet=&#8220;default&#8220; column_direction_phone=&#8220;default&#8220; scene_position=&#8220;center&#8220; text_color=&#8220;dark&#8220; text_align=&#8220;left&#8220; row_border_radius=&#8220;none&#8220; row_border_radius_applies=&#8220;bg&#8220; overflow=&#8220;visible&#8220; overlay_strength=&#8220;0.3&#8243; gradient_direction=&#8220;left_to_right&#8220; shape_divider_position=&#8220;bottom&#8220; bg_image_animation=&#8220;none&#8220; gradient_type=&#8220;default&#8220; shape_type=&#8220;&#8220;][vc_column column_padding=&#8220;no-extra-padding&#8220; column_padding_tablet=&#8220;inherit&#8220; column_padding_phone=&#8220;inherit&#8220; column_padding_position=&#8220;all&#8220; column_element_direction_desktop=&#8220;default&#8220; column_element_spacing=&#8220;default&#8220; desktop_text_alignment=&#8220;default&#8220; tablet_text_alignment=&#8220;default&#8220; phone_text_alignment=&#8220;default&#8220; background_color_opacity=&#8220;1&#8243; background_hover_color_opacity=&#8220;1&#8243; column_backdrop_filter=&#8220;none&#8220; column_shadow=&#8220;none&#8220; column_border_radius=&#8220;none&#8220; column_link_target=&#8220;_self&#8220; column_position=&#8220;default&#8220; gradient_direction=&#8220;left_to_right&#8220; overlay_strength=&#8220;0.3&#8243; width=&#8220;1\/1&#8243; tablet_width_inherit=&#8220;default&#8220; animation_type=&#8220;default&#8220; bg_image_animation=&#8220;none&#8220; border_type=&#8220;simple&#8220; column_border_width=&#8220;none&#8220; column_border_style=&#8220;solid&#8220;][vc_row_inner column_margin=&#8220;default&#8220; column_direction=&#8220;default&#8220; column_direction_tablet=&#8220;default&#8220; column_direction_phone=&#8220;default&#8220; text_align=&#8220;left&#8220; row_position=&#8220;default&#8220; row_position_tablet=&#8220;inherit&#8220; row_position_phone=&#8220;inherit&#8220; overflow=&#8220;visible&#8220; pointer_events=&#8220;all&#8220;][vc_column_inner column_padding=&#8220;no-extra-padding&#8220; column_padding_tablet=&#8220;inherit&#8220; column_padding_phone=&#8220;inherit&#8220; column_padding_position=&#8220;all&#8220; column_element_direction_desktop=&#8220;default&#8220; column_element_spacing=&#8220;default&#8220; desktop_text_alignment=&#8220;default&#8220; tablet_text_alignment=&#8220;default&#8220; phone_text_alignment=&#8220;default&#8220; background_color_opacity=&#8220;1&#8243; background_hover_color_opacity=&#8220;1&#8243; column_backdrop_filter=&#8220;none&#8220; column_shadow=&#8220;none&#8220; column_border_radius=&#8220;none&#8220; column_link_target=&#8220;_self&#8220; overflow=&#8220;visible&#8220; gradient_direction=&#8220;left_to_right&#8220; overlay_strength=&#8220;0.3&#8243; width=&#8220;1\/3&#8243; tablet_width_inherit=&#8220;default&#8220; animation_type=&#8220;default&#8220; enable_animation=&#8220;true&#8220; animation=&#8220;grow-in&#8220; animation_easing=&#8220;default&#8220; bg_image_animation=&#8220;none&#8220; border_type=&#8220;simple&#8220; column_border_width=&#8220;none&#8220; column_border_style=&#8220;solid&#8220;][team_member image_url=&#8220;3545&#8243; bio_alt_image_url=&#8220;3545&#8243; team_memeber_style=&#8220;bio_fullscreen_alt&#8220; image_loading=&#8220;default&#8220; team_member_bio_full_html=&#8220;html&#8220; name=&#8220;Sch\u00fclersprecher*in und stellv. Sch\u00fclersprecher*in&#8220; image_size=&#8220;large&#8220;]Wir, der\/die Sch\u00fclersprecher*in sowie der\/die stellvertretenden Sch\u00fclersprecher*in bilden den Vorsitz des Sch\u00fclerrats.<\/p>\n<p>Das hei\u00dft, wir sind f\u00fcr die inhaltliche Koordination des Sch\u00fclerrates und Repr\u00e4sentation der Sch\u00fcler*innen nach innen und au\u00dfen zust\u00e4ndig.<\/p>\n<p>Im Rahmen der inhaltlichen Koordination \u00fcbernehmen wir zum Beispiel die Leitung von unseren Vorstandssitzungen (auch SR-Sitzungen) sowie den SV-Sitzungen mit allen Klassensprecher*innen. Dazu z\u00e4hlt auch, den \u00dcberblick \u00fcber die Arbeit der SR-Mitglieder zu haben und sicherzustellen, dass die Projekte verfolgt werden. Nat\u00fcrlich arbeiten wir beide auch inhaltlich im SR und bearbeiten Projekte aktiv mit.<\/p>\n<p>Sch\u00fcler*innen k\u00f6nnen Probleme, Fragen und W\u00fcnschen direkt an uns richten. Au\u00dferdem sprechen wir mit Lehrkr\u00e4ften, Schulleitung und Eltern und vertreten dabei die Interessen der Sch\u00fcler*innen. Daf\u00fcr sind wir hinzu Mitglieder*innen der Schulkonferenz. Wir haben gegen\u00fcber der Schulleitung ebenfalls Informations- und Beschwerderecht.<\/p>\n<p>Die\/Der Sch\u00fclersprecher*in ist in der Regel Mitglied des StadtSch\u00fclerRats Leipzig und nimmt somit an dessen Vollversammlungen teil, sofern nicht eine Vertretung, wie der\/die stellvertretender Sch\u00fclersprecher*in, gew\u00e4hlt wird.[\/team_member][\/vc_column_inner][vc_column_inner column_padding=&#8220;no-extra-padding&#8220; column_padding_tablet=&#8220;inherit&#8220; column_padding_phone=&#8220;inherit&#8220; column_padding_position=&#8220;all&#8220; column_element_direction_desktop=&#8220;default&#8220; column_element_spacing=&#8220;default&#8220; desktop_text_alignment=&#8220;default&#8220; tablet_text_alignment=&#8220;default&#8220; phone_text_alignment=&#8220;default&#8220; background_color_opacity=&#8220;1&#8243; background_hover_color_opacity=&#8220;1&#8243; column_backdrop_filter=&#8220;none&#8220; column_shadow=&#8220;none&#8220; column_border_radius=&#8220;none&#8220; column_link_target=&#8220;_self&#8220; overflow=&#8220;visible&#8220; gradient_direction=&#8220;left_to_right&#8220; overlay_strength=&#8220;0.3&#8243; width=&#8220;1\/3&#8243; tablet_width_inherit=&#8220;default&#8220; animation_type=&#8220;default&#8220; enable_animation=&#8220;true&#8220; animation=&#8220;grow-in&#8220; animation_easing=&#8220;default&#8220; bg_image_animation=&#8220;none&#8220; border_type=&#8220;simple&#8220; column_border_width=&#8220;none&#8220; column_border_style=&#8220;solid&#8220;][team_member image_url=&#8220;3544&#8243; bio_alt_image_url=&#8220;3544&#8243; team_memeber_style=&#8220;bio_fullscreen_alt&#8220; image_loading=&#8220;default&#8220; team_member_bio_full_html=&#8220;html&#8220; name=&#8220;Mitglieder der Schulkonferenz&#8220; image_size=&#8220;large&#8220;]Wir sind Teil der Schulkonferenz, dem obersten Gremium unserer Schule. Sie setzt sich aus jeweils vier Sch\u00fcler*innen, Eltern, Lehrkr\u00e4ften sowie der Schulleitung zusammen, wobei die Schulleitung bei Abstimmungen nicht stimmberechtigt ist.<\/p>\n<p>In der Schulkonferenz werden Entscheidungen getroffen, die f\u00fcr die gesamte Schulgemeinschaft relevant sind, zum Beispiel die Festlegung der freibeweglichen Feiertage oder die Auswahl des Essenanbieters.<\/p>\n<p>Unsere vier Delegierten sind zum einen die Sch\u00fclersprecherin bzw. der Sch\u00fclersprecher und die jeweilige Stellvertretung (siehe eigener Vorstellungstext). Zus\u00e4tzlich gibt es das Amt der Mitglieder der Schulkonferenz, in das zu Beginn jedes Schuljahres auf der ersten SV-Sitzung zwei Sch\u00fcler*innen aus den Klassenstufen 7 bis 12 gew\u00e4hlt werden.<\/p>\n<p>In diesem Jahr besteht unsere Delegation in der Schulkonferenz aus Nura Klemm (Sch\u00fclersprecherin), Arthur F\u00fcller (stellvertretender Sch\u00fclersprecher), Carlson Haak (Mitglied der SK) und Nicolle Tapia Santa Cruz (Mitglied der SK).[\/team_member][\/vc_column_inner][vc_column_inner column_padding=&#8220;no-extra-padding&#8220; column_padding_tablet=&#8220;inherit&#8220; column_padding_phone=&#8220;inherit&#8220; column_padding_position=&#8220;all&#8220; column_element_direction_desktop=&#8220;default&#8220; column_element_spacing=&#8220;default&#8220; desktop_text_alignment=&#8220;default&#8220; tablet_text_alignment=&#8220;default&#8220; phone_text_alignment=&#8220;default&#8220; background_color_opacity=&#8220;1&#8243; background_hover_color_opacity=&#8220;1&#8243; column_backdrop_filter=&#8220;none&#8220; column_shadow=&#8220;none&#8220; column_border_radius=&#8220;none&#8220; column_link_target=&#8220;_self&#8220; overflow=&#8220;visible&#8220; gradient_direction=&#8220;left_to_right&#8220; overlay_strength=&#8220;0.3&#8243; width=&#8220;1\/3&#8243; tablet_width_inherit=&#8220;default&#8220; animation_type=&#8220;default&#8220; enable_animation=&#8220;true&#8220; animation=&#8220;grow-in&#8220; animation_easing=&#8220;default&#8220; bg_image_animation=&#8220;none&#8220; border_type=&#8220;simple&#8220; column_border_width=&#8220;none&#8220; column_border_style=&#8220;solid&#8220;][team_member image_url=&#8220;3542&#8243; bio_alt_image_url=&#8220;3542&#8243; team_memeber_style=&#8220;bio_fullscreen_alt&#8220; image_loading=&#8220;default&#8220; team_member_bio_full_html=&#8220;html&#8220; name=&#8220;Deligierte&#8220; image_size=&#8220;large&#8220;]Das Amt der Delegation \u00fcbernehmen wir als Vertreter*innen des <strong>Klimaschulteams<\/strong>, des <strong>Schule-ohne-Rassismus-Teams<\/strong> und des <strong>Humboldt-Organisationsteams<\/strong>. Wir unterst\u00fctzen die Arbeit des Sch\u00fclerrats aktiv, bringen neue Impulse ein und sorgen daf\u00fcr, dass wichtige Projekte und Ideen aus unseren Teams in die Sch\u00fclerratsarbeit einflie\u00dfen. In unseren jeweiligen Gremien werden wir gew\u00e4hlt und setzen uns daf\u00fcr ein, die Zusammenarbeit zwischen dem Sch\u00fclerrat und den einzelnen Teams nachhaltig zu st\u00e4rken.[\/team_member][\/vc_column_inner][\/vc_row_inner][vc_row_inner column_margin=&#8220;default&#8220; column_direction=&#8220;default&#8220; column_direction_tablet=&#8220;default&#8220; column_direction_phone=&#8220;default&#8220; text_align=&#8220;left&#8220; row_position=&#8220;default&#8220; row_position_tablet=&#8220;inherit&#8220; row_position_phone=&#8220;inherit&#8220; overflow=&#8220;visible&#8220; pointer_events=&#8220;all&#8220;][vc_column_inner column_padding=&#8220;no-extra-padding&#8220; column_padding_tablet=&#8220;inherit&#8220; column_padding_phone=&#8220;inherit&#8220; column_padding_position=&#8220;all&#8220; column_element_direction_desktop=&#8220;default&#8220; column_element_spacing=&#8220;default&#8220; desktop_text_alignment=&#8220;default&#8220; tablet_text_alignment=&#8220;default&#8220; phone_text_alignment=&#8220;default&#8220; background_color_opacity=&#8220;1&#8243; background_hover_color_opacity=&#8220;1&#8243; column_backdrop_filter=&#8220;none&#8220; column_shadow=&#8220;none&#8220; column_border_radius=&#8220;none&#8220; column_link_target=&#8220;_self&#8220; overflow=&#8220;visible&#8220; gradient_direction=&#8220;left_to_right&#8220; overlay_strength=&#8220;0.3&#8243; width=&#8220;1\/3&#8243; tablet_width_inherit=&#8220;default&#8220; animation_type=&#8220;default&#8220; enable_animation=&#8220;true&#8220; animation=&#8220;grow-in&#8220; animation_easing=&#8220;default&#8220; bg_image_animation=&#8220;none&#8220; border_type=&#8220;simple&#8220; column_border_width=&#8220;none&#8220; column_border_style=&#8220;solid&#8220;][team_member image_url=&#8220;3546&#8243; bio_alt_image_url=&#8220;3546&#8243; team_memeber_style=&#8220;bio_fullscreen_alt&#8220; image_loading=&#8220;default&#8220; team_member_bio_full_html=&#8220;html&#8220; name=&#8220;Vertreter*innen der 5. -7. Klassen&#8220; image_size=&#8220;large&#8220;][\/team_member][\/vc_column_inner][vc_column_inner column_padding=&#8220;no-extra-padding&#8220; column_padding_tablet=&#8220;inherit&#8220; column_padding_phone=&#8220;inherit&#8220; column_padding_position=&#8220;all&#8220; column_element_direction_desktop=&#8220;default&#8220; column_element_spacing=&#8220;default&#8220; desktop_text_alignment=&#8220;default&#8220; tablet_text_alignment=&#8220;default&#8220; phone_text_alignment=&#8220;default&#8220; background_color_opacity=&#8220;1&#8243; background_hover_color_opacity=&#8220;1&#8243; column_backdrop_filter=&#8220;none&#8220; column_shadow=&#8220;none&#8220; column_border_radius=&#8220;none&#8220; column_link_target=&#8220;_self&#8220; overflow=&#8220;visible&#8220; gradient_direction=&#8220;left_to_right&#8220; overlay_strength=&#8220;0.3&#8243; width=&#8220;1\/3&#8243; tablet_width_inherit=&#8220;default&#8220; animation_type=&#8220;default&#8220; enable_animation=&#8220;true&#8220; animation=&#8220;grow-in&#8220; animation_easing=&#8220;default&#8220; bg_image_animation=&#8220;none&#8220; border_type=&#8220;simple&#8220; column_border_width=&#8220;none&#8220; column_border_style=&#8220;solid&#8220;][team_member image_url=&#8220;3543&#8243; bio_alt_image_url=&#8220;3543&#8243; team_memeber_style=&#8220;bio_fullscreen_alt&#8220; image_loading=&#8220;default&#8220; team_member_bio_full_html=&#8220;html&#8220; name=&#8220;Medienbeauftragte*r&#8220; image_size=&#8220;large&#8220;]Als Medienbeauftragte k\u00fcmmere ich mich um die Verbreitung von Neuigkeiten, Projekten und Veranstaltungen der Schule und vor allem des Sch\u00fclerrates \u00fcber die sozialen Medien z. B. \u00fcber Instagram (@sr_humboldt). Ich sorge f\u00fcr anschauliche, moderne Designs kombiniert mit kurzen Infotexten und Fotos. Au\u00dferdem schreibe ich die Protokolle der w\u00f6chentlichen SR-Sitzungen, damit alles dokumentiert und f\u00fcr die n\u00e4chsten Sitzung genutzt werden kann.[\/team_member][\/vc_column_inner][vc_column_inner column_padding=&#8220;no-extra-padding&#8220; column_padding_tablet=&#8220;inherit&#8220; column_padding_phone=&#8220;inherit&#8220; column_padding_position=&#8220;all&#8220; column_element_direction_desktop=&#8220;default&#8220; column_element_spacing=&#8220;default&#8220; desktop_text_alignment=&#8220;default&#8220; tablet_text_alignment=&#8220;default&#8220; phone_text_alignment=&#8220;default&#8220; background_color_opacity=&#8220;1&#8243; background_hover_color_opacity=&#8220;1&#8243; column_backdrop_filter=&#8220;none&#8220; column_shadow=&#8220;none&#8220; column_border_radius=&#8220;none&#8220; column_link_target=&#8220;_self&#8220; overflow=&#8220;visible&#8220; gradient_direction=&#8220;left_to_right&#8220; overlay_strength=&#8220;0.3&#8243; width=&#8220;1\/3&#8243; tablet_width_inherit=&#8220;default&#8220; animation_type=&#8220;default&#8220; enable_animation=&#8220;true&#8220; animation=&#8220;grow-in&#8220; animation_easing=&#8220;default&#8220; bg_image_animation=&#8220;none&#8220; border_type=&#8220;simple&#8220; column_border_width=&#8220;none&#8220; column_border_style=&#8220;solid&#8220;][team_member image_url=&#8220;3539&#8243; bio_alt_image_url=&#8220;3539&#8243; team_memeber_style=&#8220;bio_fullscreen_alt&#8220; image_loading=&#8220;default&#8220; team_member_bio_full_html=&#8220;html&#8220; name=&#8220;Beirat&#8220; image_size=&#8220;large&#8220;]Der Beirat ist Teil des Sch\u00fclerratsvorstandes. Jeder kann sich daf\u00fcr aufstellen lassen, man muss kein Klassensprecher daf\u00fcr sein. Wir werden also von allen Sch\u00fclerinnen und Sch\u00fclern gew\u00e4hlt. In den SV-Sitzungen haben wir kein Stimmrecht, bei vorstandsinternen Abstimmungen jedoch schon. Wir bringen Ideen in den Vorstand ein und unterst\u00fctzen ihn bei seiner Arbeit. Au\u00dferdem machen wir bei Projekten und Aktionen mit und helfen dabei, Dinge f\u00fcr unsere Schule umzusetzen. Der Beirat ist f\u00fcr uns eine gute M\u00f6glichkeit, uns im Sch\u00fclerrat zu engagieren und unsere Schule aktiv mitzugestalten.[\/team_member][\/vc_column_inner][\/vc_row_inner][\/vc_column][\/vc_row]\n","protected":false},"excerpt":{"rendered":"<p>[vc_row type=&#8220;in_container&#8220; full_screen_row_position=&#8220;middle&#8220; column_margin=&#8220;default&#8220; column_direction=&#8220;default&#8220; column_direction_tablet=&#8220;default&#8220; column_direction_phone=&#8220;default&#8220; scene_position=&#8220;center&#8220; text_color=&#8220;dark&#8220; text_align=&#8220;left&#8220; row_border_radius=&#8220;none&#8220; row_border_radius_applies=&#8220;bg&#8220; overflow=&#8220;visible&#8220; overlay_strength=&#8220;0.3&#8243; gradient_direction=&#8220;left_to_right&#8220; shape_divider_position=&#8220;bottom&#8220; bg_image_animation=&#8220;none&#8220;][vc_column column_padding=&#8220;no-extra-padding&#8220; column_padding_tablet=&#8220;inherit&#8220; column_padding_phone=&#8220;inherit&#8220; column_padding_position=&#8220;all&#8220; column_element_direction_desktop=&#8220;default&#8220; column_element_spacing=&#8220;default&#8220; desktop_text_alignment=&#8220;default&#8220; tablet_text_alignment=&#8220;default&#8220; phone_text_alignment=&#8220;default&#8220; background_color_opacity=&#8220;1&#8243; background_hover_color_opacity=&#8220;1&#8243; column_backdrop_filter=&#8220;none&#8220; column_shadow=&#8220;none&#8220;&#8230;<\/p>\n","protected":false},"author":2,"featured_media":0,"parent":225,"menu_order":0,"comment_status":"closed","ping_status":"closed","template":"","meta":{"footnotes":""},"class_list":["post-549","page","type-page","status-publish"],"_links":{"self":[{"href":"https:\/\/www.sachsen.schule\/~humboldt-leipzig\/wp-json\/wp\/v2\/pages\/549","targetHints":{"allow":["GET"]}}],"collection":[{"href":"https:\/\/www.sachsen.schule\/~humboldt-leipzig\/wp-json\/wp\/v2\/pages"}],"about":[{"href":"https:\/\/www.sachsen.schule\/~humboldt-leipzig\/wp-json\/wp\/v2\/types\/page"}],"author":[{"embeddable":true,"href":"https:\/\/www.sachsen.schule\/~humboldt-leipzig\/wp-json\/wp\/v2\/users\/2"}],"replies":[{"embeddable":true,"href":"https:\/\/www.sachsen.schule\/~humboldt-leipzig\/wp-json\/wp\/v2\/comments?post=549"}],"version-history":[{"count":19,"href":"https:\/\/www.sachsen.schule\/~humboldt-leipzig\/wp-json\/wp\/v2\/pages\/549\/revisions"}],"predecessor-version":[{"id":3562,"href":"https:\/\/www.sachsen.schule\/~humboldt-leipzig\/wp-json\/wp\/v2\/pages\/549\/revisions\/3562"}],"up":[{"embeddable":true,"href":"https:\/\/www.sachsen.schule\/~humboldt-leipzig\/wp-json\/wp\/v2\/pages\/225"}],"wp:attachment":[{"href":"https:\/\/www.sachsen.schule\/~humboldt-leipzig\/wp-json\/wp\/v2\/media?parent=549"}],"curies":[{"name":"wp","href":"https:\/\/api.w.org\/{rel}","templated":true}]}}