{"id":29,"date":"2023-11-02T20:46:42","date_gmt":"2023-11-02T19:46:42","guid":{"rendered":"https:\/\/www.sachsen.schule\/~humboldt-leipzig\/?page_id=29"},"modified":"2025-09-02T17:56:08","modified_gmt":"2025-09-02T15:56:08","slug":"foerderrichtlinien","status":"publish","type":"page","link":"https:\/\/www.sachsen.schule\/~humboldt-leipzig\/foerderverein-aktuell\/foerderrichtlinien\/","title":{"rendered":"F\u00f6rderantr\u00e4ge"},"content":{"rendered":"[vc_row type=&#8220;full_width_background&#8220; full_screen_row_position=&#8220;middle&#8220; column_margin=&#8220;90px&#8220; column_direction=&#8220;default&#8220; column_direction_tablet=&#8220;default&#8220; column_direction_phone=&#8220;default&#8220; bg_color=&#8220;#ffffff&#8220; scene_position=&#8220;center&#8220; constrain_group_1=&#8220;yes&#8220; top_padding_tablet=&#8220;8%&#8220; bottom_padding_tablet=&#8220;8%&#8220; text_color=&#8220;dark&#8220; text_align=&#8220;left&#8220; row_border_radius=&#8220;none&#8220; row_border_radius_applies=&#8220;bg&#8220; overflow=&#8220;visible&#8220; id=&#8220;home&#8220; overlay_strength=&#8220;0.5&#8243; gradient_direction=&#8220;top_to_bottom&#8220; shape_divider_position=&#8220;bottom&#8220; bg_image_animation=&#8220;none&#8220; shape_type=&#8220;straight_section&#8220; gradient_type=&#8220;default&#8220;][vc_column column_padding=&#8220;padding-2-percent&#8220; column_padding_tablet=&#8220;no-extra-padding&#8220; column_padding_phone=&#8220;no-extra-padding&#8220; column_padding_position=&#8220;right&#8220; column_element_direction_desktop=&#8220;default&#8220; column_element_spacing=&#8220;default&#8220; desktop_text_alignment=&#8220;default&#8220; tablet_text_alignment=&#8220;default&#8220; phone_text_alignment=&#8220;default&#8220; background_color_opacity=&#8220;1&#8243; background_hover_color_opacity=&#8220;1&#8243; column_backdrop_filter=&#8220;none&#8220; column_shadow=&#8220;none&#8220; column_border_radius=&#8220;none&#8220; column_link_target=&#8220;_self&#8220; column_position=&#8220;default&#8220; zindex=&#8220;100&#8243; gradient_direction=&#8220;left_t_to_right_b&#8220; overlay_strength=&#8220;0.3&#8243; width=&#8220;3\/5&#8243; tablet_width_inherit=&#8220;default&#8220; animation_type=&#8220;default&#8220; bg_image_animation=&#8220;none&#8220; border_type=&#8220;simple&#8220; column_border_width=&#8220;none&#8220; column_border_style=&#8220;solid&#8220; offset=&#8220;vc_col-xs-12&#8243;][vc_row_inner column_margin=&#8220;default&#8220; column_direction=&#8220;default&#8220; column_direction_tablet=&#8220;default&#8220; column_direction_phone=&#8220;default&#8220; text_align=&#8220;left&#8220; row_position=&#8220;default&#8220; row_position_tablet=&#8220;inherit&#8220; row_position_phone=&#8220;inherit&#8220; overflow=&#8220;visible&#8220; pointer_events=&#8220;all&#8220; min_width=&#8220;47vh&#8220;][vc_column_inner column_padding=&#8220;no-extra-padding&#8220; column_padding_tablet=&#8220;inherit&#8220; column_padding_phone=&#8220;inherit&#8220; column_padding_position=&#8220;all&#8220; column_element_direction_desktop=&#8220;default&#8220; column_element_spacing=&#8220;default&#8220; desktop_text_alignment=&#8220;default&#8220; tablet_text_alignment=&#8220;default&#8220; phone_text_alignment=&#8220;default&#8220; background_color_opacity=&#8220;1&#8243; background_hover_color_opacity=&#8220;1&#8243; column_backdrop_filter=&#8220;none&#8220; column_shadow=&#8220;none&#8220; column_border_radius=&#8220;none&#8220; column_link_target=&#8220;_self&#8220; overflow=&#8220;visible&#8220; gradient_direction=&#8220;left_to_right&#8220; overlay_strength=&#8220;0.3&#8243; width=&#8220;1\/1&#8243; tablet_width_inherit=&#8220;default&#8220; animation_type=&#8220;default&#8220; enable_animation=&#8220;true&#8220; animation=&#8220;fade-in-from-bottom&#8220; animation_easing=&#8220;default&#8220; bg_image_animation=&#8220;none&#8220; border_type=&#8220;simple&#8220; column_border_width=&#8220;none&#8220; column_border_style=&#8220;solid&#8220; enable_border_animation=&#8220;true&#8220;][split_line_heading animation_type=&#8220;line-reveal-by-space&#8220; font_style=&#8220;h1&#8243; line_reveal_by_space_text_effect=&#8220;default&#8220; stagger_animation=&#8220;true&#8220; content_alignment=&#8220;center&#8220; mobile_content_alignment=&#8220;inherit&#8220; link_target=&#8220;_self&#8220; text_content=&#8220;F\u00d6RDERVEREIN&#8220; max_width=&#8220;550&#8243;][\/split_line_heading][divider line_type=&#8220;Small Line&#8220; line_alignment=&#8220;center&#8220; line_thickness=&#8220;2&#8243; divider_color=&#8220;accent-color&#8220; animate=&#8220;yes&#8220; custom_height=&#8220;40&#8243; custom_line_width=&#8220;100&#8243;][\/vc_column_inner][\/vc_row_inner][vc_row_inner column_margin=&#8220;default&#8220; column_direction=&#8220;default&#8220; column_direction_tablet=&#8220;default&#8220; column_direction_phone=&#8220;default&#8220; text_align=&#8220;left&#8220; row_position=&#8220;default&#8220; row_position_tablet=&#8220;inherit&#8220; row_position_phone=&#8220;inherit&#8220; overflow=&#8220;visible&#8220; pointer_events=&#8220;all&#8220; min_width=&#8220;47vh&#8220;][vc_column_inner column_padding=&#8220;no-extra-padding&#8220; column_padding_tablet=&#8220;inherit&#8220; column_padding_phone=&#8220;inherit&#8220; column_padding_position=&#8220;all&#8220; column_element_direction_desktop=&#8220;default&#8220; column_element_spacing=&#8220;0px&#8220; desktop_text_alignment=&#8220;default&#8220; tablet_text_alignment=&#8220;default&#8220; phone_text_alignment=&#8220;default&#8220; background_color_opacity=&#8220;1&#8243; background_hover_color_opacity=&#8220;1&#8243; column_backdrop_filter=&#8220;none&#8220; column_shadow=&#8220;none&#8220; column_border_radius=&#8220;none&#8220; column_link_target=&#8220;_self&#8220; overflow=&#8220;visible&#8220; gradient_direction=&#8220;left_to_right&#8220; overlay_strength=&#8220;0.3&#8243; width=&#8220;1\/1&#8243; tablet_width_inherit=&#8220;default&#8220; animation_type=&#8220;default&#8220; enable_animation=&#8220;true&#8220; animation=&#8220;fade-in-from-bottom&#8220; animation_easing=&#8220;default&#8220; bg_image_animation=&#8220;none&#8220; border_type=&#8220;simple&#8220; column_border_width=&#8220;none&#8220; column_border_style=&#8220;solid&#8220; enable_border_animation=&#8220;true&#8220; column_padding_type=&#8220;default&#8220; gradient_type=&#8220;default&#8220;][divider line_type=&#8220;No Line&#8220;][nectar_btn size=&#8220;medium&#8220; button_style=&#8220;regular&#8220; button_color_2=&#8220;Extra-Color-1&#8243; icon_family=&#8220;none&#8220; text=&#8220;Aktuell&#8220; url=&#8220;https:\/\/www.sachsen.schule\/~humboldt-leipzig\/foerderverein-aktuell\/&#8220; margin_right=&#8220;10px&#8220;][nectar_btn size=&#8220;medium&#8220; button_style=&#8220;regular&#8220; button_color_2=&#8220;Extra-Color-1&#8243; icon_family=&#8220;none&#8220; text=&#8220;Mitgliedschaft &#038; Spenden&#8220; url=&#8220;https:\/\/www.sachsen.schule\/~humboldt-leipzig\/foerderverein-aktuell\/mitgliedschaft\/&#8220; margin_right=&#8220;10px&#8220;][nectar_btn size=&#8220;medium&#8220; button_style=&#8220;regular&#8220; button_color_2=&#8220;Extra-Color-1&#8243; icon_family=&#8220;none&#8220; text=&#8220;Arbeit &#038; Projekte&#8220; url=&#8220;https:\/\/www.sachsen.schule\/~humboldt-leipzig\/foerderverein-aktuell\/projekte\/&#8220; margin_right=&#8220;10px&#8220;][nectar_btn size=&#8220;medium&#8220; button_style=&#8220;regular&#8220; button_color_2=&#8220;Extra-Color-2&#8243; icon_family=&#8220;none&#8220; text=&#8220;F\u00f6rderantr\u00e4ge &#038; Ablauf&#8220; url=&#8220;https:\/\/www.sachsen.schule\/~humboldt-leipzig\/foerderverein-aktuell\/foerderrichtlinien\/&#8220;][\/vc_column_inner][\/vc_row_inner][vc_row_inner column_margin=&#8220;70px&#8220; column_direction=&#8220;default&#8220; column_direction_tablet=&#8220;default&#8220; column_direction_phone=&#8220;default&#8220; top_padding=&#8220;25&#8243; bottom_padding=&#8220;15&#8243; text_align=&#8220;left&#8220; row_position=&#8220;default&#8220; row_position_tablet=&#8220;inherit&#8220; row_position_phone=&#8220;inherit&#8220; overflow=&#8220;visible&#8220; pointer_events=&#8220;all&#8220;][vc_column_inner column_padding=&#8220;no-extra-padding&#8220; column_padding_tablet=&#8220;inherit&#8220; column_padding_phone=&#8220;inherit&#8220; column_padding_position=&#8220;all&#8220; column_element_direction_desktop=&#8220;default&#8220; column_element_spacing=&#8220;default&#8220; desktop_text_alignment=&#8220;default&#8220; tablet_text_alignment=&#8220;default&#8220; phone_text_alignment=&#8220;default&#8220; background_color_opacity=&#8220;1&#8243; background_hover_color_opacity=&#8220;1&#8243; column_backdrop_filter=&#8220;none&#8220; column_shadow=&#8220;none&#8220; column_border_radius=&#8220;none&#8220; column_link_target=&#8220;_self&#8220; overflow=&#8220;visible&#8220; gradient_direction=&#8220;left_to_right&#8220; overlay_strength=&#8220;0.3&#8243; width=&#8220;1\/2&#8243; tablet_width_inherit=&#8220;default&#8220; animation_type=&#8220;default&#8220; enable_animation=&#8220;true&#8220; animation=&#8220;fade-in-from-bottom&#8220; animation_easing=&#8220;default&#8220; bg_image_animation=&#8220;none&#8220; border_type=&#8220;simple&#8220; column_border_width=&#8220;none&#8220; column_border_style=&#8220;solid&#8220; column_padding_type=&#8220;default&#8220; gradient_type=&#8220;default&#8220;][vc_column_text]\n<h4>F\u00f6rderantr\u00e4ge f\u00fcr Projekte<\/h4>\n<p>Der F\u00f6rderverein unterst\u00fctzt alle Projekte, die den Unterricht, die Lernumgebung oder das Schulgel\u00e4nde betreffen. Antr\u00e4ge k\u00f6nnen von Lehrern, Sch\u00fclern und Eltern eingebracht werden.<\/p>\n<p>Wichtig ist eine <strong>Projektbeschreibung<\/strong>, die erkennen l\u00e4sst, was genau gef\u00f6rdert werden soll, sowie eine <strong>Angabe der Kosten<\/strong>. Auch ist eine <strong>Best\u00e4tigung der Schulleitung<\/strong> erforderlich.<\/p>\n<p>Der Vorstand tagt in der Regel monatlich und befasst sich mit den Antr\u00e4gen. Kurzfristige Entscheidungen sind daher oftmals nicht m\u00f6glich.\u00a0Die Kostenerstattung kann jedoch auch nach Durchf\u00fchrung des Projekts erfolgen.[\/vc_column_text][nectar_btn size=&#8220;small&#8220; open_new_tab=&#8220;true&#8220; button_style=&#8220;regular&#8220; button_color_2=&#8220;Extra-Color-3&#8243; icon_family=&#8220;fontawesome&#8220; text=&#8220;Formular f\u00fcr F\u00f6rderantr\u00e4ge&#8220; icon_fontawesome=&#8220;fa fa-file-pdf-o&#8220; url=&#8220;https:\/\/www.sachsen.schule\/~humboldt-leipzig\/wp-content\/uploads\/2025\/03\/250305-Foerderverein-Foerderantrag.pdf&#8220;][\/vc_column_inner][vc_column_inner column_padding=&#8220;no-extra-padding&#8220; column_padding_tablet=&#8220;inherit&#8220; column_padding_phone=&#8220;inherit&#8220; column_padding_position=&#8220;all&#8220; column_element_direction_desktop=&#8220;default&#8220; column_element_spacing=&#8220;default&#8220; desktop_text_alignment=&#8220;default&#8220; tablet_text_alignment=&#8220;default&#8220; phone_text_alignment=&#8220;default&#8220; background_color_opacity=&#8220;1&#8243; background_hover_color_opacity=&#8220;1&#8243; column_backdrop_filter=&#8220;none&#8220; column_shadow=&#8220;none&#8220; column_border_radius=&#8220;none&#8220; column_link_target=&#8220;_self&#8220; overflow=&#8220;visible&#8220; gradient_direction=&#8220;left_to_right&#8220; overlay_strength=&#8220;0.3&#8243; width=&#8220;1\/2&#8243; tablet_width_inherit=&#8220;small_desktop&#8220; animation_type=&#8220;default&#8220; enable_animation=&#8220;true&#8220; animation=&#8220;fade-in-from-bottom&#8220; animation_easing=&#8220;default&#8220; bg_image_animation=&#8220;none&#8220; border_type=&#8220;simple&#8220; column_border_width=&#8220;none&#8220; column_border_style=&#8220;solid&#8220;][vc_column_text css_animation=&#8220;none&#8220; css=&#8220;.vc_custom_1756828563242{margin-bottom: 10px !important;}&#8220;]\n<h4>Individuelle F\u00f6rderantr\u00e4ge<\/h4>\n<p>Der F\u00f6rderverein kann einzelne Sch\u00fclerinnen und Sch\u00fcler finanziell bei Klassenfahrten oder sonstigen kostenpflichtigen Fahrten unterst\u00fctzen. Bitte beachten Sie folgende Punkte bei der Antragstellung:<\/p>\n<ol style=\"margin-left: 0px;\">\n<li style=\"list-style-type: none;\">\n<ol style=\"margin-left: 0px;\">\n<li style=\"margin-bottom: 10px;\">Bitte teilen Sie uns in Ihrem Antrag mit, um welche Fahrt es sich handelt sowie welche Summe Sie beantragen.<\/li>\n<li style=\"margin-bottom: 10px;\">Eine Best\u00e4tigung des Antrags durch die Schulleitung ist unerl\u00e4sslich.<\/li>\n<li style=\"margin-bottom: 10px;\">Der F\u00f6rderverein kann nur Einzelpersonen unterst\u00fctzen, die \u00fcber ein geringes Einkommen verf\u00fcgen und kein hohes Verm\u00f6gen besitzen. Um diese Punkte nachzuweisen, nutzen Sie bitte das Formular Nachweis der F\u00f6rderf\u00e4higkeit. Dieses Formular kann ausgedruckt und ausgef\u00fcllt werden.<\/li>\n<li style=\"margin-bottom: 10px;\">Bitte planen Sie vier Wochen Bearbeitungszeit ein, da der Vorstand des F\u00f6rdervereins sich in der Regel ein Mal monatlich trifft.<\/li>\n<li style=\"margin-bottom: 10px;\">Der F\u00f6rderverein bezuschusst die Fahrten mit 50 % der Gesamtkosten aber maximal 150 \u20ac.<\/li>\n<li style=\"margin-bottom: 10px;\">Pr\u00fcfen Sie vor Antragstellung, ob Sie die Kriterien f\u00fcr das Programm \u201eTeilhabe an Bildung\u201c erf\u00fcllen. Ein Anspruch aus diesem Programm ist gegen\u00fcber der Unterst\u00fctzung durch den F\u00f6rderverein vorrangig.<\/li>\n<li style=\"margin-bottom: 10px;\">Reichen Sie uns Ihren Antrag und die Nachweise entweder in Papierform ein oder senden Sie diese per E-Mail an den F\u00f6rderverein.<\/li>\n<\/ol>\n<p><strong>Wir bitten um Beachtung und stehen jederzeit f\u00fcr R\u00fcckfragen, Hinweise oder Hilfen zur Verf\u00fcgung.<\/strong>[\/vc_column_text][nectar_btn size=&#8220;small&#8220; open_new_tab=&#8220;true&#8220; button_style=&#8220;regular&#8220; button_color_2=&#8220;Extra-Color-3&#8243; icon_family=&#8220;fontawesome&#8220; text=&#8220;Nachweis der F\u00f6rderf\u00e4higkeit&#8220; icon_fontawesome=&#8220;fa fa-file-pdf-o&#8220; url=&#8220;https:\/\/www.sachsen.schule\/~humboldt-leipzig\/wp-content\/uploads\/2025\/09\/250902-Foerderverein-Nachweise-Foerderfaehigkeit.pdf&#8220;][\/vc_column_inner][\/vc_row_inner][\/vc_column][vc_column column_padding=&#8220;no-extra-padding&#8220; column_padding_tablet=&#8220;inherit&#8220; column_padding_phone=&#8220;inherit&#8220; column_padding_position=&#8220;all&#8220; column_element_direction_desktop=&#8220;default&#8220; column_element_spacing=&#8220;default&#8220; desktop_text_alignment=&#8220;default&#8220; tablet_text_alignment=&#8220;default&#8220; phone_text_alignment=&#8220;default&#8220; background_color_opacity=&#8220;1&#8243; background_hover_color_opacity=&#8220;1&#8243; column_backdrop_filter=&#8220;none&#8220; column_shadow=&#8220;none&#8220; column_border_radius=&#8220;none&#8220; column_link_target=&#8220;_self&#8220; column_position=&#8220;default&#8220; gradient_direction=&#8220;left_to_right&#8220; overlay_strength=&#8220;0.5&#8243; width=&#8220;2\/5&#8243; tablet_width_inherit=&#8220;default&#8220; animation_type=&#8220;default&#8220; bg_image_animation=&#8220;none&#8220; border_type=&#8220;simple&#8220; column_border_width=&#8220;none&#8220; column_border_style=&#8220;solid&#8220; offset=&#8220;vc_col-xs-12&#8243;][vc_row_inner column_margin=&#8220;default&#8220; column_direction=&#8220;default&#8220; column_direction_tablet=&#8220;default&#8220; column_direction_phone=&#8220;default&#8220; text_align=&#8220;left&#8220; row_position=&#8220;default&#8220; row_position_tablet=&#8220;inherit&#8220; row_position_phone=&#8220;inherit&#8220; min_width_desktop=&#8220;43vw&#8220; min_width_tablet=&#8220;50vw&#8220; min_width_phone=&#8220;50vw&#8220; overflow=&#8220;visible&#8220; pointer_events=&#8220;all&#8220;][vc_column_inner column_padding=&#8220;no-extra-padding&#8220; column_padding_tablet=&#8220;inherit&#8220; column_padding_phone=&#8220;inherit&#8220; column_padding_position=&#8220;all&#8220; column_element_direction_desktop=&#8220;default&#8220; column_element_spacing=&#8220;default&#8220; desktop_text_alignment=&#8220;default&#8220; tablet_text_alignment=&#8220;default&#8220; phone_text_alignment=&#8220;default&#8220; background_color_opacity=&#8220;1&#8243; background_hover_color_opacity=&#8220;1&#8243; background_image=&#8220;558&#8243; background_image_position=&#8220;center center&#8220; background_image_stacking=&#8220;default&#8220; enable_bg_scale=&#8220;true&#8220; background_image_loading=&#8220;default&#8220; column_backdrop_filter=&#8220;none&#8220; column_shadow=&#8220;none&#8220; column_border_radius=&#8220;none&#8220; column_link_target=&#8220;_self&#8220; overflow=&#8220;visible&#8220; gradient_direction=&#8220;left_to_right&#8220; overlay_strength=&#8220;0.5&#8243; width=&#8220;1\/1&#8243; tablet_width_inherit=&#8220;default&#8220; animation_type=&#8220;default&#8220; bg_image_animation=&#8220;ro-reveal-from-right&#8220; border_type=&#8220;simple&#8220; column_border_width=&#8220;none&#8220; column_border_style=&#8220;solid&#8220; column_padding_type=&#8220;default&#8220; gradient_type=&#8220;default&#8220;][divider line_type=&#8220;No Line&#8220; custom_height=&#8220;80vh&#8220; custom_height_tablet=&#8220;40vh&#8220; custom_height_phone=&#8220;300px&#8220;][\/vc_column_inner][\/vc_row_inner][\/vc_column][\/vc_row][vc_row type=&#8220;in_container&#8220; full_screen_row_position=&#8220;middle&#8220; column_margin=&#8220;default&#8220; column_direction=&#8220;default&#8220; column_direction_tablet=&#8220;default&#8220; column_direction_phone=&#8220;default&#8220; scene_position=&#8220;center&#8220; text_color=&#8220;dark&#8220; text_align=&#8220;left&#8220; row_border_radius=&#8220;none&#8220; row_border_radius_applies=&#8220;bg&#8220; overflow=&#8220;visible&#8220; overlay_strength=&#8220;0.3&#8243; gradient_direction=&#8220;left_to_right&#8220; shape_divider_position=&#8220;bottom&#8220; bg_image_animation=&#8220;none&#8220;][vc_column column_padding=&#8220;no-extra-padding&#8220; column_padding_tablet=&#8220;inherit&#8220; column_padding_phone=&#8220;inherit&#8220; column_padding_position=&#8220;all&#8220; column_element_direction_desktop=&#8220;default&#8220; column_element_spacing=&#8220;default&#8220; desktop_text_alignment=&#8220;default&#8220; tablet_text_alignment=&#8220;default&#8220; phone_text_alignment=&#8220;default&#8220; background_color_opacity=&#8220;1&#8243; background_hover_color_opacity=&#8220;1&#8243; column_backdrop_filter=&#8220;none&#8220; column_shadow=&#8220;none&#8220; column_border_radius=&#8220;none&#8220; column_link_target=&#8220;_self&#8220; column_position=&#8220;default&#8220; gradient_direction=&#8220;left_to_right&#8220; overlay_strength=&#8220;0.3&#8243; width=&#8220;1\/1&#8243; tablet_width_inherit=&#8220;default&#8220; animation_type=&#8220;default&#8220; bg_image_animation=&#8220;none&#8220; border_type=&#8220;simple&#8220; column_border_width=&#8220;none&#8220; column_border_style=&#8220;solid&#8220;][\/vc_column][\/vc_row]\n","protected":false},"excerpt":{"rendered":"<p>[vc_row type=&#8220;full_width_background&#8220; full_screen_row_position=&#8220;middle&#8220; column_margin=&#8220;90px&#8220; column_direction=&#8220;default&#8220; column_direction_tablet=&#8220;default&#8220; column_direction_phone=&#8220;default&#8220; bg_color=&#8220;#ffffff&#8220; scene_position=&#8220;center&#8220; constrain_group_1=&#8220;yes&#8220; top_padding_tablet=&#8220;8%&#8220; bottom_padding_tablet=&#8220;8%&#8220; text_color=&#8220;dark&#8220; text_align=&#8220;left&#8220; row_border_radius=&#8220;none&#8220; row_border_radius_applies=&#8220;bg&#8220; overflow=&#8220;visible&#8220; id=&#8220;home&#8220; overlay_strength=&#8220;0.5&#8243; gradient_direction=&#8220;top_to_bottom&#8220; shape_divider_position=&#8220;bottom&#8220; bg_image_animation=&#8220;none&#8220; shape_type=&#8220;straight_section&#8220; gradient_type=&#8220;default&#8220;][vc_column column_padding=&#8220;padding-2-percent&#8220; column_padding_tablet=&#8220;no-extra-padding&#8220; column_padding_phone=&#8220;no-extra-padding&#8220; column_padding_position=&#8220;right&#8220; column_element_direction_desktop=&#8220;default&#8220; column_element_spacing=&#8220;default&#8220;&#8230;<\/p>\n","protected":false},"author":1,"featured_media":0,"parent":53,"menu_order":0,"comment_status":"closed","ping_status":"closed","template":"","meta":{"footnotes":""},"class_list":["post-29","page","type-page","status-publish"],"_links":{"self":[{"href":"https:\/\/www.sachsen.schule\/~humboldt-leipzig\/wp-json\/wp\/v2\/pages\/29","targetHints":{"allow":["GET"]}}],"collection":[{"href":"https:\/\/www.sachsen.schule\/~humboldt-leipzig\/wp-json\/wp\/v2\/pages"}],"about":[{"href":"https:\/\/www.sachsen.schule\/~humboldt-leipzig\/wp-json\/wp\/v2\/types\/page"}],"author":[{"embeddable":true,"href":"https:\/\/www.sachsen.schule\/~humboldt-leipzig\/wp-json\/wp\/v2\/users\/1"}],"replies":[{"embeddable":true,"href":"https:\/\/www.sachsen.schule\/~humboldt-leipzig\/wp-json\/wp\/v2\/comments?post=29"}],"version-history":[{"count":17,"href":"https:\/\/www.sachsen.schule\/~humboldt-leipzig\/wp-json\/wp\/v2\/pages\/29\/revisions"}],"predecessor-version":[{"id":2752,"href":"https:\/\/www.sachsen.schule\/~humboldt-leipzig\/wp-json\/wp\/v2\/pages\/29\/revisions\/2752"}],"up":[{"embeddable":true,"href":"https:\/\/www.sachsen.schule\/~humboldt-leipzig\/wp-json\/wp\/v2\/pages\/53"}],"wp:attachment":[{"href":"https:\/\/www.sachsen.schule\/~humboldt-leipzig\/wp-json\/wp\/v2\/media?parent=29"}],"curies":[{"name":"wp","href":"https:\/\/api.w.org\/{rel}","templated":true}]}}