{"id":1851,"date":"2025-01-29T16:52:56","date_gmt":"2025-01-29T15:52:56","guid":{"rendered":"https:\/\/www.sachsen.schule\/~humboldt-leipzig\/?page_id=1851"},"modified":"2025-05-09T16:56:34","modified_gmt":"2025-05-09T14:56:34","slug":"newsletter-datenschutz","status":"publish","type":"page","link":"https:\/\/www.sachsen.schule\/~humboldt-leipzig\/foerderverein-aktuell\/newsletter-datenschutz\/","title":{"rendered":"Newsletter &amp; Datenschutz"},"content":{"rendered":"\n<h2 class=\"wp-block-heading\">1. <strong>Datenschutzerkl\u00e4rung<\/strong> des F\u00f6rdervereins der Humboldtschule<\/h2>\n\n\n\n<p>Wir speichern nur Daten, die wir f\u00fcr unsere Mitgliederverwaltung und zur Erf\u00fcllung unserer Buchhaltungspflicht zwingend ben\u00f6tigen. Das sind: Name, Vorname, Adresse, ggf. Telefonnummer, E-Mailadresse, den Bezug zur Schule, die Betragsh\u00f6he sowie das Eintrittsdatum. Ihre Daten werden nicht an unbefugte Dritte weitergegeben.<\/p>\n\n\n\n<p>Sie haben jederzeit das Recht und die M\u00f6glichkeit, Einsicht in ihre gespeicherten Daten zu verlangen. Sie k\u00f6nnen die L\u00f6schung der gespeicherten Daten verlangen, wenn Sie aus dem Verein ausgetreten sind. Es werden keine personenbezogenen Daten auf der Webseite der Schule oder einer anderen Webseite ver\u00f6ffentlicht.<\/p>\n\n\n\n<p>N\u00e4heres zum Datenschutz erfahren Sie \u00fcber den Vorstand des Vereins.<\/p>\n\n\n\n<p><strong>Wenden Sie sich hierzu bitte an<\/strong><br>F\u00f6rderverein Humboldt-Gymnasium e.V.<br>M\u00f6biusstrasse 8<br>04317 Leipzig<\/p>\n\n\n\n<p>oder per E-Mail an<br><a href=\"mailto:fv.humboldtschule.leipzig@gmx.de\">fv.humboldtschule.leipzig@gmx.de<\/a><\/p>\n\n\n\n<h2 class=\"wp-block-heading\">2. <strong>Newsletter<\/strong> des F\u00f6rdervereins der Humboldtschule<\/h2>\n\n\n\n<h3 class=\"wp-block-heading\"><strong>Inhalte unseres Newsletters<\/strong> <\/h3>\n\n\n\n<p>Mit unserem Newsletter m\u00f6chten wir \u00fcber die Arbeit des F\u00f6rdervereins und besondere Projekte, Aktionen und Veranstaltungen informieren. Zudem finden Sie darin stets Hinweise auf die M\u00f6glichkeiten zur Unterst\u00fctzung des F\u00f6rdervereins durch eigene Mitarbeit, Mitgliedschaft, Spenden oder Weitermpfehlung in Ihrem Umkreis.<\/p>\n\n\n\n<h3 class=\"wp-block-heading\"><strong>H\u00e4ufigkeit des Versands<\/strong> <\/h3>\n\n\n\n<p>In der Regel versenden wir unseren Newsletter ca. ein bis zwei Mal pro Quartal. Es ist m\u00f6glich, dass wir Sonder-Newsletter zu wichtigen Anl\u00e4ssen versenden. Diese Newsletter k\u00f6nnen auch au\u00dferhalb des \u00fcblichen Turnus versendet werden.<\/p>\n\n\n\n<h3 class=\"wp-block-heading\"><strong>Versanddienstleister<\/strong><\/h3>\n\n\n\n<p>Wir verwenden Brevo zum Versand unseres Newsletters. Indem Sie das Anmeldeformular absenden, erkl\u00e4ren Sie sich einverstanden, dass die von Ihnen angegebenen pers\u00f6nlichen Informationen an Brevo zur Bearbeitung gem\u00e4\u00df den <a href=\"https:\/\/www.brevo.com\/de\/legal\/privacypolicy\/\">Datenschutzrichtlinien von Brevo<\/a> \u00fcbertragen werden.<\/p>\n\n\n\n<h3 class=\"wp-block-heading\"><strong>Anmeldung per Double Opt-in<\/strong> <\/h3>\n\n\n\n<p>Mit Anmeldung bei unserem Newsletter erhalten Sie eine E-Mail mit einem Best\u00e4tigungs-Link. Erst wenn Sie diesen per Klick best\u00e4tigen, erhalten Sie zuk\u00fcnftige Newsletter. Damit stellen wir sicher, dass Sie die E-Mail Adresse in unserem Formular richtig eingetragen haben. Wenn Sie den Best\u00e4tigungs-Link nicht anklicken, erhalten Sie auch keine Newsletter von uns.<\/p>\n\n\n\n<h3 class=\"wp-block-heading\"><strong>Abmeldung<\/strong> <\/h3>\n\n\n\n<p>Sie k\u00f6nnen sich jederzeit vom Newsletter kostenfrei abmelden. Der Link befindet sich am Ende jeder Newsletter-E-Mail und hei\u00dft \u201eAbbestellen\u201c.<\/p>\n\n\n\n<h3 class=\"wp-block-heading\"><strong>Statistiken<\/strong> <\/h3>\n\n\n\n<p>Wir versuchen unsere Newsletter st\u00e4ndig zu verbessern und an die Bed\u00fcrfnisse der Leser anzupassen, damit die Inhalte noch interessanter werden. Deshalb optimieren wir den Newsletter permanent. Dabei hilft uns zu schauen, wie oft der Newsletter gelesen wurde und welche Links die Leser angeklickt haben. Diese Statistiken werden ebenfalls \u00fcber unser Versand-Tool Brevo bereitgestellt.<\/p>\n\n\n\n<h3 class=\"wp-block-heading\"><strong>Beispiele bereits versendeter Newsletter<\/strong> <\/h3>\n\n\n\n<p>Hier finden Sie ein Beispiel eines bereits versendeten Newsletters aus dem Jahr 2025.<br><a href=\"https:\/\/f1u0v.r.ag.d.sendibm3.com\/mk\/mr\/sh\/6rqJ8GoudeITQFYUFyiRsGAujqC\/27ssgb2QUNvZ\">https:\/\/f1u0v.r.ag.d.sendibm3.com\/mk\/mr\/sh\/6rqJ8GoudeITQFYUFyiRsGAujqC\/27ssgb2QUNvZ<\/a><\/p>\n\n\n\n<h2 class=\"wp-block-heading\">3. Humboldt-Ticker des F\u00f6rdervereins der Humboldtschule<\/h2>\n\n\n\n<h3 class=\"wp-block-heading\"><strong>Inhalte des Humboldt-Tickers<\/strong><\/h3>\n\n\n\n<p>Mit dem Humboldt-Ticker m\u00f6chten wir Abonnenten \u00fcber neue Beitr\u00e4ge auf der Schule-Homepage (Bereich <a href=\"https:\/\/www.sachsen.schule\/~humboldt-leipzig\/aktuelles\/\" target=\"_blank\" rel=\"noreferrer noopener\">Aktuelles<\/a>) per E-Mail informieren. Die E-Mails enthalten die \u00dcberschrift, ein Vorschaubild, einen kurzen Teaser-Text sowie eine direkten Link zum Beitrag.<\/p>\n\n\n\n<h3 class=\"wp-block-heading\"><strong>H\u00e4ufigkeit des Versands<\/strong> <\/h3>\n\n\n\n<p>Jeder neue erschienene Beitrag auf der Website l\u00f6st eine eigene E-Mail aus. Der Versand erfolgt an Wochentagen innerhalb einer Stunde nach Erscheinen eines neuen Beitrags. In der Regel erscheinen ca. 5 Beitr\u00e4ge im Monat. <\/p>\n\n\n\n<h3 class=\"wp-block-heading\"><strong>Versanddienstleister<\/strong><\/h3>\n\n\n\n<p>Wir verwenden Brevo zum Versand unseres Humbold-Tickers. Indem Sie das Anmeldeformular absenden, erkl\u00e4ren Sie sich einverstanden, dass die von Ihnen angegebenen pers\u00f6nlichen Informationen an Brevo zur Bearbeitung gem\u00e4\u00df den <a href=\"https:\/\/www.brevo.com\/de\/legal\/privacypolicy\/\">Datenschutzrichtlinien von Brevo<\/a> \u00fcbertragen werden.<\/p>\n\n\n\n<h3 class=\"wp-block-heading\"><strong>Anmeldung per Double Opt-in<\/strong> <\/h3>\n\n\n\n<p>Mit Anmeldung bei unserem Humboldt-Ticker erhalten Sie eine E-Mail mit einem Best\u00e4tigungs-Link. Erst wenn Sie diesen per Klick best\u00e4tigen, erhalten Sie zuk\u00fcnftige E-Mails. Damit stellen wir sicher, dass Sie die E-Mail Adresse in unserem Formular richtig eingetragen haben. Wenn Sie den Best\u00e4tigungs-Link nicht anklicken, erhalten Sie auch keine E-Mails von uns.<\/p>\n\n\n\n<h3 class=\"wp-block-heading\"><strong>Abmeldung<\/strong> <\/h3>\n\n\n\n<p>Sie k\u00f6nnen sich jederzeit vom Humboldt-Ticker kostenfrei abmelden. Der Link befindet sich am Ende jeder E-Mail und hei\u00dft \u201eAbbestellen\u201c.<\/p>\n\n\n\n<h3 class=\"wp-block-heading\"><strong>Statistiken<\/strong> <\/h3>\n\n\n\n<p>Wir versuchen unseren Humboldt-Ticker st\u00e4ndig zu verbessern und an die Bed\u00fcrfnisse der Leser anzupassen, damit die Inhalte noch interessanter werden. Deshalb optimieren wir die E-Mails permanent. Dabei hilft uns zu schauen, wie oft der Humboldt-Ticker gelesen wurde und welche Links die Leser angeklickt haben. Diese Statistiken werden ebenfalls \u00fcber unser Versand-Tool Brevo bereitgestellt.<\/p>\n\n\n\n<h3 class=\"wp-block-heading\"><strong>Beispiele bereits versendeter Newsletter<\/strong> <\/h3>\n\n\n\n<p>Hier finden Sie ein Beispiel eines bereits versendeten Newsletters aus dem Jahr 2025.<br><a href=\"https:\/\/f1u0v.r.a.d.sendibm1.com\/mk\/mr\/sh\/6rqJ8GoudeITQFYUFyiRsGAujqC\/w3_JLhSoWIh-\">https:\/\/f1u0v.r.a.d.sendibm1.com\/mk\/mr\/sh\/6rqJ8GoudeITQFYUFyiRsGAujqC\/w3_JLhSoWIh-<\/a><\/p>\n","protected":false},"excerpt":{"rendered":"<p>1. Datenschutzerkl\u00e4rung des F\u00f6rdervereins der Humboldtschule Wir speichern nur Daten, die wir f\u00fcr unsere Mitgliederverwaltung und zur Erf\u00fcllung unserer Buchhaltungspflicht zwingend ben\u00f6tigen. Das sind: Name, Vorname, Adresse, ggf. Telefonnummer, E-Mailadresse,&#8230;<\/p>\n","protected":false},"author":3,"featured_media":0,"parent":53,"menu_order":0,"comment_status":"closed","ping_status":"closed","template":"","meta":{"footnotes":""},"class_list":["post-1851","page","type-page","status-publish"],"_links":{"self":[{"href":"https:\/\/www.sachsen.schule\/~humboldt-leipzig\/wp-json\/wp\/v2\/pages\/1851","targetHints":{"allow":["GET"]}}],"collection":[{"href":"https:\/\/www.sachsen.schule\/~humboldt-leipzig\/wp-json\/wp\/v2\/pages"}],"about":[{"href":"https:\/\/www.sachsen.schule\/~humboldt-leipzig\/wp-json\/wp\/v2\/types\/page"}],"author":[{"embeddable":true,"href":"https:\/\/www.sachsen.schule\/~humboldt-leipzig\/wp-json\/wp\/v2\/users\/3"}],"replies":[{"embeddable":true,"href":"https:\/\/www.sachsen.schule\/~humboldt-leipzig\/wp-json\/wp\/v2\/comments?post=1851"}],"version-history":[{"count":5,"href":"https:\/\/www.sachsen.schule\/~humboldt-leipzig\/wp-json\/wp\/v2\/pages\/1851\/revisions"}],"predecessor-version":[{"id":2228,"href":"https:\/\/www.sachsen.schule\/~humboldt-leipzig\/wp-json\/wp\/v2\/pages\/1851\/revisions\/2228"}],"up":[{"embeddable":true,"href":"https:\/\/www.sachsen.schule\/~humboldt-leipzig\/wp-json\/wp\/v2\/pages\/53"}],"wp:attachment":[{"href":"https:\/\/www.sachsen.schule\/~humboldt-leipzig\/wp-json\/wp\/v2\/media?parent=1851"}],"curies":[{"name":"wp","href":"https:\/\/api.w.org\/{rel}","templated":true}]}}