{"id":87,"date":"2025-06-12T12:10:15","date_gmt":"2025-06-12T10:10:15","guid":{"rendered":"https:\/\/www.sachsen.schule\/~gsg\/?page_id=87"},"modified":"2025-09-15T09:56:56","modified_gmt":"2025-09-15T07:56:56","slug":"startseite-schule","status":"publish","type":"page","link":"https:\/\/www.sachsen.schule\/~gsg\/","title":{"rendered":"Schule"},"content":{"rendered":"\t\t<div data-elementor-type=\"wp-page\" data-elementor-id=\"87\" class=\"elementor elementor-87\">\n\t\t\t\t\t\t<section class=\"elementor-section elementor-top-section elementor-element elementor-element-22bbc7da elementor-section-full_width elementor-section-height-default elementor-section-height-default\" data-id=\"22bbc7da\" data-element_type=\"section\">\n\t\t\t\t\t\t<div class=\"elementor-container elementor-column-gap-default\">\n\t\t\t\t\t<div class=\"elementor-column elementor-col-50 elementor-top-column elementor-element elementor-element-7fb4112a\" data-id=\"7fb4112a\" data-element_type=\"column\" data-settings=\"{&quot;background_background&quot;:&quot;classic&quot;}\">\n\t\t\t<div class=\"elementor-widget-wrap elementor-element-populated\">\n\t\t\t\t\t\t<div class=\"elementor-element elementor-element-66cb0f7b elementor-invisible elementor-widget elementor-widget-heading\" data-id=\"66cb0f7b\" data-element_type=\"widget\" data-settings=\"{&quot;_animation&quot;:&quot;fadeInDown&quot;}\" data-widget_type=\"heading.default\">\n\t\t\t\t<div class=\"elementor-widget-container\">\n\t\t\t\t\t<h1 class=\"elementor-heading-title elementor-size-default\">Zusammen leben, lernen &amp; wachsen<\/h1>\t\t\t\t<\/div>\n\t\t\t\t<\/div>\n\t\t\t\t<div class=\"elementor-element elementor-element-7d6e3b5f elementor-invisible elementor-widget elementor-widget-text-editor\" data-id=\"7d6e3b5f\" data-element_type=\"widget\" data-settings=\"{&quot;_animation&quot;:&quot;fadeInUp&quot;}\" data-widget_type=\"text-editor.default\">\n\t\t\t\t<div class=\"elementor-widget-container\">\n\t\t\t\t\t\t\t\t\t<p>Willkommen in der Johanna-Magdalena-Beyer-Schule!<\/p>\t\t\t\t\t\t\t\t<\/div>\n\t\t\t\t<\/div>\n\t\t\t\t<div class=\"elementor-element elementor-element-63fbe5ad elementor-widget__width-auto elementor-hidden-desktop elementor-hidden-tablet elementor-hidden-mobile elementor-invisible elementor-widget elementor-widget-button\" data-id=\"63fbe5ad\" data-element_type=\"widget\" data-settings=\"{&quot;_animation&quot;:&quot;fadeInUp&quot;}\" data-widget_type=\"button.default\">\n\t\t\t\t<div class=\"elementor-widget-container\">\n\t\t\t\t\t\t\t\t\t<div class=\"elementor-button-wrapper\">\n\t\t\t\t\t<a class=\"elementor-button elementor-button-link elementor-size-sm\" href=\"#\">\n\t\t\t\t\t\t<span class=\"elementor-button-content-wrapper\">\n\t\t\t\t\t\t\t\t\t<span class=\"elementor-button-text\">Learn MOre<\/span>\n\t\t\t\t\t<\/span>\n\t\t\t\t\t<\/a>\n\t\t\t\t<\/div>\n\t\t\t\t\t\t\t\t<\/div>\n\t\t\t\t<\/div>\n\t\t\t\t<div class=\"elementor-element elementor-element-26307d0a elementor-widget__width-auto elementor-hidden-tablet elementor-hidden-mobile elementor-hidden-desktop elementor-invisible elementor-widget elementor-widget-elementskit-video\" data-id=\"26307d0a\" data-element_type=\"widget\" data-settings=\"{&quot;_animation&quot;:&quot;fadeInUp&quot;}\" data-widget_type=\"elementskit-video.default\">\n\t\t\t\t<div class=\"elementor-widget-container\">\n\t\t\t\t\t<div class=\"ekit-wid-con\" >\t\t<div class=\"video-content\" data-video-player=\"[]\" data-video-setting=\"{&quot;videoVolume&quot;:&quot;horizontal&quot;,&quot;startVolume&quot;:0.8,&quot;videoType&quot;:&quot;iframe&quot;,&quot;videoClass&quot;:&quot;mfp-fade&quot;,&quot;popupIcon&quot;:{&quot;value&quot;:&quot;icon icon-cancel&quot;,&quot;library&quot;:&quot;ekiticons&quot;},&quot;videoStyle&quot;:&quot;popup&quot;,&quot;videoTypeName&quot;:&quot;youtube&quot;,&quot;autoplay&quot;:false,&quot;muted&quot;:false,&quot;loop&quot;:false}\">\n\t\t\t\n<a class=\"ekit_icon_button glow-ripple ekit-video-popup ekit-video-popup-btn\" href=\"https:\/\/www.youtube.com\/embed\/VhBl3dHT5SY?feature=oembed?playlist=VhBl3dHT5SY&amp;mute=0&amp;autoplay=0&amp;loop=no&amp;controls=0&amp;start=0&amp;end=\" aria-label=\"video-popup\">\n\t\t\t\t<i aria-hidden=\"true\" class=\"icon icon-play\"><\/i>\t\t\n\t\t\t<\/a>\n\t\t\t\t\t<\/div>\n\t\t<\/div>\t\t\t\t<\/div>\n\t\t\t\t<\/div>\n\t\t\t\t<div class=\"elementor-element elementor-element-5cbbb379 elementor-widget__width-auto elementor-hidden-tablet elementor-hidden-mobile elementor-hidden-desktop elementor-invisible elementor-widget elementor-widget-heading\" data-id=\"5cbbb379\" data-element_type=\"widget\" data-settings=\"{&quot;_animation&quot;:&quot;fadeInUp&quot;}\" data-widget_type=\"heading.default\">\n\t\t\t\t<div class=\"elementor-widget-container\">\n\t\t\t\t\t<h6 class=\"elementor-heading-title elementor-size-default\"><a href=\"#\">WATCH VIDEO<\/a><\/h6>\t\t\t\t<\/div>\n\t\t\t\t<\/div>\n\t\t\t\t<div class=\"elementor-element elementor-element-77ec7e64 elementor-widget__width-auto elementor-absolute elementor-hidden-tablet elementor-hidden-mobile elementor-invisible elementor-widget elementor-widget-image\" data-id=\"77ec7e64\" data-element_type=\"widget\" data-settings=\"{&quot;_position&quot;:&quot;absolute&quot;,&quot;_animation&quot;:&quot;zoomIn&quot;}\" data-widget_type=\"image.default\">\n\t\t\t\t<div class=\"elementor-widget-container\">\n\t\t\t\t\t\t\t\t\t\t\t\t\t\t\t<img decoding=\"async\" width=\"81\" height=\"83\" src=\"https:\/\/www.sachsen.schule\/~gsg\/wp-content\/uploads\/2025\/06\/particles-1.webp\" class=\"attachment-full size-full wp-image-177\" alt=\"\" \/>\t\t\t\t\t\t\t\t\t\t\t\t\t\t\t<\/div>\n\t\t\t\t<\/div>\n\t\t\t\t<div class=\"elementor-element elementor-element-12f074da elementor-widget__width-auto elementor-absolute elementor-hidden-tablet elementor-hidden-mobile elementor-invisible elementor-widget elementor-widget-image\" data-id=\"12f074da\" data-element_type=\"widget\" data-settings=\"{&quot;_position&quot;:&quot;absolute&quot;,&quot;_animation&quot;:&quot;lightSpeedIn&quot;}\" data-widget_type=\"image.default\">\n\t\t\t\t<div class=\"elementor-widget-container\">\n\t\t\t\t\t\t\t\t\t\t\t\t\t\t\t<img decoding=\"async\" width=\"27\" height=\"27\" src=\"https:\/\/www.sachsen.schule\/~gsg\/wp-content\/uploads\/2025\/06\/particles-3.webp\" class=\"attachment-large size-large wp-image-178\" alt=\"\" \/>\t\t\t\t\t\t\t\t\t\t\t\t\t\t\t<\/div>\n\t\t\t\t<\/div>\n\t\t\t\t\t<\/div>\n\t\t<\/div>\n\t\t\t\t<div class=\"elementor-column elementor-col-50 elementor-top-column elementor-element elementor-element-186baaf\" data-id=\"186baaf\" data-element_type=\"column\">\n\t\t\t<div class=\"elementor-widget-wrap elementor-element-populated\">\n\t\t\t\t\t\t<div class=\"elementor-element elementor-element-2847fc1c elementor-invisible elementor-widget elementor-widget-image\" data-id=\"2847fc1c\" data-element_type=\"widget\" data-settings=\"{&quot;_animation&quot;:&quot;zoomIn&quot;}\" data-widget_type=\"image.default\">\n\t\t\t\t<div class=\"elementor-widget-container\">\n\t\t\t\t\t\t\t\t\t\t\t\t\t\t\t<img fetchpriority=\"high\" decoding=\"async\" width=\"1114\" height=\"1080\" src=\"https:\/\/www.sachsen.schule\/~gsg\/wp-content\/uploads\/2025\/06\/children-drawing-and-painting-P56BV2V.webp\" class=\"attachment-full size-full wp-image-254\" alt=\"\" srcset=\"https:\/\/www.sachsen.schule\/~gsg\/wp-content\/uploads\/2025\/06\/children-drawing-and-painting-P56BV2V.webp 1114w, https:\/\/www.sachsen.schule\/~gsg\/wp-content\/uploads\/2025\/06\/children-drawing-and-painting-P56BV2V-300x291.webp 300w, https:\/\/www.sachsen.schule\/~gsg\/wp-content\/uploads\/2025\/06\/children-drawing-and-painting-P56BV2V-1024x993.webp 1024w, https:\/\/www.sachsen.schule\/~gsg\/wp-content\/uploads\/2025\/06\/children-drawing-and-painting-P56BV2V-768x745.webp 768w\" sizes=\"(max-width: 1114px) 100vw, 1114px\" \/>\t\t\t\t\t\t\t\t\t\t\t\t\t\t\t<\/div>\n\t\t\t\t<\/div>\n\t\t\t\t<div class=\"elementor-element elementor-element-2c3cf9b6 elementor-widget__width-auto elementor-absolute elementor-hidden-tablet elementor-hidden-mobile elementor-invisible elementor-widget elementor-widget-image\" data-id=\"2c3cf9b6\" data-element_type=\"widget\" data-settings=\"{&quot;_position&quot;:&quot;absolute&quot;,&quot;_animation&quot;:&quot;rotateIn&quot;}\" data-widget_type=\"image.default\">\n\t\t\t\t<div class=\"elementor-widget-container\">\n\t\t\t\t\t\t\t\t\t\t\t\t\t\t\t<img loading=\"lazy\" decoding=\"async\" width=\"39\" height=\"39\" src=\"https:\/\/www.sachsen.schule\/~gsg\/wp-content\/uploads\/2025\/06\/particles-4.webp\" class=\"attachment-large size-large wp-image-180\" alt=\"\" \/>\t\t\t\t\t\t\t\t\t\t\t\t\t\t\t<\/div>\n\t\t\t\t<\/div>\n\t\t\t\t<div class=\"elementor-element elementor-element-3d9bf2c3 elementor-widget__width-auto elementor-absolute elementor-hidden-tablet elementor-hidden-mobile elementor-invisible elementor-widget elementor-widget-image\" data-id=\"3d9bf2c3\" data-element_type=\"widget\" data-settings=\"{&quot;_position&quot;:&quot;absolute&quot;,&quot;_animation&quot;:&quot;fadeInRight&quot;,&quot;_animation_delay&quot;:500}\" data-widget_type=\"image.default\">\n\t\t\t\t<div class=\"elementor-widget-container\">\n\t\t\t\t\t\t\t\t\t\t\t\t\t\t\t<img loading=\"lazy\" decoding=\"async\" width=\"264\" height=\"111\" src=\"https:\/\/www.sachsen.schule\/~gsg\/wp-content\/uploads\/2025\/06\/particles-2.webp\" class=\"attachment-full size-full wp-image-176\" alt=\"\" \/>\t\t\t\t\t\t\t\t\t\t\t\t\t\t\t<\/div>\n\t\t\t\t<\/div>\n\t\t\t\t\t<\/div>\n\t\t<\/div>\n\t\t\t\t\t<\/div>\n\t\t<\/section>\n\t\t\t\t<section class=\"elementor-section elementor-top-section elementor-element elementor-element-e5d8b0d elementor-section-boxed elementor-section-height-default elementor-section-height-default\" data-id=\"e5d8b0d\" data-element_type=\"section\">\n\t\t\t\t\t\t<div class=\"elementor-container elementor-column-gap-default\">\n\t\t\t\t\t<div class=\"elementor-column elementor-col-33 elementor-top-column elementor-element elementor-element-2995ef elementor-invisible\" data-id=\"2995ef\" data-element_type=\"column\" data-settings=\"{&quot;animation&quot;:&quot;fadeInUp&quot;}\">\n\t\t\t<div class=\"elementor-widget-wrap elementor-element-populated\">\n\t\t\t\t\t\t<div class=\"elementor-element elementor-element-6a12d5b5 elementor-widget elementor-widget-image\" data-id=\"6a12d5b5\" data-element_type=\"widget\" data-widget_type=\"image.default\">\n\t\t\t\t<div class=\"elementor-widget-container\">\n\t\t\t\t\t\t\t\t\t\t\t\t\t\t\t\t<a href=\"https:\/\/www.sachsen.schule\/~gsg\/startseite-schule\/info-kontakt-schule\/\">\n\t\t\t\t\t\t\t<img loading=\"lazy\" decoding=\"async\" width=\"1920\" height=\"1280\" src=\"https:\/\/www.sachsen.schule\/~gsg\/wp-content\/uploads\/2025\/06\/happy-schoolgirl-with-a-red-backpack-isolated-back-2025-03-11-02-34-03-utc.webp\" class=\"attachment-full size-full wp-image-273\" alt=\"\" srcset=\"https:\/\/www.sachsen.schule\/~gsg\/wp-content\/uploads\/2025\/06\/happy-schoolgirl-with-a-red-backpack-isolated-back-2025-03-11-02-34-03-utc.webp 1920w, https:\/\/www.sachsen.schule\/~gsg\/wp-content\/uploads\/2025\/06\/happy-schoolgirl-with-a-red-backpack-isolated-back-2025-03-11-02-34-03-utc-300x200.webp 300w, https:\/\/www.sachsen.schule\/~gsg\/wp-content\/uploads\/2025\/06\/happy-schoolgirl-with-a-red-backpack-isolated-back-2025-03-11-02-34-03-utc-1024x682.webp 1024w, https:\/\/www.sachsen.schule\/~gsg\/wp-content\/uploads\/2025\/06\/happy-schoolgirl-with-a-red-backpack-isolated-back-2025-03-11-02-34-03-utc-768x512.webp 768w, https:\/\/www.sachsen.schule\/~gsg\/wp-content\/uploads\/2025\/06\/happy-schoolgirl-with-a-red-backpack-isolated-back-2025-03-11-02-34-03-utc-1536x1024.webp 1536w\" sizes=\"(max-width: 1920px) 100vw, 1920px\" \/>\t\t\t\t\t\t\t\t<\/a>\n\t\t\t\t\t\t\t\t\t\t\t\t\t\t\t<\/div>\n\t\t\t\t<\/div>\n\t\t\t\t<div class=\"elementor-element elementor-element-765b8142 elementor-widget elementor-widget-heading\" data-id=\"765b8142\" data-element_type=\"widget\" data-widget_type=\"heading.default\">\n\t\t\t\t<div class=\"elementor-widget-container\">\n\t\t\t\t\t<h3 class=\"elementor-heading-title elementor-size-default\">Schule<\/h3>\t\t\t\t<\/div>\n\t\t\t\t<\/div>\n\t\t\t\t<div class=\"elementor-element elementor-element-3b8f9a21 elementor-widget elementor-widget-text-editor\" data-id=\"3b8f9a21\" data-element_type=\"widget\" data-widget_type=\"text-editor.default\">\n\t\t\t\t<div class=\"elementor-widget-container\">\n\t\t\t\t\t\t\t\t\t<p>Lernen sie unsere Schule und unser Team kennen\u00a0<\/p>\t\t\t\t\t\t\t\t<\/div>\n\t\t\t\t<\/div>\n\t\t\t\t\t<\/div>\n\t\t<\/div>\n\t\t\t\t<div class=\"elementor-column elementor-col-33 elementor-top-column elementor-element elementor-element-254de985 elementor-invisible\" data-id=\"254de985\" data-element_type=\"column\" data-settings=\"{&quot;animation&quot;:&quot;fadeInUp&quot;,&quot;animation_delay&quot;:200}\">\n\t\t\t<div class=\"elementor-widget-wrap elementor-element-populated\">\n\t\t\t\t\t\t<div class=\"elementor-element elementor-element-4fb818cd elementor-widget elementor-widget-image\" data-id=\"4fb818cd\" data-element_type=\"widget\" data-widget_type=\"image.default\">\n\t\t\t\t<div class=\"elementor-widget-container\">\n\t\t\t\t\t\t\t\t\t\t\t\t\t\t\t\t<a href=\"https:\/\/www.sachsen.schule\/~gsg\/info-kontakt-hort\/\">\n\t\t\t\t\t\t\t<img loading=\"lazy\" decoding=\"async\" width=\"1920\" height=\"1280\" src=\"https:\/\/www.sachsen.schule\/~gsg\/wp-content\/uploads\/2025\/06\/happy-diverse-young-school-kids-2025-02-10-09-45-43.webp\" class=\"attachment-full size-full wp-image-286\" alt=\"\" srcset=\"https:\/\/www.sachsen.schule\/~gsg\/wp-content\/uploads\/2025\/06\/happy-diverse-young-school-kids-2025-02-10-09-45-43.webp 1920w, https:\/\/www.sachsen.schule\/~gsg\/wp-content\/uploads\/2025\/06\/happy-diverse-young-school-kids-2025-02-10-09-45-43-300x200.webp 300w, https:\/\/www.sachsen.schule\/~gsg\/wp-content\/uploads\/2025\/06\/happy-diverse-young-school-kids-2025-02-10-09-45-43-1024x682.webp 1024w, https:\/\/www.sachsen.schule\/~gsg\/wp-content\/uploads\/2025\/06\/happy-diverse-young-school-kids-2025-02-10-09-45-43-768x512.webp 768w, https:\/\/www.sachsen.schule\/~gsg\/wp-content\/uploads\/2025\/06\/happy-diverse-young-school-kids-2025-02-10-09-45-43-1536x1024.webp 1536w\" sizes=\"(max-width: 1920px) 100vw, 1920px\" \/>\t\t\t\t\t\t\t\t<\/a>\n\t\t\t\t\t\t\t\t\t\t\t\t\t\t\t<\/div>\n\t\t\t\t<\/div>\n\t\t\t\t<div class=\"elementor-element elementor-element-24ab364e elementor-widget elementor-widget-heading\" data-id=\"24ab364e\" data-element_type=\"widget\" data-widget_type=\"heading.default\">\n\t\t\t\t<div class=\"elementor-widget-container\">\n\t\t\t\t\t<h3 class=\"elementor-heading-title elementor-size-default\">Hort<\/h3>\t\t\t\t<\/div>\n\t\t\t\t<\/div>\n\t\t\t\t<div class=\"elementor-element elementor-element-1ba629b5 elementor-widget elementor-widget-text-editor\" data-id=\"1ba629b5\" data-element_type=\"widget\" data-widget_type=\"text-editor.default\">\n\t\t\t\t<div class=\"elementor-widget-container\">\n\t\t\t\t\t\t\t\t\t<p>Der Nachmittag ihres Kindes im Hort unserer Schule<\/p>\t\t\t\t\t\t\t\t<\/div>\n\t\t\t\t<\/div>\n\t\t\t\t\t<\/div>\n\t\t<\/div>\n\t\t\t\t<div class=\"elementor-column elementor-col-33 elementor-top-column elementor-element elementor-element-3ade4da elementor-invisible\" data-id=\"3ade4da\" data-element_type=\"column\" data-settings=\"{&quot;animation&quot;:&quot;fadeInUp&quot;,&quot;animation_delay&quot;:200}\">\n\t\t\t<div class=\"elementor-widget-wrap elementor-element-populated\">\n\t\t\t\t\t\t<div class=\"elementor-element elementor-element-7498c06 elementor-widget elementor-widget-image\" data-id=\"7498c06\" data-element_type=\"widget\" data-widget_type=\"image.default\">\n\t\t\t\t<div class=\"elementor-widget-container\">\n\t\t\t\t\t\t\t\t\t\t\t\t\t\t\t\t<a href=\"https:\/\/www.sachsen.schule\/~gsg\/foerderverein\/\">\n\t\t\t\t\t\t\t<img loading=\"lazy\" decoding=\"async\" width=\"1500\" height=\"1000\" src=\"https:\/\/www.sachsen.schule\/~gsg\/wp-content\/uploads\/2025\/08\/notebook-and-various-stationery-supplies-2024-09-22-11-22-25-utc-scaled-e1755175441137.webp\" class=\"attachment-full size-full wp-image-641\" alt=\"\" \/>\t\t\t\t\t\t\t\t<\/a>\n\t\t\t\t\t\t\t\t\t\t\t\t\t\t\t<\/div>\n\t\t\t\t<\/div>\n\t\t\t\t<div class=\"elementor-element elementor-element-e8a05d6 elementor-widget elementor-widget-heading\" data-id=\"e8a05d6\" data-element_type=\"widget\" data-widget_type=\"heading.default\">\n\t\t\t\t<div class=\"elementor-widget-container\">\n\t\t\t\t\t<h3 class=\"elementor-heading-title elementor-size-default\">F\u00f6rderverein<\/h3>\t\t\t\t<\/div>\n\t\t\t\t<\/div>\n\t\t\t\t<div class=\"elementor-element elementor-element-c144772 elementor-widget elementor-widget-text-editor\" data-id=\"c144772\" data-element_type=\"widget\" data-widget_type=\"text-editor.default\">\n\t\t\t\t<div class=\"elementor-widget-container\">\n\t\t\t\t\t\t\t\t\t<p>So k\u00f6nnen Sie unsere Arbeit in Schule und Hort unterst\u00fctzen.<\/p>\t\t\t\t\t\t\t\t<\/div>\n\t\t\t\t<\/div>\n\t\t\t\t\t<\/div>\n\t\t<\/div>\n\t\t\t\t\t<\/div>\n\t\t<\/section>\n\t\t\t\t<\/div>\n\t\t","protected":false},"excerpt":{"rendered":"<p>Zusammen leben, lernen &amp; wachsen Willkommen in der Johanna-Magdalena-Beyer-Schule! Learn MOre WATCH VIDEO Schule Lernen sie unsere Schule und unser Team kennen\u00a0 Hort Der Nachmittag ihres Kindes im Hort unserer Schule F\u00f6rderverein So k\u00f6nnen Sie unsere Arbeit in Schule und Hort unterst\u00fctzen.<\/p>\n","protected":false},"author":1,"featured_media":0,"parent":0,"menu_order":0,"comment_status":"closed","ping_status":"closed","template":"elementor_header_footer","meta":{"footnotes":""},"class_list":["post-87","page","type-page","status-publish","hentry"],"_links":{"self":[{"href":"https:\/\/www.sachsen.schule\/~gsg\/wp-json\/wp\/v2\/pages\/87","targetHints":{"allow":["GET"]}}],"collection":[{"href":"https:\/\/www.sachsen.schule\/~gsg\/wp-json\/wp\/v2\/pages"}],"about":[{"href":"https:\/\/www.sachsen.schule\/~gsg\/wp-json\/wp\/v2\/types\/page"}],"author":[{"embeddable":true,"href":"https:\/\/www.sachsen.schule\/~gsg\/wp-json\/wp\/v2\/users\/1"}],"replies":[{"embeddable":true,"href":"https:\/\/www.sachsen.schule\/~gsg\/wp-json\/wp\/v2\/comments?post=87"}],"version-history":[{"count":163,"href":"https:\/\/www.sachsen.schule\/~gsg\/wp-json\/wp\/v2\/pages\/87\/revisions"}],"predecessor-version":[{"id":1070,"href":"https:\/\/www.sachsen.schule\/~gsg\/wp-json\/wp\/v2\/pages\/87\/revisions\/1070"}],"wp:attachment":[{"href":"https:\/\/www.sachsen.schule\/~gsg\/wp-json\/wp\/v2\/media?parent=87"}],"curies":[{"name":"wp","href":"https:\/\/api.w.org\/{rel}","templated":true}]}}