{"id":7,"date":"2021-07-28T17:49:10","date_gmt":"2021-07-28T15:49:10","guid":{"rendered":"https:\/\/www.sachsen.schule\/~gs35dd\/?page_id=7"},"modified":"2022-04-03T23:23:02","modified_gmt":"2022-04-03T21:23:02","slug":"kontakt","status":"publish","type":"page","link":"https:\/\/www.sachsen.schule\/~gs35dd\/index.php\/kontakt\/","title":{"rendered":"Kontakt"},"content":{"rendered":"<div class=\"vce-row-container\" data-vce-boxed-width=\"true\"><div class=\"vce-row vce-row--col-gap-30 vce-row-equal-height vce-row-content--top\" id=\"el-a8ba3d62\" data-vce-do-apply=\"all el-a8ba3d62\"><div class=\"vce-row-content\" data-vce-element-content=\"true\"><div class=\"vce-col vce-col--md-auto vce-col--xs-1 vce-col--xs-last vce-col--xs-first vce-col--sm-last vce-col--sm-first vce-col--md-last vce-col--lg-last vce-col--xl-last vce-col--md-first vce-col--lg-first vce-col--xl-first\" id=\"el-f12f6939\"><div class=\"vce-col-inner\" data-vce-do-apply=\"border margin background  el-f12f6939\"><div class=\"vce-col-content\" data-vce-element-content=\"true\" data-vce-do-apply=\"padding el-f12f6939\"><div class=\"vce-text-block\"><div class=\"vce-text-block-wrapper vce\" id=\"el-28d21a40\" data-vce-do-apply=\"all el-28d21a40\">\n<h3>B\u00fcnaustra\u00dfe<\/h3>\n\n<p>B\u00fcnaustra\u00dfe 12, 01159 Dresden-L\u00f6btau, Tel 0351 4213088<\/p>\n\n<p>E-Mail: gs_035@dresdner-schulen.de<\/p>\n\n<p>&nbsp;<\/p>\n<\/div><\/div><\/div><\/div><\/div><\/div><\/div><\/div>","protected":false},"excerpt":{"rendered":"<p>B\u00fcnaustra\u00dfe B\u00fcnaustra\u00dfe 12, 01159 Dresden-L\u00f6btau, Tel 0351 4213088 E-Mail: gs_035@dresdner-schulen.de &nbsp;<\/p>\n","protected":false},"author":1,"featured_media":0,"parent":0,"menu_order":0,"comment_status":"closed","ping_status":"closed","template":"","meta":[],"_links":{"self":[{"href":"https:\/\/www.sachsen.schule\/~gs35dd\/index.php\/wp-json\/wp\/v2\/pages\/7"}],"collection":[{"href":"https:\/\/www.sachsen.schule\/~gs35dd\/index.php\/wp-json\/wp\/v2\/pages"}],"about":[{"href":"https:\/\/www.sachsen.schule\/~gs35dd\/index.php\/wp-json\/wp\/v2\/types\/page"}],"author":[{"embeddable":true,"href":"https:\/\/www.sachsen.schule\/~gs35dd\/index.php\/wp-json\/wp\/v2\/users\/1"}],"replies":[{"embeddable":true,"href":"https:\/\/www.sachsen.schule\/~gs35dd\/index.php\/wp-json\/wp\/v2\/comments?post=7"}],"version-history":[{"count":8,"href":"https:\/\/www.sachsen.schule\/~gs35dd\/index.php\/wp-json\/wp\/v2\/pages\/7\/revisions"}],"predecessor-version":[{"id":312,"href":"https:\/\/www.sachsen.schule\/~gs35dd\/index.php\/wp-json\/wp\/v2\/pages\/7\/revisions\/312"}],"wp:attachment":[{"href":"https:\/\/www.sachsen.schule\/~gs35dd\/index.php\/wp-json\/wp\/v2\/media?parent=7"}],"curies":[{"name":"wp","href":"https:\/\/api.w.org\/{rel}","templated":true}]}}