{"id":328,"date":"2022-05-15T21:37:52","date_gmt":"2022-05-15T19:37:52","guid":{"rendered":"https:\/\/www.sachsen.schule\/~gs35dd\/?page_id=328"},"modified":"2024-03-19T21:14:37","modified_gmt":"2024-03-19T20:14:37","slug":"automatisch-gespeicherter-entwurf","status":"publish","type":"page","link":"https:\/\/www.sachsen.schule\/~gs35dd\/index.php\/automatisch-gespeicherter-entwurf\/","title":{"rendered":"Downloads (Antr\u00e4ge)"},"content":{"rendered":"<div class=\"vce-row-container\" data-vce-boxed-width=\"true\"><div class=\"vce-row vce-row--col-gap-30 vce-row-equal-height vce-row-content--top\" id=\"el-64768ffb\" data-vce-do-apply=\"all el-64768ffb\"><div class=\"vce-row-content\" data-vce-element-content=\"true\"><div class=\"vce-col vce-col--md-auto vce-col--xs-1 vce-col--xs-last vce-col--xs-first vce-col--sm-last vce-col--sm-first vce-col--md-last vce-col--lg-last vce-col--xl-last vce-col--md-first vce-col--lg-first vce-col--xl-first\" id=\"el-267177d3\"><div class=\"vce-col-inner\" data-vce-do-apply=\"border margin background  el-267177d3\"><div class=\"vce-col-content\" data-vce-element-content=\"true\" data-vce-do-apply=\"padding el-267177d3\"><div class=\"vce-text-block\"><div class=\"vce-text-block-wrapper vce\" id=\"el-f32a3041\" data-vce-do-apply=\"all el-f32a3041\"><h2>Antr\u00e4ge und weitere Dokumente zum Download<\/h2><h4 style=\"letter-spacing: 0.14px;\">Wichtige Formulare f\u00fcr Antr\u00e4ge und Mitteilungen<\/h4><ul style=\"letter-spacing: 0.14px;\"><li><a href=\"https:\/\/www.sachsen.schule\/~gs35dd\/wp-content\/uploads\/2022\/04\/Antrag-Sportbefreiung.pdf\" target=\"_blank\" rel=\"noopener\">Antrag Sportbefreiung<\/a><\/li><li><a href=\"https:\/\/www.sachsen.schule\/~gs35dd\/wp-content\/uploads\/2022\/04\/Antrag-auf-Freistellung-bis-zu-zwei-Tage.pdf\" target=\"_blank\" rel=\"noopener\">Antrag auf Freistellung bis zu zwei Tage<\/a><\/li><li><a href=\"https:\/\/www.sachsen.schule\/~gs35dd\/wp-content\/uploads\/2022\/04\/Antrag-auf-Freistellung-mehr-als-zwei-Tage.pdf\" target=\"_blank\" rel=\"noopener\">Antrag auf Freistellung mehr als zwei Tage<\/a><\/li><li><a href=\"https:\/\/www.sachsen.schule\/~gs35dd\/wp-content\/uploads\/2022\/04\/Wichtige-Information-Meldung-Elternformular.pdf\" target=\"_blank\" rel=\"noopener\">Wichtige Mitteilung - Elternformular<\/a><\/li><li><a href=\"https:\/\/www.sachsen.schule\/~gs35dd\/wp-content\/uploads\/2024\/03\/Antrag_Mitgliedschaft.pdf\" target=\"_blank\" rel=\"noopener\">Mitgliedschaftsantrag F\u00f6rderverein<\/a><\/li><\/ul><\/div><\/div><\/div><\/div><\/div><\/div><\/div><\/div>\n","protected":false},"excerpt":{"rendered":"<p>Antr\u00e4ge und weitere Dokumente zum DownloadWichtige Formulare f\u00fcr Antr\u00e4ge und MitteilungenAntrag SportbefreiungAntrag auf Freistellung bis zu zwei TageAntrag auf Freistellung mehr als zwei TageWichtige Mitteilung &#8211; ElternformularMitgliedschaftsantrag F\u00f6rderverein<\/p>\n","protected":false},"author":1,"featured_media":0,"parent":0,"menu_order":0,"comment_status":"closed","ping_status":"closed","template":"","meta":[],"_links":{"self":[{"href":"https:\/\/www.sachsen.schule\/~gs35dd\/index.php\/wp-json\/wp\/v2\/pages\/328"}],"collection":[{"href":"https:\/\/www.sachsen.schule\/~gs35dd\/index.php\/wp-json\/wp\/v2\/pages"}],"about":[{"href":"https:\/\/www.sachsen.schule\/~gs35dd\/index.php\/wp-json\/wp\/v2\/types\/page"}],"author":[{"embeddable":true,"href":"https:\/\/www.sachsen.schule\/~gs35dd\/index.php\/wp-json\/wp\/v2\/users\/1"}],"replies":[{"embeddable":true,"href":"https:\/\/www.sachsen.schule\/~gs35dd\/index.php\/wp-json\/wp\/v2\/comments?post=328"}],"version-history":[{"count":6,"href":"https:\/\/www.sachsen.schule\/~gs35dd\/index.php\/wp-json\/wp\/v2\/pages\/328\/revisions"}],"predecessor-version":[{"id":434,"href":"https:\/\/www.sachsen.schule\/~gs35dd\/index.php\/wp-json\/wp\/v2\/pages\/328\/revisions\/434"}],"wp:attachment":[{"href":"https:\/\/www.sachsen.schule\/~gs35dd\/index.php\/wp-json\/wp\/v2\/media?parent=328"}],"curies":[{"name":"wp","href":"https:\/\/api.w.org\/{rel}","templated":true}]}}