{"id":301,"date":"2022-04-03T23:11:25","date_gmt":"2022-04-03T21:11:25","guid":{"rendered":"https:\/\/www.sachsen.schule\/~gs35dd\/?page_id=301"},"modified":"2024-03-19T21:29:15","modified_gmt":"2024-03-19T20:29:15","slug":"automatisch-gespeicherter-entwurf-2","status":"publish","type":"page","link":"https:\/\/www.sachsen.schule\/~gs35dd\/index.php\/eltern\/automatisch-gespeicherter-entwurf-2\/","title":{"rendered":"F\u00f6rderverein"},"content":{"rendered":"<div class=\"vce-row-container\" data-vce-boxed-width=\"true\"><div class=\"vce-row vce-row--col-gap-30 vce-row-equal-height vce-row-content--top\" id=\"el-fc985f04\" data-vce-do-apply=\"all el-fc985f04\"><div class=\"vce-row-content\" data-vce-element-content=\"true\"><div class=\"vce-col vce-col--md-auto vce-col--xs-1 vce-col--xs-last vce-col--xs-first vce-col--sm-last vce-col--sm-first vce-col--md-last vce-col--lg-last vce-col--xl-last vce-col--md-first vce-col--lg-first vce-col--xl-first\" id=\"el-7666fb24\"><div class=\"vce-col-inner\" data-vce-do-apply=\"border margin background  el-7666fb24\"><div class=\"vce-col-content\" data-vce-element-content=\"true\" data-vce-do-apply=\"padding el-7666fb24\"><div class=\"vce-text-block\"><div class=\"vce-text-block-wrapper vce\" id=\"el-44b52313\" data-vce-do-apply=\"all el-44b52313\"><h1 class=\"western\"><span style=\"font-size: 16pt; letter-spacing: inherit;\"><b>Der F<\/b><b>\u00f6rderverein stellt sich vor<\/b><\/span><\/h1><p class=\"western\" style=\"letter-spacing: inherit;\" align=\"left\"><span style=\"font-size: 12pt;\">Der F\u00f6rderverein 35. Grundschule Dresden-L\u00f6btau e.V. wurde im Jahr 1994 gegr\u00fcndet und ist seit 2011 im Vereinsregister des Amtsgerichtes Dresden eingetragen.<\/span><\/p><h2 class=\"western\" style=\"letter-spacing: inherit;\" align=\"left\"><span style=\"font-size: 12pt;\"><b>Der Vorstand<\/b><\/span><\/h2><p><span style=\"font-size: 12pt;\">Vorsitzende: Heike Guld (Lehrerin), <\/span><span style=\"font-size: 12pt;\">Verantwortliche f\u00fcr Finanzen: Beatrice Zerna (Lehrerin)<\/span><\/p><p class=\"western\" style=\"letter-spacing: inherit;\" align=\"justify\"><span style=\"font-size: 12pt;\"><b>Unsere Zielstellungen<\/b><\/span><\/p><ul><li class=\"western\" style=\"letter-spacing: inherit;\"><span style=\"font-size: 12pt;\">Verbesserung der Lern- und Lebensbedingungen an unsere Grundschule <\/span><\/li><li class=\"western\" style=\"letter-spacing: inherit;\"><span style=\"font-size: 12pt;\">F\u00f6rderung des Zusammenlebens <\/span><\/li><li class=\"western\" style=\"letter-spacing: inherit;\"><span style=\"font-size: 12pt;\">Zusammenwirken mit der Schule bei der Umsetzung des Bildungs- und <\/span><span style=\"font-size: 12pt;\"><span style=\"color: #000000;\">Erziehungsauftrages <\/span><\/span><\/li><li class=\"western\" style=\"letter-spacing: inherit;\"><span style=\"font-size: 12pt;\">Tr\u00e4gerverein bei der Umsetzung von Ganztagsangeboten<\/span><\/li><\/ul><h2 class=\"western\" style=\"letter-spacing: inherit;\" align=\"justify\"><span style=\"font-size: 12pt;\"><b>J\u00e4hrliche Aktivit\u00e4ten<\/b><\/span><\/h2><ul><li class=\"western\" style=\"letter-spacing: inherit;\"><span style=\"font-size: 12pt;\">Spende eines Weihnachtsbaumes des Baumarktes Hornbach <\/span><\/li><li class=\"western\" style=\"letter-spacing: inherit;\"><span style=\"font-size: 12pt;\">Anteilige Finanzierung des Weihnachtskinos<\/span><\/li><li class=\"western\" style=\"letter-spacing: inherit;\"><span style=\"font-size: 12pt;\">Unterst\u00fctzung der Finanzierung des Weihnachtsmarktes <\/span><\/li><li class=\"western\" style=\"letter-spacing: inherit;\"><span style=\"font-size: 12pt;\">Organisation der Altstoffsammlung f\u00fcr alle Klassen<\/span><\/li><li class=\"western\" style=\"letter-spacing: inherit;\"><span style=\"font-size: 12pt;\">Kauf von Urkunden und Medaillen f\u00fcr Wettbewerbe<\/span><\/li><li class=\"western\" style=\"letter-spacing: inherit;\"><span style=\"font-size: 12pt;\">Unterst\u00fctzung bei der Organisation des Kindertages<\/span><\/li><\/ul><h2 class=\"western\" style=\"letter-spacing: inherit;\" align=\"left\"><span style=\"font-size: 12pt;\"><span style=\"color: #000000;\"><b>Kontakt<\/b><\/span><\/span><\/h2><p class=\"western\" style=\"letter-spacing: inherit;\" align=\"left\"><span style=\"font-size: 12pt;\"><span style=\"color: #0000ff;\"><u><a class=\"western\" href=\"mailto:heike.guld@35gs.lernsax.de\"><span style=\"color: #000000;\"><span lang=\"zxx\">heike.guld@35gs.lernsax.de<\/span><\/span><\/a><\/u><\/span><\/span><\/p><p class=\"western\" style=\"letter-spacing: inherit;\" align=\"left\"><span style=\"font-size: 12pt;\"><span style=\"color: #0000ff;\"><u><a class=\"western\" href=\"mailto:beatrice.zerna@35.gs.lernsax.de\"><span style=\"color: #000000;\"><span lang=\"zxx\">beatrice.zerna@35.gs.lernsax.de<\/span><\/span><\/a><\/u><\/span> <\/span><\/p><p align=\"left\">&nbsp;<\/p><hr><p class=\"western\" style=\"letter-spacing: inherit;\" align=\"justify\"><em><span style=\"font-size: 14pt;\">Liebe Eltern und liebe Freunde des F\u00f6rdervereins der 35. Grundschule,<\/span><\/em><\/p><p class=\"western\" style=\"letter-spacing: inherit;\" align=\"justify\"><span style=\"font-size: 12pt;\">die vielf\u00e4ltigen Vorhaben bed\u00fcrfen einer gesicherten Finanzierung. Unser Verein finanziert sich ausschlie\u00dflich \u00fcber die Mitgliedsbeitr\u00e4ge und Spenden. <\/span><\/p><p class=\"western\" style=\"letter-spacing: inherit;\" align=\"justify\"><span style=\"font-size: 12pt;\">Mit dem Mitgliedsbeitrag von <b>10 Euro pro Jahr<\/b> kann jeder mithelfen, die Ziele des Vereins zu verwirklichen. <b>Somit sind etwa 80 Cent im Monat, ein f\u00fcr die Interessen unserer Kinder gut eingesetzter Betrag. Wir freuen uns auf Ihre Mitgliedschaft!<\/b><\/span><\/p><p class=\"western\" style=\"letter-spacing: inherit;\" align=\"justify\"><span style=\"font-size: 12pt;\"><b><em>Sprechen Sie uns an.<\/em> <\/b><\/span><\/p><p align=\"justify\">Den Antrag zur Mitgliedschaft finden Sie unter <a href=\"https:\/\/www.sachsen.schule\/~gs35dd\/index.php\/automatisch-gespeicherter-entwurf\/\">Downloads<\/a> oder direkt <a href=\"https:\/\/www.sachsen.schule\/~gs35dd\/wp-content\/uploads\/2024\/03\/Antrag_Mitgliedschaft.pdf\">hier<\/a>.<\/p><blockquote><p class=\"western\" style=\"letter-spacing: inherit; line-height: 0.5;\" align=\"justify\"><span style=\"font-size: 12pt;\"><b>Bankverbindung:<\/b><\/span><\/p><p class=\"western\" style=\"letter-spacing: inherit; line-height: 0.5;\" align=\"justify\"><span style=\"font-size: 12pt;\"><i><b>IBAN: DE 65 8505 0300 3200 0008 04<\/b><\/i><\/span><\/p><p class=\"western\" style=\"letter-spacing: inherit; line-height: 0.5;\" align=\"justify\"><span style=\"font-size: 12pt;\"><i><b>BIC: OSDDDE81XXX<\/b><\/i><\/span><\/p><\/blockquote><p class=\"western\" style=\"letter-spacing: inherit;\" align=\"justify\">&nbsp;<\/p><p class=\"western\" align=\"justify\"><em><span style=\"font-size: 12pt; letter-spacing: inherit;\">Der Vorstand des F\u00f6rdervereins<\/span><\/em><\/p><\/div><\/div><\/div><\/div><\/div><\/div><\/div><\/div>\n","protected":false},"excerpt":{"rendered":"<p>Der F\u00f6rderverein stellt sich vorDer F\u00f6rderverein 35. Grundschule Dresden-L\u00f6btau e.V. wurde im Jahr 1994 gegr\u00fcndet und ist seit 2011 im Vereinsregister des Amtsgerichtes Dresden eingetragen.Der VorstandVorsitzende: Heike Guld (Lehrerin), Verantwortliche f\u00fcr Finanzen: Beatrice Zerna (Lehrerin)Unsere ZielstellungenVerbesserung der Lern- und Lebensbedingungen an unsere Grundschule F\u00f6rderung des Zusammenlebens Zusammenwirken mit der Schule bei der Umsetzung des Bildungs- [&hellip;]<\/p>\n","protected":false},"author":1,"featured_media":0,"parent":59,"menu_order":0,"comment_status":"closed","ping_status":"closed","template":"","meta":[],"_links":{"self":[{"href":"https:\/\/www.sachsen.schule\/~gs35dd\/index.php\/wp-json\/wp\/v2\/pages\/301"}],"collection":[{"href":"https:\/\/www.sachsen.schule\/~gs35dd\/index.php\/wp-json\/wp\/v2\/pages"}],"about":[{"href":"https:\/\/www.sachsen.schule\/~gs35dd\/index.php\/wp-json\/wp\/v2\/types\/page"}],"author":[{"embeddable":true,"href":"https:\/\/www.sachsen.schule\/~gs35dd\/index.php\/wp-json\/wp\/v2\/users\/1"}],"replies":[{"embeddable":true,"href":"https:\/\/www.sachsen.schule\/~gs35dd\/index.php\/wp-json\/wp\/v2\/comments?post=301"}],"version-history":[{"count":5,"href":"https:\/\/www.sachsen.schule\/~gs35dd\/index.php\/wp-json\/wp\/v2\/pages\/301\/revisions"}],"predecessor-version":[{"id":437,"href":"https:\/\/www.sachsen.schule\/~gs35dd\/index.php\/wp-json\/wp\/v2\/pages\/301\/revisions\/437"}],"up":[{"embeddable":true,"href":"https:\/\/www.sachsen.schule\/~gs35dd\/index.php\/wp-json\/wp\/v2\/pages\/59"}],"wp:attachment":[{"href":"https:\/\/www.sachsen.schule\/~gs35dd\/index.php\/wp-json\/wp\/v2\/media?parent=301"}],"curies":[{"name":"wp","href":"https:\/\/api.w.org\/{rel}","templated":true}]}}