{"id":155,"date":"2021-10-28T00:30:06","date_gmt":"2021-10-27T22:30:06","guid":{"rendered":"https:\/\/www.sachsen.schule\/~gs35dd\/?page_id=155"},"modified":"2025-08-12T22:26:40","modified_gmt":"2025-08-12T20:26:40","slug":"155-2","status":"publish","type":"page","link":"https:\/\/www.sachsen.schule\/~gs35dd\/","title":{"rendered":""},"content":{"rendered":"<div class=\"vce-row-container\"><div class=\"vce-row vce-row--col-gap-30 vce-row-equal-height vce-row-content--top vcv-state--show-resizer\" data-vce-full-width=\"true\" data-vce-stretch-content=\"true\" id=\"el-414bc743\" data-vce-do-apply=\"all el-414bc743\"><div class=\"vce-row-content\" data-vce-element-content=\"true\"><div class=\"vce-col vce-col--md-auto vce-col--xs-1 vce-col--xs-last vce-col--xs-first vce-col--sm-last vce-col--sm-first vce-col--md-last vce-col--lg-last vce-col--xl-last vce-col--md-first vce-col--lg-first vce-col--xl-first\" id=\"el-1b977844\"><div class=\"vce-col-inner\" data-vce-do-apply=\"border margin background  el-1b977844\"><div class=\"vce-col-content\" data-vce-element-content=\"true\" data-vce-do-apply=\"padding el-1b977844\"><section class=\"vce-feature-section-container vce-feature-section-media--xs\"><div class=\"vce vce-feature-section vce-feature-section--min-height vce-feature-section-background-color--b3a694\" id=\"el-bc332803\" data-vce-do-apply=\"margin background border  el-bc332803\"><div class=\"vce-feature-section-image vce-feature-section-image--alignment-left vce-feature-section-image--background-position-center-center\" style=\"background-image: url('https:\/\/www.sachsen.schule\/~gs35dd\/wp-content\/uploads\/2021\/10\/school-tools-g0c550a739_1920.jpg');\"><\/div><div class=\"vce-feature-section-content\"><div class=\"vce-feature-section-content-container\" data-vce-do-apply=\"padding el-bc332803\"><div class=\"vce-feature-section-description\"><h3 class=\"p1\" style=\"margin-bottom: 0px; font-variant-numeric: normal; font-variant-east-asian: normal; font-stretch: normal; font-size: 12px; line-height: normal; font-family: Times; color: #000000; letter-spacing: normal;\"><span style=\"font-family: arial, helvetica, sans-serif; font-weight: bold; font-style: normal; font-size: 14pt;\">Ein herzliches Willkommen<\/span><\/h3><p style=\"line-height: 1.25;\"><span style=\"font-size: 12pt;\">Die 35. Grundschule \u201eHeinrich Graf von B\u00fcnau\u201c befindet sich im Herzen L\u00f6btaus, einem historischen bedeutsamen und zugleich aufstrebenden Stadtteil im S\u00fcdwesten von Dresden.<\/span><br><span style=\"font-size: 12pt;\">Unser Grundschule \u201eHeinrich Graf von B\u00fcnau\u201c ist ein freundlicher und einladender Ort, wo jede und jeder wichtig ist und sein einzigartiges Talent einbringen kann. Wir sind bestrebt, dass jedes Mitglied unserer Schulgemeinschaft sein Bestm\u00f6glichstes erreichen kann und sein Lerneifer f\u00fcr lebenslanges Lernen bef\u00f6rdert wird.<\/span><br><span style=\"font-size: 12pt;\">Wir laden Sie nun herzlich ein, sich auf den Internetseiten umzusehen und unsere Schule und das Schulleben konzeptionell kennenzulernen. Nach dem Schulleiterwechsel im Sommer 2025 werden wir Bew\u00e4hrtes beibehalten und Neuerungen einf\u00fchren.<\/span><br><span style=\"font-size: 12pt;\">Vielen Dank f\u00fcr Ihr Interesse.<\/span><br><em><span style=\"font-size: 12pt;\">Nico Br\u00f6m\u00dfer, Schulleiter<\/span><\/em><\/p><\/div><div class=\"vce-button--style-outline-container vce-button--style-outline-container--align-left\"><span class=\"vce-button--style-outline-wrapper vce\" id=\"el-1b4d293e\" data-vce-do-apply=\"margin el-1b4d293e\"><a class=\"vce-button--style-outline-animated vce-button--style-outline--border-round vce-button--style-outline--size-large vce-button--style-outline-animated--color-e3e3e3--fff--3d3d3d vce-button--style-outline-animated--border-color-e3e3e3--3d3d3d vce-button--style-outline-animated--background-color-3d3d3d\" href=\"https:\/\/www.sachsen.schule\/~gs35dd\/index.php\/unsere_schule\/aktuelles\/\" title=\"\" data-vce-do-apply=\"padding border background  el-1b4d293e\"><span class=\"vce-button--style-outline-text\">Aktuelles<\/span><\/a><\/span><\/div><\/div><\/div><\/div><\/section><\/div><\/div><\/div><\/div><\/div><\/div>\n","protected":false},"excerpt":{"rendered":"<p>Ein herzliches WillkommenDie 35. Grundschule \u201eHeinrich Graf von B\u00fcnau\u201c befindet sich im Herzen L\u00f6btaus, einem historischen bedeutsamen und zugleich aufstrebenden Stadtteil im S\u00fcdwesten von Dresden.Unser Grundschule \u201eHeinrich Graf von B\u00fcnau\u201c ist ein freundlicher und einladender Ort, wo jede und jeder wichtig ist und sein einzigartiges Talent einbringen kann. Wir sind bestrebt, dass jedes Mitglied unserer [&hellip;]<\/p>\n","protected":false},"author":1,"featured_media":0,"parent":0,"menu_order":0,"comment_status":"closed","ping_status":"closed","template":"","meta":[],"_links":{"self":[{"href":"https:\/\/www.sachsen.schule\/~gs35dd\/index.php\/wp-json\/wp\/v2\/pages\/155"}],"collection":[{"href":"https:\/\/www.sachsen.schule\/~gs35dd\/index.php\/wp-json\/wp\/v2\/pages"}],"about":[{"href":"https:\/\/www.sachsen.schule\/~gs35dd\/index.php\/wp-json\/wp\/v2\/types\/page"}],"author":[{"embeddable":true,"href":"https:\/\/www.sachsen.schule\/~gs35dd\/index.php\/wp-json\/wp\/v2\/users\/1"}],"replies":[{"embeddable":true,"href":"https:\/\/www.sachsen.schule\/~gs35dd\/index.php\/wp-json\/wp\/v2\/comments?post=155"}],"version-history":[{"count":7,"href":"https:\/\/www.sachsen.schule\/~gs35dd\/index.php\/wp-json\/wp\/v2\/pages\/155\/revisions"}],"predecessor-version":[{"id":475,"href":"https:\/\/www.sachsen.schule\/~gs35dd\/index.php\/wp-json\/wp\/v2\/pages\/155\/revisions\/475"}],"wp:attachment":[{"href":"https:\/\/www.sachsen.schule\/~gs35dd\/index.php\/wp-json\/wp\/v2\/media?parent=155"}],"curies":[{"name":"wp","href":"https:\/\/api.w.org\/{rel}","templated":true}]}}