{"id":743,"date":"2025-05-08T12:38:42","date_gmt":"2025-05-08T10:38:42","guid":{"rendered":"https:\/\/www.sachsen.schule\/~fsgb2dd\/?page_id=743"},"modified":"2025-09-29T20:59:16","modified_gmt":"2025-09-29T18:59:16","slug":"a6-praktika-und-freiwilligendienste","status":"publish","type":"page","link":"https:\/\/www.sachsen.schule\/~fsgb2dd\/?page_id=743","title":{"rendered":"Praktika und Freiwilligendienste"},"content":{"rendered":"\t\t<div data-elementor-type=\"wp-page\" data-elementor-id=\"743\" class=\"elementor elementor-743\">\n\t\t\t\t<div class=\"elementor-element elementor-element-6a1d654 e-flex e-con-boxed e-con e-parent\" data-id=\"6a1d654\" data-element_type=\"container\" data-e-type=\"container\" data-settings=\"{&quot;background_background&quot;:&quot;classic&quot;}\">\n\t\t\t\t\t<div class=\"e-con-inner\">\n\t\t\t\t<div class=\"elementor-element elementor-element-c5b2799 elementor-widget elementor-widget-heading\" data-id=\"c5b2799\" data-element_type=\"widget\" data-e-type=\"widget\" data-widget_type=\"heading.default\">\n\t\t\t\t<div class=\"elementor-widget-container\">\n\t\t\t\t\t<h3 class=\"elementor-heading-title elementor-size-default\">praxiserfahrung und Engagemant<\/h3>\t\t\t\t<\/div>\n\t\t\t\t<\/div>\n\t\t\t\t<div class=\"elementor-element elementor-element-3f48a53 elementor-widget elementor-widget-heading\" data-id=\"3f48a53\" data-element_type=\"widget\" data-e-type=\"widget\" data-widget_type=\"heading.default\">\n\t\t\t\t<div class=\"elementor-widget-container\">\n\t\t\t\t\t<h2 class=\"elementor-heading-title elementor-size-default\">Praktika und Freiwilligendienste<\/h2>\t\t\t\t<\/div>\n\t\t\t\t<\/div>\n\t\t\t\t<div class=\"elementor-element elementor-element-ff8e3db elementor-widget-divider--view-line elementor-widget elementor-widget-divider\" data-id=\"ff8e3db\" data-element_type=\"widget\" data-e-type=\"widget\" data-widget_type=\"divider.default\">\n\t\t\t\t<div class=\"elementor-widget-container\">\n\t\t\t\t\t\t\t<div class=\"elementor-divider\">\n\t\t\t<span class=\"elementor-divider-separator\">\n\t\t\t\t\t\t<\/span>\n\t\t<\/div>\n\t\t\t\t\t\t<\/div>\n\t\t\t\t<\/div>\n\t\t\t\t<div class=\"elementor-element elementor-element-9595881 elementor-widget elementor-widget-text-editor\" data-id=\"9595881\" data-element_type=\"widget\" data-e-type=\"widget\" data-widget_type=\"text-editor.default\">\n\t\t\t\t<div class=\"elementor-widget-container\">\n\t\t\t\t\t\t\t\t\t<p>An unserer Schule k\u00f6nnen unterschiedliche Praktika absolviert werden. Je nach Praktikumsart muss zur Bewerbung ein eigener Verfahrensweg beschritten werden:\u00a0<\/p>\t\t\t\t\t\t\t\t<\/div>\n\t\t\t\t<\/div>\n\t\t\t\t\t<\/div>\n\t\t\t\t<\/div>\n\t\t<div class=\"elementor-element elementor-element-5c2fb82 e-flex e-con-boxed e-con e-parent\" data-id=\"5c2fb82\" data-element_type=\"container\" data-e-type=\"container\" data-settings=\"{&quot;background_background&quot;:&quot;classic&quot;}\">\n\t\t\t\t\t<div class=\"e-con-inner\">\n\t\t<div class=\"elementor-element elementor-element-a4f4f4d e-con-full e-flex elementor-invisible e-con e-child\" data-id=\"a4f4f4d\" data-element_type=\"container\" data-e-type=\"container\" data-settings=\"{&quot;background_background&quot;:&quot;classic&quot;,&quot;animation&quot;:&quot;fadeIn&quot;,&quot;animation_delay&quot;:200}\">\n\t\t\t\t<div class=\"elementor-element elementor-element-5479f90 elementor-widget elementor-widget-heading\" data-id=\"5479f90\" data-element_type=\"widget\" data-e-type=\"widget\" data-widget_type=\"heading.default\">\n\t\t\t\t<div class=\"elementor-widget-container\">\n\t\t\t\t\t<h3 class=\"elementor-heading-title elementor-size-default\">Lehramtsstudenten<\/h3>\t\t\t\t<\/div>\n\t\t\t\t<\/div>\n\t\t\t\t<div class=\"elementor-element elementor-element-14d9183 elementor-widget__width-initial elementor-widget elementor-widget-heading\" data-id=\"14d9183\" data-element_type=\"widget\" data-e-type=\"widget\" data-widget_type=\"heading.default\">\n\t\t\t\t<div class=\"elementor-widget-container\">\n\t\t\t\t\t<h2 class=\"elementor-heading-title elementor-size-default\">Vor und w\u00e4hrend des Studiums<\/h2>\t\t\t\t<\/div>\n\t\t\t\t<\/div>\n\t\t\t\t<div class=\"elementor-element elementor-element-f00772d elementor-widget elementor-widget-text-editor\" data-id=\"f00772d\" data-element_type=\"widget\" data-e-type=\"widget\" data-widget_type=\"text-editor.default\">\n\t\t\t\t<div class=\"elementor-widget-container\">\n\t\t\t\t\t\t\t\t\t<p><strong>Lehramtsstudenten<\/strong> werden unserer Schule zur Absolvierung von <strong>bildungswissenschaftlichen und fachdidaktischen Blockpraktik<\/strong>a \u00fcber das Praktikumsportal Sachsen zugewiesen.<\/p><p><strong>Lehramtsstudenten im Vorbereitungsdienst<\/strong> werden unserer Schule durch das Landesamt f\u00fcr Schule und Bildung zugewiesen.<\/p>\t\t\t\t\t\t\t\t<\/div>\n\t\t\t\t<\/div>\n\t\t\t\t<\/div>\n\t\t<div class=\"elementor-element elementor-element-6670035 e-con-full e-flex elementor-invisible e-con e-child\" data-id=\"6670035\" data-element_type=\"container\" data-e-type=\"container\" data-settings=\"{&quot;animation_delay&quot;:100,&quot;animation&quot;:&quot;fadeIn&quot;}\">\n\t\t\t\t<div class=\"elementor-element elementor-element-af0b0b2 elementor-widget__width-initial elementor-widget elementor-widget-image\" data-id=\"af0b0b2\" data-element_type=\"widget\" data-e-type=\"widget\" data-widget_type=\"image.default\">\n\t\t\t\t<div class=\"elementor-widget-container\">\n\t\t\t\t\t\t\t\t\t\t\t\t\t\t\t<img fetchpriority=\"high\" decoding=\"async\" width=\"768\" height=\"1152\" src=\"https:\/\/www.sachsen.schule\/~fsgb2dd\/wp-content\/uploads\/2025\/05\/kollegen-lesen-wahrend-der-lernsitzung-mit-einem-laptop-768x1152.jpg\" class=\"attachment-medium_large size-medium_large wp-image-1130\" alt=\"\" srcset=\"https:\/\/www.sachsen.schule\/~fsgb2dd\/wp-content\/uploads\/2025\/05\/kollegen-lesen-wahrend-der-lernsitzung-mit-einem-laptop-768x1152.jpg 768w, https:\/\/www.sachsen.schule\/~fsgb2dd\/wp-content\/uploads\/2025\/05\/kollegen-lesen-wahrend-der-lernsitzung-mit-einem-laptop-200x300.jpg 200w, https:\/\/www.sachsen.schule\/~fsgb2dd\/wp-content\/uploads\/2025\/05\/kollegen-lesen-wahrend-der-lernsitzung-mit-einem-laptop-683x1024.jpg 683w, https:\/\/www.sachsen.schule\/~fsgb2dd\/wp-content\/uploads\/2025\/05\/kollegen-lesen-wahrend-der-lernsitzung-mit-einem-laptop-1024x1536.jpg 1024w, https:\/\/www.sachsen.schule\/~fsgb2dd\/wp-content\/uploads\/2025\/05\/kollegen-lesen-wahrend-der-lernsitzung-mit-einem-laptop-1365x2048.jpg 1365w, https:\/\/www.sachsen.schule\/~fsgb2dd\/wp-content\/uploads\/2025\/05\/kollegen-lesen-wahrend-der-lernsitzung-mit-einem-laptop-scaled.jpg 1707w\" sizes=\"(max-width: 768px) 100vw, 768px\" \/>\t\t\t\t\t\t\t\t\t\t\t\t\t\t\t<\/div>\n\t\t\t\t<\/div>\n\t\t\t\t<\/div>\n\t\t\t\t\t<\/div>\n\t\t\t\t<\/div>\n\t\t<div class=\"elementor-element elementor-element-3815a9f e-flex e-con-boxed e-con e-parent\" data-id=\"3815a9f\" data-element_type=\"container\" data-e-type=\"container\" data-settings=\"{&quot;background_background&quot;:&quot;classic&quot;}\">\n\t\t\t\t\t<div class=\"e-con-inner\">\n\t\t<div class=\"elementor-element elementor-element-2bca772 e-con-full e-flex elementor-invisible e-con e-child\" data-id=\"2bca772\" data-element_type=\"container\" data-e-type=\"container\" data-settings=\"{&quot;animation_delay&quot;:100,&quot;animation&quot;:&quot;fadeIn&quot;}\">\n\t\t\t\t<div class=\"elementor-element elementor-element-b8d0075 elementor-widget__width-initial elementor-widget elementor-widget-image\" data-id=\"b8d0075\" data-element_type=\"widget\" data-e-type=\"widget\" data-widget_type=\"image.default\">\n\t\t\t\t<div class=\"elementor-widget-container\">\n\t\t\t\t\t\t\t\t\t\t\t\t\t\t\t<img decoding=\"async\" width=\"768\" height=\"1152\" src=\"https:\/\/www.sachsen.schule\/~fsgb2dd\/wp-content\/uploads\/2025\/05\/freepik-seitenansichtkinder-die-kekse-essen-768x1152.jpg\" class=\"attachment-medium_large size-medium_large wp-image-1131\" alt=\"\" srcset=\"https:\/\/www.sachsen.schule\/~fsgb2dd\/wp-content\/uploads\/2025\/05\/freepik-seitenansichtkinder-die-kekse-essen-768x1152.jpg 768w, https:\/\/www.sachsen.schule\/~fsgb2dd\/wp-content\/uploads\/2025\/05\/freepik-seitenansichtkinder-die-kekse-essen-200x300.jpg 200w, https:\/\/www.sachsen.schule\/~fsgb2dd\/wp-content\/uploads\/2025\/05\/freepik-seitenansichtkinder-die-kekse-essen-683x1024.jpg 683w, https:\/\/www.sachsen.schule\/~fsgb2dd\/wp-content\/uploads\/2025\/05\/freepik-seitenansichtkinder-die-kekse-essen-1024x1536.jpg 1024w, https:\/\/www.sachsen.schule\/~fsgb2dd\/wp-content\/uploads\/2025\/05\/freepik-seitenansichtkinder-die-kekse-essen-1365x2048.jpg 1365w, https:\/\/www.sachsen.schule\/~fsgb2dd\/wp-content\/uploads\/2025\/05\/freepik-seitenansichtkinder-die-kekse-essen-scaled.jpg 1707w\" sizes=\"(max-width: 768px) 100vw, 768px\" \/>\t\t\t\t\t\t\t\t\t\t\t\t\t\t\t<\/div>\n\t\t\t\t<\/div>\n\t\t\t\t<\/div>\n\t\t<div class=\"elementor-element elementor-element-81b10a2 e-con-full e-flex elementor-invisible e-con e-child\" data-id=\"81b10a2\" data-element_type=\"container\" data-e-type=\"container\" data-settings=\"{&quot;background_background&quot;:&quot;classic&quot;,&quot;animation&quot;:&quot;fadeIn&quot;,&quot;animation_delay&quot;:200}\">\n\t\t\t\t<div class=\"elementor-element elementor-element-d744abd elementor-widget elementor-widget-heading\" data-id=\"d744abd\" data-element_type=\"widget\" data-e-type=\"widget\" data-widget_type=\"heading.default\">\n\t\t\t\t<div class=\"elementor-widget-container\">\n\t\t\t\t\t<h3 class=\"elementor-heading-title elementor-size-default\">Sozialassistenten - Erzieher - Heilerzieher<\/h3>\t\t\t\t<\/div>\n\t\t\t\t<\/div>\n\t\t\t\t<div class=\"elementor-element elementor-element-91943b8 elementor-widget elementor-widget-heading\" data-id=\"91943b8\" data-element_type=\"widget\" data-e-type=\"widget\" data-widget_type=\"heading.default\">\n\t\t\t\t<div class=\"elementor-widget-container\">\n\t\t\t\t\t<h2 class=\"elementor-heading-title elementor-size-default\">W\u00e4hrend der Berufsausbildung<\/h2>\t\t\t\t<\/div>\n\t\t\t\t<\/div>\n\t\t\t\t<div class=\"elementor-element elementor-element-246238c elementor-widget elementor-widget-text-editor\" data-id=\"246238c\" data-element_type=\"widget\" data-e-type=\"widget\" data-widget_type=\"text-editor.default\">\n\t\t\t\t<div class=\"elementor-widget-container\">\n\t\t\t\t\t\t\t\t\t<p>Wir unterst\u00fctzen und begleiten Praktikanten w\u00e4hrend ihrer berufspraktischen Ausbildung in den Ausbildungsrichtungen Sozialassistent, Erzieher und Heilerziehungspfleger. Voraussetzungen sind das erreichte 18. Lebensjahr sowie eine entsprechende Berufsschule.<\/p><p><span style=\"font-style: inherit; font-weight: inherit;\">Bitte reichen Sie per Mail (<a href=\"mailto:praktikum@robinson.lernsax.de\">praktikum@robinson.lernsax.de<\/a>) folgende Unterlagen ein: <br \/><\/span>&#8211;\u00a0 Bewerbung (Ausbildungsjahr, Ausbildungsrichtung, Praktikumszeitraum)<span style=\"font-size: 16px;\"><br \/>&#8211;\u00a0 <\/span>Lebenslauf<\/p><p>Unsere Praktikumsverantwortlichen Frau Degenkolbe-Engel und Frau Stumberger nehmen Kontakt zu Ihnen auf.<\/p>\t\t\t\t\t\t\t\t<\/div>\n\t\t\t\t<\/div>\n\t\t\t\t<\/div>\n\t\t\t\t\t<\/div>\n\t\t\t\t<\/div>\n\t\t<div class=\"elementor-element elementor-element-fe253f1 e-flex e-con-boxed e-con e-parent\" data-id=\"fe253f1\" data-element_type=\"container\" data-e-type=\"container\" data-settings=\"{&quot;background_background&quot;:&quot;classic&quot;}\">\n\t\t\t\t\t<div class=\"e-con-inner\">\n\t\t<div class=\"elementor-element elementor-element-d63a6f3 e-con-full e-flex elementor-invisible e-con e-child\" data-id=\"d63a6f3\" data-element_type=\"container\" data-e-type=\"container\" data-settings=\"{&quot;background_background&quot;:&quot;classic&quot;,&quot;animation&quot;:&quot;fadeIn&quot;,&quot;animation_delay&quot;:100}\">\n\t\t\t\t<div class=\"elementor-element elementor-element-88c3507 elementor-widget elementor-widget-heading\" data-id=\"88c3507\" data-element_type=\"widget\" data-e-type=\"widget\" data-widget_type=\"heading.default\">\n\t\t\t\t<div class=\"elementor-widget-container\">\n\t\t\t\t\t<h3 class=\"elementor-heading-title elementor-size-default\">Freiwilliges Soziales Jahhr<\/h3>\t\t\t\t<\/div>\n\t\t\t\t<\/div>\n\t\t\t\t<div class=\"elementor-element elementor-element-65fc549 elementor-widget elementor-widget-heading\" data-id=\"65fc549\" data-element_type=\"widget\" data-e-type=\"widget\" data-widget_type=\"heading.default\">\n\t\t\t\t<div class=\"elementor-widget-container\">\n\t\t\t\t\t<h2 class=\"elementor-heading-title elementor-size-default\">FSJ<\/h2>\t\t\t\t<\/div>\n\t\t\t\t<\/div>\n\t\t\t\t<div class=\"elementor-element elementor-element-b207f74 elementor-widget elementor-widget-text-editor\" data-id=\"b207f74\" data-element_type=\"widget\" data-e-type=\"widget\" data-widget_type=\"text-editor.default\">\n\t\t\t\t<div class=\"elementor-widget-container\">\n\t\t\t\t\t\t\t\t\t<p>Senden Sie Ihre Bewerbungsunterlagen unter Angabe des Einsatzwunschortes \u00fcber <a href=\"http:\/\/www.fsj-paedagogik.de\">www.fsj-paedagogik.de<\/a> an die Deutsche Kinder- und Jugendstiftung GmbH, welche den Einsatz aller FSJler koordiniert und finanziert.<\/p><p>Bewerbungsschluss f\u00fcr das kommende Schuljahr ist jeweils ca. Mitte April.<\/p>\t\t\t\t\t\t\t\t<\/div>\n\t\t\t\t<\/div>\n\t\t\t\t<div class=\"elementor-element elementor-element-3780ef3 elementor-widget elementor-widget-text-editor\" data-id=\"3780ef3\" data-element_type=\"widget\" data-e-type=\"widget\" data-widget_type=\"text-editor.default\">\n\t\t\t\t<div class=\"elementor-widget-container\">\n\t\t\t\t\t\t\t\t\t<p><strong>Gleichzeitig<\/strong> senden Sie Ihre Bewerbung (Lebenslauf, Motivation) an unsere Schule \u00fcber <a href=\"mailto:foe_gb@dresdner-schulen.de\">foe_gb@dresdner-schulen.de.\u00a0<\/a><br \/><br \/>Wir vereinbaren einen Kennenlerntag mit Ihnen.<\/p>\t\t\t\t\t\t\t\t<\/div>\n\t\t\t\t<\/div>\n\t\t\t\t<\/div>\n\t\t<div class=\"elementor-element elementor-element-94eb60d e-con-full e-flex elementor-invisible e-con e-child\" data-id=\"94eb60d\" data-element_type=\"container\" data-e-type=\"container\" data-settings=\"{&quot;animation_delay&quot;:200,&quot;animation&quot;:&quot;fadeIn&quot;}\">\n\t\t\t\t<div class=\"elementor-element elementor-element-6a41f39 elementor-widget elementor-widget-image\" data-id=\"6a41f39\" data-element_type=\"widget\" data-e-type=\"widget\" data-widget_type=\"image.default\">\n\t\t\t\t<div class=\"elementor-widget-container\">\n\t\t\t\t\t\t\t\t\t\t\t\t\t\t\t<img decoding=\"async\" width=\"768\" height=\"1156\" src=\"https:\/\/www.sachsen.schule\/~fsgb2dd\/wp-content\/uploads\/2025\/05\/freepik-drei-schwestern-die-spass-zusammen-im-park-haben-768x1156.jpg\" class=\"attachment-medium_large size-medium_large wp-image-1132\" alt=\"\" srcset=\"https:\/\/www.sachsen.schule\/~fsgb2dd\/wp-content\/uploads\/2025\/05\/freepik-drei-schwestern-die-spass-zusammen-im-park-haben-768x1156.jpg 768w, https:\/\/www.sachsen.schule\/~fsgb2dd\/wp-content\/uploads\/2025\/05\/freepik-drei-schwestern-die-spass-zusammen-im-park-haben-199x300.jpg 199w, https:\/\/www.sachsen.schule\/~fsgb2dd\/wp-content\/uploads\/2025\/05\/freepik-drei-schwestern-die-spass-zusammen-im-park-haben-680x1024.jpg 680w, https:\/\/www.sachsen.schule\/~fsgb2dd\/wp-content\/uploads\/2025\/05\/freepik-drei-schwestern-die-spass-zusammen-im-park-haben-1020x1536.jpg 1020w, https:\/\/www.sachsen.schule\/~fsgb2dd\/wp-content\/uploads\/2025\/05\/freepik-drei-schwestern-die-spass-zusammen-im-park-haben-1360x2048.jpg 1360w, https:\/\/www.sachsen.schule\/~fsgb2dd\/wp-content\/uploads\/2025\/05\/freepik-drei-schwestern-die-spass-zusammen-im-park-haben-scaled.jpg 1700w\" sizes=\"(max-width: 768px) 100vw, 768px\" \/>\t\t\t\t\t\t\t\t\t\t\t\t\t\t\t<\/div>\n\t\t\t\t<\/div>\n\t\t\t\t<\/div>\n\t\t\t\t\t<\/div>\n\t\t\t\t<\/div>\n\t\t<div class=\"elementor-element elementor-element-d7f1a45 e-flex e-con-boxed e-con e-parent\" data-id=\"d7f1a45\" data-element_type=\"container\" data-e-type=\"container\" data-settings=\"{&quot;background_background&quot;:&quot;classic&quot;}\">\n\t\t\t\t\t<div class=\"e-con-inner\">\n\t\t<div class=\"elementor-element elementor-element-84c437a e-con-full e-flex elementor-invisible e-con e-child\" data-id=\"84c437a\" data-element_type=\"container\" data-e-type=\"container\" data-settings=\"{&quot;background_background&quot;:&quot;classic&quot;,&quot;animation&quot;:&quot;fadeIn&quot;,&quot;animation_delay&quot;:100}\">\n\t\t\t\t<div class=\"elementor-element elementor-element-5f8e494 elementor-widget elementor-widget-heading\" data-id=\"5f8e494\" data-element_type=\"widget\" data-e-type=\"widget\" data-widget_type=\"heading.default\">\n\t\t\t\t<div class=\"elementor-widget-container\">\n\t\t\t\t\t<h3 class=\"elementor-heading-title elementor-size-default\">Bundesfreiwilligendienst<\/h3>\t\t\t\t<\/div>\n\t\t\t\t<\/div>\n\t\t\t\t<div class=\"elementor-element elementor-element-7959d45 elementor-widget elementor-widget-heading\" data-id=\"7959d45\" data-element_type=\"widget\" data-e-type=\"widget\" data-widget_type=\"heading.default\">\n\t\t\t\t<div class=\"elementor-widget-container\">\n\t\t\t\t\t<h2 class=\"elementor-heading-title elementor-size-default\">BFD<\/h2>\t\t\t\t<\/div>\n\t\t\t\t<\/div>\n\t\t\t\t<div class=\"elementor-element elementor-element-609cb05 elementor-widget elementor-widget-text-editor\" data-id=\"609cb05\" data-element_type=\"widget\" data-e-type=\"widget\" data-widget_type=\"text-editor.default\">\n\t\t\t\t<div class=\"elementor-widget-container\">\n\t\t\t\t\t\t\t\t\t<p>Senden Sie Ihre Bewerbung (Lebeslauf, Motivation) an:<br \/><a href=\"mailto:foe_gb@dresdner-schulen.de\">foe_gb@dresdner-schulen.de<\/a><br \/>Wir vereinbaren einen Kennenlerntag mit Ihnen.<\/p><p>Im Anschluss bereiten wir gemeinsam eine Vereinbarung zum Bundesfreiwilligendienst vor, die \u00fcber das Haupt- und Personalamt der Landeshauptstadt Dresden mit dem Bundesamt f\u00fcr Familie und zivilgesellschaftliche Aufgaben als Kostentr\u00e4ger abgeschlossen wird.<\/p>\t\t\t\t\t\t\t\t<\/div>\n\t\t\t\t<\/div>\n\t\t\t\t<\/div>\n\t\t<div class=\"elementor-element elementor-element-209d080 e-con-full e-flex e-con e-child\" data-id=\"209d080\" data-element_type=\"container\" data-e-type=\"container\">\n\t\t\t\t<div class=\"elementor-element elementor-element-2121bb2 elementor-invisible elementor-widget elementor-widget-image\" data-id=\"2121bb2\" data-element_type=\"widget\" data-e-type=\"widget\" data-settings=\"{&quot;_animation&quot;:&quot;fadeIn&quot;,&quot;_animation_delay&quot;:100}\" data-widget_type=\"image.default\">\n\t\t\t\t<div class=\"elementor-widget-container\">\n\t\t\t\t\t\t\t\t\t\t\t\t\t\t\t<img loading=\"lazy\" decoding=\"async\" width=\"768\" height=\"1151\" src=\"https:\/\/www.sachsen.schule\/~fsgb2dd\/wp-content\/uploads\/2025\/05\/freepik-lehren-wie-das-tierleben-im-wald-aussieht-768x1151.jpg\" class=\"attachment-medium_large size-medium_large wp-image-1133\" alt=\"\" srcset=\"https:\/\/www.sachsen.schule\/~fsgb2dd\/wp-content\/uploads\/2025\/05\/freepik-lehren-wie-das-tierleben-im-wald-aussieht-768x1151.jpg 768w, https:\/\/www.sachsen.schule\/~fsgb2dd\/wp-content\/uploads\/2025\/05\/freepik-lehren-wie-das-tierleben-im-wald-aussieht-200x300.jpg 200w, https:\/\/www.sachsen.schule\/~fsgb2dd\/wp-content\/uploads\/2025\/05\/freepik-lehren-wie-das-tierleben-im-wald-aussieht-683x1024.jpg 683w, https:\/\/www.sachsen.schule\/~fsgb2dd\/wp-content\/uploads\/2025\/05\/freepik-lehren-wie-das-tierleben-im-wald-aussieht-1025x1536.jpg 1025w, https:\/\/www.sachsen.schule\/~fsgb2dd\/wp-content\/uploads\/2025\/05\/freepik-lehren-wie-das-tierleben-im-wald-aussieht-1367x2048.jpg 1367w, https:\/\/www.sachsen.schule\/~fsgb2dd\/wp-content\/uploads\/2025\/05\/freepik-lehren-wie-das-tierleben-im-wald-aussieht-scaled.jpg 1708w\" sizes=\"(max-width: 768px) 100vw, 768px\" \/>\t\t\t\t\t\t\t\t\t\t\t\t\t\t\t<\/div>\n\t\t\t\t<\/div>\n\t\t\t\t<\/div>\n\t\t\t\t\t<\/div>\n\t\t\t\t<\/div>\n\t\t\t\t<\/div>\n\t\t","protected":false},"excerpt":{"rendered":"<p>praxiserfahrung und Engagemant Praktika und Freiwilligendienste An unserer Schule k\u00f6nnen unterschiedliche Praktika absolviert werden. Je nach Praktikumsart muss zur Bewerbung [&hellip;]<\/p>\n","protected":false},"author":4,"featured_media":0,"parent":0,"menu_order":600,"comment_status":"closed","ping_status":"closed","template":"","meta":{"site-sidebar-layout":"no-sidebar","site-content-layout":"","ast-site-content-layout":"full-width-container","site-content-style":"default","site-sidebar-style":"default","ast-global-header-display":"","ast-banner-title-visibility":"","ast-main-header-display":"","ast-hfb-above-header-display":"","ast-hfb-below-header-display":"","ast-hfb-mobile-header-display":"","site-post-title":"disabled","ast-breadcrumbs-content":"","ast-featured-img":"disabled","footer-sml-layout":"","theme-transparent-header-meta":"","adv-header-id-meta":"","stick-header-meta":"","header-above-stick-meta":"","header-main-stick-meta":"","header-below-stick-meta":"","astra-migrate-meta-layouts":"default","ast-page-background-enabled":"default","ast-page-background-meta":{"desktop":{"background-color":"var(--ast-global-color-5)","background-image":"","background-repeat":"repeat","background-position":"center center","background-size":"auto","background-attachment":"scroll","background-type":"","background-media":"","overlay-type":"","overlay-color":"","overlay-opacity":"","overlay-gradient":""},"tablet":{"background-color":"","background-image":"","background-repeat":"repeat","background-position":"center center","background-size":"auto","background-attachment":"scroll","background-type":"","background-media":"","overlay-type":"","overlay-color":"","overlay-opacity":"","overlay-gradient":""},"mobile":{"background-color":"","background-image":"","background-repeat":"repeat","background-position":"center center","background-size":"auto","background-attachment":"scroll","background-type":"","background-media":"","overlay-type":"","overlay-color":"","overlay-opacity":"","overlay-gradient":""}},"ast-content-background-meta":{"desktop":{"background-color":"var(--ast-global-color-4)","background-image":"","background-repeat":"repeat","background-position":"center center","background-size":"auto","background-attachment":"scroll","background-type":"","background-media":"","overlay-type":"","overlay-color":"","overlay-opacity":"","overlay-gradient":""},"tablet":{"background-color":"var(--ast-global-color-4)","background-image":"","background-repeat":"repeat","background-position":"center center","background-size":"auto","background-attachment":"scroll","background-type":"","background-media":"","overlay-type":"","overlay-color":"","overlay-opacity":"","overlay-gradient":""},"mobile":{"background-color":"var(--ast-global-color-4)","background-image":"","background-repeat":"repeat","background-position":"center center","background-size":"auto","background-attachment":"scroll","background-type":"","background-media":"","overlay-type":"","overlay-color":"","overlay-opacity":"","overlay-gradient":""}},"footnotes":""},"class_list":["post-743","page","type-page","status-publish","hentry"],"_links":{"self":[{"href":"https:\/\/www.sachsen.schule\/~fsgb2dd\/index.php?rest_route=\/wp\/v2\/pages\/743","targetHints":{"allow":["GET"]}}],"collection":[{"href":"https:\/\/www.sachsen.schule\/~fsgb2dd\/index.php?rest_route=\/wp\/v2\/pages"}],"about":[{"href":"https:\/\/www.sachsen.schule\/~fsgb2dd\/index.php?rest_route=\/wp\/v2\/types\/page"}],"author":[{"embeddable":true,"href":"https:\/\/www.sachsen.schule\/~fsgb2dd\/index.php?rest_route=\/wp\/v2\/users\/4"}],"replies":[{"embeddable":true,"href":"https:\/\/www.sachsen.schule\/~fsgb2dd\/index.php?rest_route=%2Fwp%2Fv2%2Fcomments&post=743"}],"version-history":[{"count":83,"href":"https:\/\/www.sachsen.schule\/~fsgb2dd\/index.php?rest_route=\/wp\/v2\/pages\/743\/revisions"}],"predecessor-version":[{"id":1544,"href":"https:\/\/www.sachsen.schule\/~fsgb2dd\/index.php?rest_route=\/wp\/v2\/pages\/743\/revisions\/1544"}],"wp:attachment":[{"href":"https:\/\/www.sachsen.schule\/~fsgb2dd\/index.php?rest_route=%2Fwp%2Fv2%2Fmedia&parent=743"}],"curies":[{"name":"wp","href":"https:\/\/api.w.org\/{rel}","templated":true}]}}