{"id":678,"date":"2025-05-06T14:09:17","date_gmt":"2025-05-06T12:09:17","guid":{"rendered":"https:\/\/www.sachsen.schule\/~fsgb2dd\/?page_id=678"},"modified":"2025-05-27T21:04:26","modified_gmt":"2025-05-27T19:04:26","slug":"a-datenschutzerklaerung","status":"publish","type":"page","link":"https:\/\/www.sachsen.schule\/~fsgb2dd\/?page_id=678","title":{"rendered":"Datenschutzerkl\u00e4rung"},"content":{"rendered":"\t\t<div data-elementor-type=\"wp-page\" data-elementor-id=\"678\" class=\"elementor elementor-678\">\n\t\t\t\t<div class=\"elementor-element elementor-element-032ffbd e-flex e-con-boxed e-con e-parent\" data-id=\"032ffbd\" data-element_type=\"container\" data-e-type=\"container\">\n\t\t\t\t\t<div class=\"e-con-inner\">\n\t\t\t\t<div class=\"elementor-element elementor-element-ccbce24 elementor-widget elementor-widget-text-editor\" data-id=\"ccbce24\" data-element_type=\"widget\" data-e-type=\"widget\" data-widget_type=\"text-editor.default\">\n\t\t\t\t<div class=\"elementor-widget-container\">\n\t\t\t\t\t\t\t\t\t<h2>Datenschutzerkl\u00e4rung<\/h2><p style=\"font-weight: 400;\"><b><strong>Allgemein<\/strong><\/b><\/p><p style=\"font-weight: 400;\">Die Betreiber dieser Seiten nehmen den Schutz Ihrer personenbezogenen Daten sehr ernst. Wir behandeln Ihre personenbezogenen Daten vertraulich und entsprechend der gesetzlichen Datenschutzvorschriften sowie dieser Datenschutzerkl\u00e4rung.<\/p><p style=\"font-weight: 400;\"><b><strong>Verantwortlicher gem. Art. 4 Abs. 7 Datenschutz-Grundverordnung (DSGVO)<\/strong><\/b><\/p><p style=\"font-weight: 400;\">Robinsonschule Dresden<br \/>Schule mit dem F\u00f6rderschwerpunkt geistige Entwicklung<br \/>Schweizer Stra\u00dfe 7<br \/>01069 Dresden<\/p><p style=\"font-weight: 400;\">Mail: foe_gb@dresdner-schulen.de<\/p><p style=\"font-weight: 400;\"><b><strong>Datenschutzbeauftragter<\/strong><\/b><\/p><p style=\"font-weight: 400;\">Landesamt f\u00fcr Schule und Bildung<br \/>Datenschutzbeauftragter f\u00fcr die \u00f6ffentlichen Schulen<br \/><span style=\"color: #000000;\"><span style=\"font-style: inherit; font-family: var( --e-global-typography-text-font-family ), Sans-serif; text-align: var(--text-align); background-color: var(--ast-global-color-4);\">Dresdner Stra\u00dfe 78 c<br \/><\/span><span style=\"font-style: inherit; font-family: var( --e-global-typography-text-font-family ), Sans-serif; text-align: var(--text-align); background-color: var(--ast-global-color-4);\">01445 Radebeul<br \/><\/span><span style=\"font-style: inherit; font-family: var( --e-global-typography-text-font-family ), Sans-serif; text-align: var(--text-align); background-color: var(--ast-global-color-4);\">E-Mail: dsgvo@lasub.smk.sachsen.de<\/span><\/span><\/p><p style=\"font-weight: 400;\"><b><strong>Erhebung und Speicherung personenbezogener Daten sowie Art und Zweck der Verwendung<\/strong><\/b><\/p><p style=\"font-weight: 400;\">Die Nutzung der Webseiten ist in der Regel ohne Angabe personenbezogener Daten m\u00f6glich. Soweit auf den Seiten personenbezogene Daten (beispielsweise Name, Anschrift oder E-Mail-Adresse) erhoben werden, erfolgt dies, soweit m\u00f6glich, stets auf freiwilliger Basis. Diese Daten werden ohne Ihre ausdr\u00fcckliche Zustimmung nicht an Dritte weitergegeben. Die im Rahmen der vorbeschriebenen Datenverarbeitung gespeicherten Daten befinden sich ausschlie\u00dflich auf Servern innerhalb der Bundesrepublik Deutschland, die gegen den Zugriff unberechtigter Dritter gesch\u00fctzt sind. Der Provider der Seiten erhebt und speichert automatisch Informationen in sogenannten Server-Log Files, die ihr Browser automatisch an uns \u00fcbermittelt.<\/p><p style=\"font-weight: 400;\">Dies sind:<\/p><ul style=\"font-weight: 400;\"><li>Browsertyp und Browserversion<\/li><li>verwendetes Betriebssystem<\/li><li>verweisende URL (Referrer)<\/li><li>Hostname des zugreifenden Rechners<\/li><li>Uhrzeit der Serveranfrage<\/li><\/ul><p style=\"font-weight: 400;\">Die Server-Log-Files rotieren \u00fcber einen Zeitraum von 10 Tagen und werden anschlie\u00dfend vom Server gel\u00f6scht, sind aber noch kurzzeitig im Backup verf\u00fcgbar.<\/p><p style=\"font-weight: 400;\">Bei Zugriffen auf den Bildungsserver werden personenbezogenen Daten gem\u00e4\u00df \u00a7 15 Abs.1 TMG verarbeitet. Lediglich zur Behebung von technischen Problemen oder im Falle von unzul\u00e4ssigen Zugriffen bzw. Zugriffsversuchen auf den Bildungsserver behalten wir uns vor, unter Zuhilfenahme einzelner Datens\u00e4tze eine Herleitung personenbezogener Daten zu veranlassen. Unser berechtigtes Interesse folgt aus dem Zweck, ein funktionsf\u00e4higes und st\u00f6rungsfreies Internetangebot zur Verf\u00fcgung zu stellen. Die Daten werden in einer Protokolldatei gespeichert und unverz\u00fcglich nach der Behebung des technischen Problems bzw. nach Aufkl\u00e4rung von unzul\u00e4ssigen Zugriffen\/Zugriffsversuchen gel\u00f6scht.<\/p><p style=\"font-weight: 400;\">Wenn Sie uns per Kontaktformular Anfragen zukommen lassen, werden Ihre Angaben aus dem Antragsformular inklusive der von Ihnen dort angegebenen Kontaktdaten zwecks Bearbeitung der Anfrage und f\u00fcr den Fall von Anschlussfragen bei uns gespeichert. Diese Daten geben wir nicht ohne Ihre Einwilligung weiter.<\/p><p style=\"font-weight: 400;\"><b><strong>Rechtsgrundlagen f\u00fcr die Verwendung personenbezogener Daten<\/strong><\/b><\/p><p style=\"font-weight: 400;\">Soweit wir f\u00fcr Verarbeitungsvorg\u00e4nge personenbezogener Daten eine Einwilligung der betroffenen Person einholen, dient Art. 6 Abs. 1 Buchst. a) DSGVO als Rechtsgrundlage.<\/p><p style=\"font-weight: 400;\">Soweit eine Verarbeitung personenbezogener Daten zur Erf\u00fcllung einer rechtlichen Verpflichtung erforderlich ist, der die Schule unterliegt, dient Art. 6 Abs. 1 Buchst. c) DSGVO als Rechtsgrundlage, insbesondere in Verbindung mit dem S\u00e4chsischen Schulgesetz, den Schulverordnungen (z. B. der Schulordnung Grundschulen) und \u00a7 3 S\u00e4chsisches Datenschutzdurchf\u00fchrungsgesetz.<\/p><p style=\"font-weight: 400;\">Soweit die Schule personenbezogene Daten verarbeitet und dies f\u00fcr die Wahrnehmung von Aufgaben erforderlich ist, die im \u00f6ffentlichen Interesse liegen oder in Aus\u00fcbung \u00f6ffentlicher Gewalt erfolgen, dient Art. 6 Abs. 1 Buchst. e) DSGVO als Rechtsgrundlage, insbesondere in Verbindung mit dem S\u00e4chsischen Schulgesetz, den Schulverordnungen (z. B. der Schulordnung Grundschulen) und \u00a7 3 S\u00e4chsisches Datenschutzdurchf\u00fchrungsgesetz.<\/p><p style=\"font-weight: 400;\"><b><strong>Ihre Rechte als betroffene Person<\/strong><\/b><\/p><p style=\"font-weight: 400;\">Ihnen stehen bei Vorliegen der gesetzlichen Voraussetzungen folgende Rechte zu:<\/p><ul style=\"font-weight: 400;\"><li>Recht auf Auskunft \u00fcber die betreffenden personenbezogenen Daten (Art. 15 DSGVO)<\/li><li>Recht auf Berichtigung Sie betreffende unrichtige personenbezogene Daten (Art. 16 DSGVO)<\/li><li>Recht auf L\u00f6schung personenbezogener Daten (Art. 17 DSGVO)<\/li><li>Recht auf Einschr\u00e4nkung der Verarbeitung personenbezogener Daten (Art. 18 DSGVO)<\/li><li>Recht auf Widerspruch gegen die Verarbeitung personenbezogener Daten (Art. 21 DSGVO)<\/li><li>Recht, die Einwilligung jederzeit zu widerrufen, ohne dass die Rechtm\u00e4\u00dfigkeit der aufgrund der Einwilligung bis zum Widerruf erfolgten Verarbeitung ber\u00fchrt wird<\/li><\/ul><p style=\"font-weight: 400;\">Sie haben nach Artikel 77 DSGVO au\u00dferdem das Recht, sich bei der Aufsichtsbeh\u00f6rde zu beschweren, wenn Sie der Ansicht sind, dass die Verarbeitung der Sie betreffenden personenbezogenen Daten nicht rechtm\u00e4\u00dfig erfolgt.<\/p><p style=\"font-weight: 400;\"><b><strong>Aufsichtsbeh\u00f6rde<\/strong><\/b>\u00a0ist:<\/p><p style=\"font-weight: 400;\">Der S\u00e4chsische Datenschutzbeauftragte<br \/>Devrientstr. 1<br \/><span style=\"font-style: inherit; color: #000000; font-family: var( --e-global-typography-text-font-family ), Sans-serif; text-align: var(--text-align); background-color: var(--ast-global-color-4);\">01067 Dresden<\/span><\/p>\t\t\t\t\t\t\t\t<\/div>\n\t\t\t\t<\/div>\n\t\t\t\t\t<\/div>\n\t\t\t\t<\/div>\n\t\t\t\t<\/div>\n\t\t","protected":false},"excerpt":{"rendered":"<p>Datenschutzerkl\u00e4rung Allgemein Die Betreiber dieser Seiten nehmen den Schutz Ihrer personenbezogenen Daten sehr ernst. Wir behandeln Ihre personenbezogenen Daten vertraulich [&hellip;]<\/p>\n","protected":false},"author":4,"featured_media":0,"parent":0,"menu_order":700,"comment_status":"closed","ping_status":"closed","template":"","meta":{"site-sidebar-layout":"no-sidebar","site-content-layout":"","ast-site-content-layout":"full-width-container","site-content-style":"default","site-sidebar-style":"default","ast-global-header-display":"","ast-banner-title-visibility":"","ast-main-header-display":"","ast-hfb-above-header-display":"","ast-hfb-below-header-display":"","ast-hfb-mobile-header-display":"","site-post-title":"disabled","ast-breadcrumbs-content":"","ast-featured-img":"disabled","footer-sml-layout":"","theme-transparent-header-meta":"","adv-header-id-meta":"","stick-header-meta":"","header-above-stick-meta":"","header-main-stick-meta":"","header-below-stick-meta":"","astra-migrate-meta-layouts":"default","ast-page-background-enabled":"default","ast-page-background-meta":{"desktop":{"background-color":"var(--ast-global-color-5)","background-image":"","background-repeat":"repeat","background-position":"center center","background-size":"auto","background-attachment":"scroll","background-type":"","background-media":"","overlay-type":"","overlay-color":"","overlay-opacity":"","overlay-gradient":""},"tablet":{"background-color":"","background-image":"","background-repeat":"repeat","background-position":"center center","background-size":"auto","background-attachment":"scroll","background-type":"","background-media":"","overlay-type":"","overlay-color":"","overlay-opacity":"","overlay-gradient":""},"mobile":{"background-color":"","background-image":"","background-repeat":"repeat","background-position":"center center","background-size":"auto","background-attachment":"scroll","background-type":"","background-media":"","overlay-type":"","overlay-color":"","overlay-opacity":"","overlay-gradient":""}},"ast-content-background-meta":{"desktop":{"background-color":"var(--ast-global-color-4)","background-image":"","background-repeat":"repeat","background-position":"center center","background-size":"auto","background-attachment":"scroll","background-type":"","background-media":"","overlay-type":"","overlay-color":"","overlay-opacity":"","overlay-gradient":""},"tablet":{"background-color":"var(--ast-global-color-4)","background-image":"","background-repeat":"repeat","background-position":"center center","background-size":"auto","background-attachment":"scroll","background-type":"","background-media":"","overlay-type":"","overlay-color":"","overlay-opacity":"","overlay-gradient":""},"mobile":{"background-color":"var(--ast-global-color-4)","background-image":"","background-repeat":"repeat","background-position":"center center","background-size":"auto","background-attachment":"scroll","background-type":"","background-media":"","overlay-type":"","overlay-color":"","overlay-opacity":"","overlay-gradient":""}},"footnotes":""},"class_list":["post-678","page","type-page","status-publish","hentry"],"_links":{"self":[{"href":"https:\/\/www.sachsen.schule\/~fsgb2dd\/index.php?rest_route=\/wp\/v2\/pages\/678","targetHints":{"allow":["GET"]}}],"collection":[{"href":"https:\/\/www.sachsen.schule\/~fsgb2dd\/index.php?rest_route=\/wp\/v2\/pages"}],"about":[{"href":"https:\/\/www.sachsen.schule\/~fsgb2dd\/index.php?rest_route=\/wp\/v2\/types\/page"}],"author":[{"embeddable":true,"href":"https:\/\/www.sachsen.schule\/~fsgb2dd\/index.php?rest_route=\/wp\/v2\/users\/4"}],"replies":[{"embeddable":true,"href":"https:\/\/www.sachsen.schule\/~fsgb2dd\/index.php?rest_route=%2Fwp%2Fv2%2Fcomments&post=678"}],"version-history":[{"count":10,"href":"https:\/\/www.sachsen.schule\/~fsgb2dd\/index.php?rest_route=\/wp\/v2\/pages\/678\/revisions"}],"predecessor-version":[{"id":1265,"href":"https:\/\/www.sachsen.schule\/~fsgb2dd\/index.php?rest_route=\/wp\/v2\/pages\/678\/revisions\/1265"}],"wp:attachment":[{"href":"https:\/\/www.sachsen.schule\/~fsgb2dd\/index.php?rest_route=%2Fwp%2Fv2%2Fmedia&parent=678"}],"curies":[{"name":"wp","href":"https:\/\/api.w.org\/{rel}","templated":true}]}}