{"id":673,"date":"2025-05-06T15:28:54","date_gmt":"2025-05-06T13:28:54","guid":{"rendered":"https:\/\/www.sachsen.schule\/~fsgb2dd\/?page_id=673"},"modified":"2025-05-27T21:06:36","modified_gmt":"2025-05-27T19:06:36","slug":"a-8-impressum","status":"publish","type":"page","link":"https:\/\/www.sachsen.schule\/~fsgb2dd\/?page_id=673","title":{"rendered":"Impressum"},"content":{"rendered":"\t\t<div data-elementor-type=\"wp-page\" data-elementor-id=\"673\" class=\"elementor elementor-673\">\n\t\t\t\t<div class=\"elementor-element elementor-element-8d4a5af e-flex e-con-boxed e-con e-parent\" data-id=\"8d4a5af\" data-element_type=\"container\" data-e-type=\"container\">\n\t\t\t\t\t<div class=\"e-con-inner\">\n\t\t\t\t<div class=\"elementor-element elementor-element-ab5fd71 elementor-widget elementor-widget-heading\" data-id=\"ab5fd71\" data-element_type=\"widget\" data-e-type=\"widget\" data-widget_type=\"heading.default\">\n\t\t\t\t<div class=\"elementor-widget-container\">\n\t\t\t\t\t<h2 class=\"elementor-heading-title elementor-size-default\">Impressum<\/h2>\t\t\t\t<\/div>\n\t\t\t\t<\/div>\n\t\t\t\t<div class=\"elementor-element elementor-element-3314f32 elementor-widget elementor-widget-text-editor\" data-id=\"3314f32\" data-element_type=\"widget\" data-e-type=\"widget\" data-widget_type=\"text-editor.default\">\n\t\t\t\t<div class=\"elementor-widget-container\">\n\t\t\t\t\t\t\t\t\t<h4>Anschrift<\/h4><p>Robinsonschule Dresden<br \/>Schule mit dem F\u00f6rderschwerpunkt geistige Entwicklung<br \/>Schweizer Stra\u00dfe 7<br \/>01069 Dresden<\/p><p>Tel: 0351 471 92 49<br \/>foe_gb@dresdner-schulen.de<br \/>https:\/\/www.sachsen.schule\/~fsgb2dd\u00a0<\/p><h4>Verantwortliche Personen<\/h4><ul><li>Schulleiterin: Corinna Schaller<\/li><li>stellvertretende Schulleiterin: Heide Mei\u00dfner\u00a0<\/li><\/ul><h4>Redakteure<\/h4><ul><li>Lars B\u00f6ttger (Betreuung Homepage)<\/li><\/ul><h4>Tr\u00e4ger<\/h4><p>Landeshauptstadt Dresden (LHD)<br \/>vertreten durch den Oberb\u00fcrgermeister<br \/>Dr. K\u00fclz-Ring 19<br \/>01067 Dresden<br \/>Telefon: 0351-4880<br \/>Telefax: 0351-4882231<br \/>E-Mail stadtverwaltung@dresden.de<\/p><h4>Beaufsichtigende Beh\u00f6rde<\/h4><p>Freistaat Sachsen<br \/>S\u00e4chsisches Staatsministerium f\u00fcr Kultus<br \/>Postfach 10 09 10<br \/>01076 Dresden<br \/>Telefon: 0351-56400<br \/>E-Mail: poststelle@smk.sachsen.de<\/p><h4>Disclaimer<\/h4><p>Wir sind intensiv bem\u00fcht, stets richtige und vollst\u00e4ndige Informationen auf dieser Webseite zur Verf\u00fcgung zu stellen. Wir schlie\u00dfen jedoch jede Haftung oder Garantie f\u00fcr die Aktualit\u00e4t, Richtigkeit oder Vollst\u00e4ndigkeit der bereitgestellten Informationen aus. Dies gilt auch f\u00fcr alle Verbindungen zu externen Seiten, auf die diese Website direkt oder indirekt verweist. Da die Inhalte der verlinkten Seiten au\u00dferhalb unseres Einflussbereiches liegt, sind wir f\u00fcr die Inhalte von verlinkten Seiten nicht verantwortlich. Sollten Sie der Meinung sein, dass ein Link auf fehlerhafte Informationen verweist, teilen Sie uns dies bitte formlos mit.<\/p><h4>Copyright<\/h4><p>Alle Inhalte dieses Internetauftrittes unterliegen dem Urheberrecht. Bitte kontaktieren Sie uns, bevor Sie Inhalte (Texte, Bilder, Medien) von unserer Internetseite verwenden. Jegliche Nutzung ohne Zustimmung der jeweiligen Rechteinhaber ist rechtswidrig.<\/p><h4>Datenschutz<\/h4><p>Alle gesammelten Daten werden nur zur Verf\u00fcgungstellung dieses Dienstes genutzt. Es werden keine Daten ohne Einverst\u00e4ndnis des jeweiligen Nutzers an Dritte weitergegeben. Detaillierte Informationen entnehmen Sie bitte unserer Datenschutzerkl\u00e4rung.<\/p><h4>Sonstiges<\/h4><p>Transparenzhinweis: Seit 1. Januar 2023 ist das S\u00e4chsische Transparenzgesetz vom 19. August 2022 (S\u00e4chs-GVBI. S. 486) in Kraft. Es gew\u00e4hrt jeder Person ein Recht auf Zugang zu den bei einer transparenzpflichtigen Stelle im Freistaat Sachsen verf\u00fcgbaren Informationen, soweit keine Ausnahme gilt (Transparenzanspruch). Schulen sind transparenzpflichtige Stellen nur, soweit Informationen \u00fcber den Namen von Drittmittelgebern, die H\u00f6he der Drittmittel und die Laufzeit der mit Drittmitteln finanzierten abgeschlossenen Forschungsvorhaben betroffen sind.<\/p><p>Mit Anregungen, Hinweisen oder Beschwerden wenden Sie sich bitte zun\u00e4chst an den Verantwortlichen f\u00fcr diese Homepage.<\/p>\t\t\t\t\t\t\t\t<\/div>\n\t\t\t\t<\/div>\n\t\t\t\t\t<\/div>\n\t\t\t\t<\/div>\n\t\t\t\t<\/div>\n\t\t","protected":false},"excerpt":{"rendered":"<p>Impressum Anschrift Robinsonschule DresdenSchule mit dem F\u00f6rderschwerpunkt geistige EntwicklungSchweizer Stra\u00dfe 701069 Dresden Tel: 0351 471 92 49foe_gb@dresdner-schulen.dehttps:\/\/www.sachsen.schule\/~fsgb2dd\u00a0 Verantwortliche Personen Schulleiterin: [&hellip;]<\/p>\n","protected":false},"author":4,"featured_media":0,"parent":0,"menu_order":800,"comment_status":"closed","ping_status":"closed","template":"","meta":{"site-sidebar-layout":"no-sidebar","site-content-layout":"","ast-site-content-layout":"full-width-container","site-content-style":"default","site-sidebar-style":"default","ast-global-header-display":"","ast-banner-title-visibility":"","ast-main-header-display":"","ast-hfb-above-header-display":"","ast-hfb-below-header-display":"","ast-hfb-mobile-header-display":"","site-post-title":"disabled","ast-breadcrumbs-content":"","ast-featured-img":"disabled","footer-sml-layout":"","theme-transparent-header-meta":"","adv-header-id-meta":"","stick-header-meta":"","header-above-stick-meta":"","header-main-stick-meta":"","header-below-stick-meta":"","astra-migrate-meta-layouts":"default","ast-page-background-enabled":"default","ast-page-background-meta":{"desktop":{"background-color":"var(--ast-global-color-5)","background-image":"","background-repeat":"repeat","background-position":"center center","background-size":"auto","background-attachment":"scroll","background-type":"","background-media":"","overlay-type":"","overlay-color":"","overlay-opacity":"","overlay-gradient":""},"tablet":{"background-color":"","background-image":"","background-repeat":"repeat","background-position":"center center","background-size":"auto","background-attachment":"scroll","background-type":"","background-media":"","overlay-type":"","overlay-color":"","overlay-opacity":"","overlay-gradient":""},"mobile":{"background-color":"","background-image":"","background-repeat":"repeat","background-position":"center center","background-size":"auto","background-attachment":"scroll","background-type":"","background-media":"","overlay-type":"","overlay-color":"","overlay-opacity":"","overlay-gradient":""}},"ast-content-background-meta":{"desktop":{"background-color":"var(--ast-global-color-4)","background-image":"","background-repeat":"repeat","background-position":"center center","background-size":"auto","background-attachment":"scroll","background-type":"","background-media":"","overlay-type":"","overlay-color":"","overlay-opacity":"","overlay-gradient":""},"tablet":{"background-color":"var(--ast-global-color-4)","background-image":"","background-repeat":"repeat","background-position":"center center","background-size":"auto","background-attachment":"scroll","background-type":"","background-media":"","overlay-type":"","overlay-color":"","overlay-opacity":"","overlay-gradient":""},"mobile":{"background-color":"var(--ast-global-color-4)","background-image":"","background-repeat":"repeat","background-position":"center center","background-size":"auto","background-attachment":"scroll","background-type":"","background-media":"","overlay-type":"","overlay-color":"","overlay-opacity":"","overlay-gradient":""}},"footnotes":""},"class_list":["post-673","page","type-page","status-publish","hentry"],"_links":{"self":[{"href":"https:\/\/www.sachsen.schule\/~fsgb2dd\/index.php?rest_route=\/wp\/v2\/pages\/673","targetHints":{"allow":["GET"]}}],"collection":[{"href":"https:\/\/www.sachsen.schule\/~fsgb2dd\/index.php?rest_route=\/wp\/v2\/pages"}],"about":[{"href":"https:\/\/www.sachsen.schule\/~fsgb2dd\/index.php?rest_route=\/wp\/v2\/types\/page"}],"author":[{"embeddable":true,"href":"https:\/\/www.sachsen.schule\/~fsgb2dd\/index.php?rest_route=\/wp\/v2\/users\/4"}],"replies":[{"embeddable":true,"href":"https:\/\/www.sachsen.schule\/~fsgb2dd\/index.php?rest_route=%2Fwp%2Fv2%2Fcomments&post=673"}],"version-history":[{"count":7,"href":"https:\/\/www.sachsen.schule\/~fsgb2dd\/index.php?rest_route=\/wp\/v2\/pages\/673\/revisions"}],"predecessor-version":[{"id":1266,"href":"https:\/\/www.sachsen.schule\/~fsgb2dd\/index.php?rest_route=\/wp\/v2\/pages\/673\/revisions\/1266"}],"wp:attachment":[{"href":"https:\/\/www.sachsen.schule\/~fsgb2dd\/index.php?rest_route=%2Fwp%2Fv2%2Fmedia&parent=673"}],"curies":[{"name":"wp","href":"https:\/\/api.w.org\/{rel}","templated":true}]}}