{"id":1725,"date":"2025-12-04T15:26:19","date_gmt":"2025-12-04T14:26:19","guid":{"rendered":"https:\/\/www.sachsen.schule\/~fsgb2dd\/?page_id=1725"},"modified":"2026-01-29T14:58:10","modified_gmt":"2026-01-29T13:58:10","slug":"konzept-oberstufe","status":"publish","type":"page","link":"https:\/\/www.sachsen.schule\/~fsgb2dd\/?page_id=1725","title":{"rendered":"Konzept Oberstufe"},"content":{"rendered":"\t\t<div data-elementor-type=\"wp-page\" data-elementor-id=\"1725\" class=\"elementor elementor-1725\">\n\t\t\t\t<div class=\"elementor-element elementor-element-34dd6c8 e-flex e-con-boxed e-con e-parent\" data-id=\"34dd6c8\" data-element_type=\"container\" data-e-type=\"container\">\n\t\t\t\t\t<div class=\"e-con-inner\">\n\t\t\t\t<div class=\"elementor-element elementor-element-427eae2 elementor-widget elementor-widget-heading\" data-id=\"427eae2\" data-element_type=\"widget\" data-e-type=\"widget\" data-widget_type=\"heading.default\">\n\t\t\t\t<div class=\"elementor-widget-container\">\n\t\t\t\t\t<h2 class=\"elementor-heading-title elementor-size-default\">7. bis 9. Schulbesuchsjahr<\/h2>\t\t\t\t<\/div>\n\t\t\t\t<\/div>\n\t\t\t\t\t<\/div>\n\t\t\t\t<\/div>\n\t\t<div class=\"elementor-element elementor-element-240e93a e-flex e-con-boxed e-con e-parent\" data-id=\"240e93a\" data-element_type=\"container\" data-e-type=\"container\">\n\t\t\t\t\t<div class=\"e-con-inner\">\n\t\t\t\t<div class=\"elementor-element elementor-element-f75e5df elementor-widget elementor-widget-heading\" data-id=\"f75e5df\" data-element_type=\"widget\" data-e-type=\"widget\" data-widget_type=\"heading.default\">\n\t\t\t\t<div class=\"elementor-widget-container\">\n\t\t\t\t\t<h2 class=\"elementor-heading-title elementor-size-default\">Oberstufe<\/h2>\t\t\t\t<\/div>\n\t\t\t\t<\/div>\n\t\t\t\t<div class=\"elementor-element elementor-element-deaa4ab elementor-widget-divider--view-line elementor-widget elementor-widget-divider\" data-id=\"deaa4ab\" data-element_type=\"widget\" data-e-type=\"widget\" data-widget_type=\"divider.default\">\n\t\t\t\t<div class=\"elementor-widget-container\">\n\t\t\t\t\t\t\t<div class=\"elementor-divider\">\n\t\t\t<span class=\"elementor-divider-separator\">\n\t\t\t\t\t\t<\/span>\n\t\t<\/div>\n\t\t\t\t\t\t<\/div>\n\t\t\t\t<\/div>\n\t\t\t\t\t<\/div>\n\t\t\t\t<\/div>\n\t\t<div class=\"elementor-element elementor-element-640ebb4 e-flex e-con-boxed e-con e-parent\" data-id=\"640ebb4\" data-element_type=\"container\" data-e-type=\"container\">\n\t\t\t\t\t<div class=\"e-con-inner\">\n\t\t\t\t<div class=\"elementor-element elementor-element-2c42265 elementor-widget elementor-widget-text-editor\" data-id=\"2c42265\" data-element_type=\"widget\" data-e-type=\"widget\" data-widget_type=\"text-editor.default\">\n\t\t\t\t<div class=\"elementor-widget-container\">\n\t\t\t\t\t\t\t\t\t<p>In der Oberstufe vollzieht sich die <b>zunehmende Abl\u00f6sung der unmittelbaren Unterst\u00fctzung <\/b>durch die Bezugspersonen. Die in der Unter- und Mittelstufe erworbenen Kompetenzen werden zunehmend bewusst angewendet und ausgebaut. Das \u00dcben und Anwenden geeigneter Arbeitsweisen (planen, durchf\u00fchren und kontrollieren von Arbeitsabl\u00e4ufen) dient dem <strong>selbstst\u00e4ndigen Erschlie\u00dfen der Alltagswelt<\/strong> im Rahmen jeweiliger Erlebnis- und Erfahrungsm\u00f6glichkeiten und <strong>stabilisiert Handlungskompetenzen<\/strong>.<\/p>\t\t\t\t\t\t\t\t<\/div>\n\t\t\t\t<\/div>\n\t\t\t\t\t<\/div>\n\t\t\t\t<\/div>\n\t\t<div class=\"elementor-element elementor-element-e0756f8 e-flex e-con-boxed e-con e-parent\" data-id=\"e0756f8\" data-element_type=\"container\" data-e-type=\"container\">\n\t\t\t\t\t<div class=\"e-con-inner\">\n\t\t\t\t<div class=\"elementor-element elementor-element-1842f66 elementor-widget elementor-widget-text-editor\" data-id=\"1842f66\" data-element_type=\"widget\" data-e-type=\"widget\" data-widget_type=\"text-editor.default\">\n\t\t\t\t<div class=\"elementor-widget-container\">\n\t\t\t\t\t\t\t\t\t<p>In differenzierter Auseinandersetzung der Sch\u00fcler mit Entwicklungs- und Reifeerscheinungen in den Bereichen K\u00f6rperwachstum, einschlie\u00dflich Sexualit\u00e4t, Selbst- und Fremdwahrnehmung und unter Ber\u00fccksichtigung von Bed\u00fcrfnissen, Interessen, Fertigkeiten und sozialen F\u00e4higkeiten werden emotionale, soziale sowie lebenspraktische Verhaltensweisen angeboten und gef\u00f6rdert. Sie sind Orientierung um <strong>in zunehmendem Ma\u00dfe <\/strong>sowohl <strong>Identit\u00e4t und Selbstwirksamkeit zu erleben<\/strong> als auch <strong>Eigenverantwortung wahrnehmen<\/strong> zu k\u00f6nnen. Dazu geh\u00f6ren der Aufbau von partnerschaftlichen Beziehungen, das zunehmende \u00dcbernehmen von Verantwortung f\u00fcr das eigene Handeln und dessen Konsequenzen.<\/p>\t\t\t\t\t\t\t\t<\/div>\n\t\t\t\t<\/div>\n\t\t\t\t\t<\/div>\n\t\t\t\t<\/div>\n\t\t<div class=\"elementor-element elementor-element-6a90241 e-flex e-con-boxed e-con e-parent\" data-id=\"6a90241\" data-element_type=\"container\" data-e-type=\"container\">\n\t\t\t\t\t<div class=\"e-con-inner\">\n\t\t\t\t<div class=\"elementor-element elementor-element-20fdd1c elementor-widget elementor-widget-text-editor\" data-id=\"20fdd1c\" data-element_type=\"widget\" data-e-type=\"widget\" data-widget_type=\"text-editor.default\">\n\t\t\t\t<div class=\"elementor-widget-container\">\n\t\t\t\t\t\t\t\t\t<p>In der Oberstufe sind die Lernbereiche Grundlegender Unterricht, Sport- und Schwimmunterricht, Werken, Hauswirtschaft, Musik, Ethik, Wahlpflichtunterricht Bestandteile der Unterrichtstafel. Der stundenm\u00e4\u00dfige Anteil der praxisorientierten Lernbereiche sowie die Wochenstundenzahl erh\u00f6hen sich.<\/p>\t\t\t\t\t\t\t\t<\/div>\n\t\t\t\t<\/div>\n\t\t\t\t\t<\/div>\n\t\t\t\t<\/div>\n\t\t<div class=\"elementor-element elementor-element-749164d e-flex e-con-boxed e-con e-parent\" data-id=\"749164d\" data-element_type=\"container\" data-e-type=\"container\">\n\t\t\t\t\t<div class=\"e-con-inner\">\n\t\t\t\t<div class=\"elementor-element elementor-element-3e7b286 elementor-widget elementor-widget-text-editor\" data-id=\"3e7b286\" data-element_type=\"widget\" data-e-type=\"widget\" data-widget_type=\"text-editor.default\">\n\t\t\t\t<div class=\"elementor-widget-container\">\n\t\t\t\t\t\t\t\t\t<p>Die Sch\u00fcler lernen prozessorientierte Arbeitsverfahren kennen, Grundfertigkeiten werden gefestigt. Im letzten Oberstufenjahr beginnt die zielgerichtete Berufsorientierung am <strong>Praktischen Tag<\/strong>. Die Sch\u00fcler erproben sich \u00fcber einen gesamten Vormittag in verschiedenen Dienstleistungsaufgaben f\u00fcr die Schule (Imbiss, W\u00e4schepflege, einfache Hausmeistert\u00e4tigkeiten; Arbeitstraining)<\/p>\t\t\t\t\t\t\t\t<\/div>\n\t\t\t\t<\/div>\n\t\t\t\t\t<\/div>\n\t\t\t\t<\/div>\n\t\t<div class=\"elementor-element elementor-element-c035299 e-flex e-con-boxed e-con e-parent\" data-id=\"c035299\" data-element_type=\"container\" data-e-type=\"container\">\n\t\t\t\t\t<div class=\"e-con-inner\">\n\t\t<div class=\"elementor-element elementor-element-122436e e-con-full e-flex e-con e-child\" data-id=\"122436e\" data-element_type=\"container\" data-e-type=\"container\">\n\t\t\t\t<div class=\"elementor-element elementor-element-bcbde9d elementor-widget elementor-widget-image\" data-id=\"bcbde9d\" data-element_type=\"widget\" data-e-type=\"widget\" data-widget_type=\"image.default\">\n\t\t\t\t<div class=\"elementor-widget-container\">\n\t\t\t\t\t\t\t\t\t\t\t\t\t\t\t\t<a href=\"https:\/\/lsj-sachsen.de\/wp-content\/uploads\/Siegel_Infobogen_2022.pdf\" target=\"_blank\">\n\t\t\t\t\t\t\t<img fetchpriority=\"high\" decoding=\"async\" width=\"623\" height=\"478\" src=\"https:\/\/www.sachsen.schule\/~fsgb2dd\/wp-content\/uploads\/2026\/01\/Logo_Wir-sind-Siegelschule.jpg\" class=\"attachment-medium_large size-medium_large wp-image-1778\" alt=\"\" srcset=\"https:\/\/www.sachsen.schule\/~fsgb2dd\/wp-content\/uploads\/2026\/01\/Logo_Wir-sind-Siegelschule.jpg 623w, https:\/\/www.sachsen.schule\/~fsgb2dd\/wp-content\/uploads\/2026\/01\/Logo_Wir-sind-Siegelschule-300x230.jpg 300w\" sizes=\"(max-width: 623px) 100vw, 623px\" \/>\t\t\t\t\t\t\t\t<\/a>\n\t\t\t\t\t\t\t\t\t\t\t\t\t\t\t<\/div>\n\t\t\t\t<\/div>\n\t\t\t\t<\/div>\n\t\t<div class=\"elementor-element elementor-element-c3c9d2d e-con-full e-flex e-con e-child\" data-id=\"c3c9d2d\" data-element_type=\"container\" data-e-type=\"container\">\n\t\t\t\t<div class=\"elementor-element elementor-element-7d60cba elementor-widget elementor-widget-text-editor\" data-id=\"7d60cba\" data-element_type=\"widget\" data-e-type=\"widget\" data-widget_type=\"text-editor.default\">\n\t\t\t\t<div class=\"elementor-widget-container\">\n\t\t\t\t\t\t\t\t\t<p>Das <strong>S\u00e4chsische Qualit\u00e4tssiegel f\u00fcr Berufliche Orientierung<\/strong> ist ein zweistufiges Verfahren aus <br \/>schriftlicher Bewerbung (Fragebogen) und Vor-Ort-Besuch (Audit). Es wird seit 2007 j\u00e4hrlich im <br \/>Auftrag des S\u00e4chsischen Staatsministeriums f\u00fcr Kultus durchgef\u00fchrt. Mit dem Siegel wird die <br \/><strong>zielf\u00fchrende, systematische und abgestimmte Berufsorientierung<\/strong> einer Schule und ihrer Partner anerkannt. Was genau das hei\u00dft, lesen Sie\u00a0<a href=\"https:\/\/lsj-sachsen.de\/wp-content\/uploads\/Siegel_Infobogen_2022.pdf\" target=\"_blank\" rel=\"noopener\">hier<\/a>.\u00a0<\/p>\t\t\t\t\t\t\t\t<\/div>\n\t\t\t\t<\/div>\n\t\t\t\t<\/div>\n\t\t\t\t\t<\/div>\n\t\t\t\t<\/div>\n\t\t\t\t<\/div>\n\t\t","protected":false},"excerpt":{"rendered":"<p>7. bis 9. Schulbesuchsjahr Oberstufe In der Oberstufe vollzieht sich die zunehmende Abl\u00f6sung der unmittelbaren Unterst\u00fctzung durch die Bezugspersonen. Die [&hellip;]<\/p>\n","protected":false},"author":4,"featured_media":0,"parent":1630,"menu_order":3,"comment_status":"closed","ping_status":"closed","template":"","meta":{"site-sidebar-layout":"no-sidebar","site-content-layout":"","ast-site-content-layout":"full-width-container","site-content-style":"default","site-sidebar-style":"default","ast-global-header-display":"","ast-banner-title-visibility":"","ast-main-header-display":"","ast-hfb-above-header-display":"","ast-hfb-below-header-display":"","ast-hfb-mobile-header-display":"","site-post-title":"disabled","ast-breadcrumbs-content":"","ast-featured-img":"disabled","footer-sml-layout":"","theme-transparent-header-meta":"","adv-header-id-meta":"","stick-header-meta":"","header-above-stick-meta":"","header-main-stick-meta":"","header-below-stick-meta":"","astra-migrate-meta-layouts":"default","ast-page-background-enabled":"default","ast-page-background-meta":{"desktop":{"background-color":"var(--ast-global-color-5)","background-image":"","background-repeat":"repeat","background-position":"center center","background-size":"auto","background-attachment":"scroll","background-type":"","background-media":"","overlay-type":"","overlay-color":"","overlay-opacity":"","overlay-gradient":""},"tablet":{"background-color":"","background-image":"","background-repeat":"repeat","background-position":"center center","background-size":"auto","background-attachment":"scroll","background-type":"","background-media":"","overlay-type":"","overlay-color":"","overlay-opacity":"","overlay-gradient":""},"mobile":{"background-color":"","background-image":"","background-repeat":"repeat","background-position":"center center","background-size":"auto","background-attachment":"scroll","background-type":"","background-media":"","overlay-type":"","overlay-color":"","overlay-opacity":"","overlay-gradient":""}},"ast-content-background-meta":{"desktop":{"background-color":"var(--ast-global-color-4)","background-image":"","background-repeat":"repeat","background-position":"center center","background-size":"auto","background-attachment":"scroll","background-type":"","background-media":"","overlay-type":"","overlay-color":"","overlay-opacity":"","overlay-gradient":""},"tablet":{"background-color":"var(--ast-global-color-4)","background-image":"","background-repeat":"repeat","background-position":"center center","background-size":"auto","background-attachment":"scroll","background-type":"","background-media":"","overlay-type":"","overlay-color":"","overlay-opacity":"","overlay-gradient":""},"mobile":{"background-color":"var(--ast-global-color-4)","background-image":"","background-repeat":"repeat","background-position":"center center","background-size":"auto","background-attachment":"scroll","background-type":"","background-media":"","overlay-type":"","overlay-color":"","overlay-opacity":"","overlay-gradient":""}},"footnotes":""},"class_list":["post-1725","page","type-page","status-publish","hentry"],"_links":{"self":[{"href":"https:\/\/www.sachsen.schule\/~fsgb2dd\/index.php?rest_route=\/wp\/v2\/pages\/1725","targetHints":{"allow":["GET"]}}],"collection":[{"href":"https:\/\/www.sachsen.schule\/~fsgb2dd\/index.php?rest_route=\/wp\/v2\/pages"}],"about":[{"href":"https:\/\/www.sachsen.schule\/~fsgb2dd\/index.php?rest_route=\/wp\/v2\/types\/page"}],"author":[{"embeddable":true,"href":"https:\/\/www.sachsen.schule\/~fsgb2dd\/index.php?rest_route=\/wp\/v2\/users\/4"}],"replies":[{"embeddable":true,"href":"https:\/\/www.sachsen.schule\/~fsgb2dd\/index.php?rest_route=%2Fwp%2Fv2%2Fcomments&post=1725"}],"version-history":[{"count":13,"href":"https:\/\/www.sachsen.schule\/~fsgb2dd\/index.php?rest_route=\/wp\/v2\/pages\/1725\/revisions"}],"predecessor-version":[{"id":1788,"href":"https:\/\/www.sachsen.schule\/~fsgb2dd\/index.php?rest_route=\/wp\/v2\/pages\/1725\/revisions\/1788"}],"up":[{"embeddable":true,"href":"https:\/\/www.sachsen.schule\/~fsgb2dd\/index.php?rest_route=\/wp\/v2\/pages\/1630"}],"wp:attachment":[{"href":"https:\/\/www.sachsen.schule\/~fsgb2dd\/index.php?rest_route=%2Fwp%2Fv2%2Fmedia&parent=1725"}],"curies":[{"name":"wp","href":"https:\/\/api.w.org\/{rel}","templated":true}]}}