{"id":1656,"date":"2025-11-20T13:48:14","date_gmt":"2025-11-20T12:48:14","guid":{"rendered":"https:\/\/www.sachsen.schule\/~fsgb2dd\/?page_id=1656"},"modified":"2026-01-29T15:15:53","modified_gmt":"2026-01-29T14:15:53","slug":"konzept-mittelstufe","status":"publish","type":"page","link":"https:\/\/www.sachsen.schule\/~fsgb2dd\/?page_id=1656","title":{"rendered":"Konzept Mittelstufe"},"content":{"rendered":"\t\t<div data-elementor-type=\"wp-page\" data-elementor-id=\"1656\" class=\"elementor elementor-1656\">\n\t\t\t\t<div class=\"elementor-element elementor-element-34dd6c8 e-flex e-con-boxed e-con e-parent\" data-id=\"34dd6c8\" data-element_type=\"container\" data-e-type=\"container\">\n\t\t\t\t\t<div class=\"e-con-inner\">\n\t\t\t\t<div class=\"elementor-element elementor-element-427eae2 elementor-widget elementor-widget-heading\" data-id=\"427eae2\" data-element_type=\"widget\" data-e-type=\"widget\" data-widget_type=\"heading.default\">\n\t\t\t\t<div class=\"elementor-widget-container\">\n\t\t\t\t\t<h2 class=\"elementor-heading-title elementor-size-default\">4. bis 6. Schulbesuchsjahr<\/h2>\t\t\t\t<\/div>\n\t\t\t\t<\/div>\n\t\t\t\t\t<\/div>\n\t\t\t\t<\/div>\n\t\t<div class=\"elementor-element elementor-element-240e93a e-flex e-con-boxed e-con e-parent\" data-id=\"240e93a\" data-element_type=\"container\" data-e-type=\"container\">\n\t\t\t\t\t<div class=\"e-con-inner\">\n\t\t\t\t<div class=\"elementor-element elementor-element-f75e5df elementor-widget elementor-widget-heading\" data-id=\"f75e5df\" data-element_type=\"widget\" data-e-type=\"widget\" data-widget_type=\"heading.default\">\n\t\t\t\t<div class=\"elementor-widget-container\">\n\t\t\t\t\t<h2 class=\"elementor-heading-title elementor-size-default\">Mittelstufe<\/h2>\t\t\t\t<\/div>\n\t\t\t\t<\/div>\n\t\t\t\t<div class=\"elementor-element elementor-element-deaa4ab elementor-widget-divider--view-line elementor-widget elementor-widget-divider\" data-id=\"deaa4ab\" data-element_type=\"widget\" data-e-type=\"widget\" data-widget_type=\"divider.default\">\n\t\t\t\t<div class=\"elementor-widget-container\">\n\t\t\t\t\t\t\t<div class=\"elementor-divider\">\n\t\t\t<span class=\"elementor-divider-separator\">\n\t\t\t\t\t\t<\/span>\n\t\t<\/div>\n\t\t\t\t\t\t<\/div>\n\t\t\t\t<\/div>\n\t\t\t\t\t<\/div>\n\t\t\t\t<\/div>\n\t\t<div class=\"elementor-element elementor-element-640ebb4 e-flex e-con-boxed e-con e-parent\" data-id=\"640ebb4\" data-element_type=\"container\" data-e-type=\"container\">\n\t\t\t\t\t<div class=\"e-con-inner\">\n\t\t\t\t<div class=\"elementor-element elementor-element-2c42265 elementor-widget elementor-widget-text-editor\" data-id=\"2c42265\" data-element_type=\"widget\" data-e-type=\"widget\" data-widget_type=\"text-editor.default\">\n\t\t\t\t<div class=\"elementor-widget-container\">\n\t\t\t\t\t\t\t\t\t<p>In der Mittelstufe festigen die Sch\u00fcler ihre in der Unterstufe erworbenen Handlungskompetenzen und erweitern diese.<\/p>\t\t\t\t\t\t\t\t<\/div>\n\t\t\t\t<\/div>\n\t\t\t\t\t<\/div>\n\t\t\t\t<\/div>\n\t\t<div class=\"elementor-element elementor-element-2079cc4 e-flex e-con-boxed e-con e-parent\" data-id=\"2079cc4\" data-element_type=\"container\" data-e-type=\"container\">\n\t\t\t\t\t<div class=\"e-con-inner\">\n\t\t\t\t<div class=\"elementor-element elementor-element-1842f66 elementor-widget elementor-widget-text-editor\" data-id=\"1842f66\" data-element_type=\"widget\" data-e-type=\"widget\" data-widget_type=\"text-editor.default\">\n\t\t\t\t<div class=\"elementor-widget-container\">\n\t\t\t\t\t\t\t\t\t<p>Mit Beginn eines <strong>umfassenderen Fachunterrichts<\/strong> lernen die Sch\u00fcler Fachr\u00e4ume der Schule kennen und werden nun erg\u00e4nzend zum Klassenlehrer auch von Fachlehrern unterrichtet.\u00a0<\/p><p>Das Kurssystem zum <strong>gezielten Erwerb der Kulturtechniken<\/strong> wird unter Beachtung des unterschiedlichen Entwicklungstandes der Sch\u00fcler in klassen\u00fcbergreifenden Lerngruppen eingef\u00fchrt.\u00a0<\/p><p>Das <strong>IntraAct-Plus-Lese-Konzept<\/strong> wird fortgesetzt. Sch\u00fcler, die nicht bzw. stark eingeschr\u00e4nkt mittels Lautsprache kommunizieren, lernen in dieser Zeit in der Gruppe \u201eUnterst\u00fctzte Kommunikation\u201c.<\/p>\t\t\t\t\t\t\t\t<\/div>\n\t\t\t\t<\/div>\n\t\t\t\t\t<\/div>\n\t\t\t\t<\/div>\n\t\t<div class=\"elementor-element elementor-element-4b63746 e-flex e-con-boxed e-con e-parent\" data-id=\"4b63746\" data-element_type=\"container\" data-e-type=\"container\">\n\t\t\t\t\t<div class=\"e-con-inner\">\n\t\t\t\t<div class=\"elementor-element elementor-element-4f6d479 elementor-widget elementor-widget-heading\" data-id=\"4f6d479\" data-element_type=\"widget\" data-e-type=\"widget\" data-widget_type=\"heading.default\">\n\t\t\t\t<div class=\"elementor-widget-container\">\n\t\t\t\t\t<h2 class=\"elementor-heading-title elementor-size-default\"><br><br><br><br>Kunstprojekt <br>Selbstbildnis<\/h2>\t\t\t\t<\/div>\n\t\t\t\t<\/div>\n\t\t\t\t<div class=\"elementor-element elementor-element-8ba1eea elementor-widget elementor-widget-image\" data-id=\"8ba1eea\" data-element_type=\"widget\" data-e-type=\"widget\" data-widget_type=\"image.default\">\n\t\t\t\t<div class=\"elementor-widget-container\">\n\t\t\t\t\t\t\t\t\t\t\t\t\t\t\t<img fetchpriority=\"high\" decoding=\"async\" width=\"804\" height=\"1024\" src=\"https:\/\/www.sachsen.schule\/~fsgb2dd\/wp-content\/uploads\/2025\/11\/Selbstbildnis-Mittelstufe-3-804x1024.jpg\" class=\"attachment-large size-large wp-image-1706\" alt=\"\" srcset=\"https:\/\/www.sachsen.schule\/~fsgb2dd\/wp-content\/uploads\/2025\/11\/Selbstbildnis-Mittelstufe-3-804x1024.jpg 804w, https:\/\/www.sachsen.schule\/~fsgb2dd\/wp-content\/uploads\/2025\/11\/Selbstbildnis-Mittelstufe-3-236x300.jpg 236w, https:\/\/www.sachsen.schule\/~fsgb2dd\/wp-content\/uploads\/2025\/11\/Selbstbildnis-Mittelstufe-3-768x978.jpg 768w, https:\/\/www.sachsen.schule\/~fsgb2dd\/wp-content\/uploads\/2025\/11\/Selbstbildnis-Mittelstufe-3-1206x1536.jpg 1206w, https:\/\/www.sachsen.schule\/~fsgb2dd\/wp-content\/uploads\/2025\/11\/Selbstbildnis-Mittelstufe-3-1608x2048.jpg 1608w, https:\/\/www.sachsen.schule\/~fsgb2dd\/wp-content\/uploads\/2025\/11\/Selbstbildnis-Mittelstufe-3-scaled.jpg 2010w\" sizes=\"(max-width: 804px) 100vw, 804px\" \/>\t\t\t\t\t\t\t\t\t\t\t\t\t\t\t<\/div>\n\t\t\t\t<\/div>\n\t\t\t\t\t<\/div>\n\t\t\t\t<\/div>\n\t\t<div class=\"elementor-element elementor-element-41bc0ce e-flex e-con-boxed e-con e-parent\" data-id=\"41bc0ce\" data-element_type=\"container\" data-e-type=\"container\">\n\t\t\t\t\t<div class=\"e-con-inner\">\n\t\t\t\t<div class=\"elementor-element elementor-element-4585e6b elementor-widget elementor-widget-text-editor\" data-id=\"4585e6b\" data-element_type=\"widget\" data-e-type=\"widget\" data-widget_type=\"text-editor.default\">\n\t\t\t\t<div class=\"elementor-widget-container\">\n\t\t\t\t\t\t\t\t\t<p>Lernformen wie Stationenlernen, Freiarbeit, Partnerarbeit, Lerntheke, Lernen mit digitalen Medien etc.\u00a0 schaffen den Rahmen um Handlungsm\u00f6glichkeiten und F\u00e4higkeiten zur selbstst\u00e4ndigen und praktischen Lebensbew\u00e4ltigung aufzubauen und zu erweitern. Die einsetzenden pubert\u00e4ren Ver\u00e4nderungen finden dabei inhaltlich ebenfalls Beachtung.<\/p>\t\t\t\t\t\t\t\t<\/div>\n\t\t\t\t<\/div>\n\t\t\t\t\t<\/div>\n\t\t\t\t<\/div>\n\t\t<div class=\"elementor-element elementor-element-e3569cb e-grid e-con-boxed e-con e-parent\" data-id=\"e3569cb\" data-element_type=\"container\" data-e-type=\"container\">\n\t\t\t\t\t<div class=\"e-con-inner\">\n\t\t\t\t<div class=\"elementor-element elementor-element-2d28300 elementor-widget elementor-widget-image\" data-id=\"2d28300\" data-element_type=\"widget\" data-e-type=\"widget\" data-widget_type=\"image.default\">\n\t\t\t\t<div class=\"elementor-widget-container\">\n\t\t\t\t\t\t\t\t\t\t\t\t\t\t\t<img decoding=\"async\" width=\"764\" height=\"1024\" src=\"https:\/\/www.sachsen.schule\/~fsgb2dd\/wp-content\/uploads\/2025\/11\/Selbstbildnis-Mittelstufe-1-764x1024.jpg\" class=\"attachment-large size-large wp-image-1707\" alt=\"\" srcset=\"https:\/\/www.sachsen.schule\/~fsgb2dd\/wp-content\/uploads\/2025\/11\/Selbstbildnis-Mittelstufe-1-764x1024.jpg 764w, https:\/\/www.sachsen.schule\/~fsgb2dd\/wp-content\/uploads\/2025\/11\/Selbstbildnis-Mittelstufe-1-224x300.jpg 224w, https:\/\/www.sachsen.schule\/~fsgb2dd\/wp-content\/uploads\/2025\/11\/Selbstbildnis-Mittelstufe-1-768x1030.jpg 768w, https:\/\/www.sachsen.schule\/~fsgb2dd\/wp-content\/uploads\/2025\/11\/Selbstbildnis-Mittelstufe-1-1146x1536.jpg 1146w, https:\/\/www.sachsen.schule\/~fsgb2dd\/wp-content\/uploads\/2025\/11\/Selbstbildnis-Mittelstufe-1-1527x2048.jpg 1527w, https:\/\/www.sachsen.schule\/~fsgb2dd\/wp-content\/uploads\/2025\/11\/Selbstbildnis-Mittelstufe-1-scaled.jpg 1909w\" sizes=\"(max-width: 764px) 100vw, 764px\" \/>\t\t\t\t\t\t\t\t\t\t\t\t\t\t\t<\/div>\n\t\t\t\t<\/div>\n\t\t\t\t<div class=\"elementor-element elementor-element-972475b elementor-widget elementor-widget-image\" data-id=\"972475b\" data-element_type=\"widget\" data-e-type=\"widget\" data-widget_type=\"image.default\">\n\t\t\t\t<div class=\"elementor-widget-container\">\n\t\t\t\t\t\t\t\t\t\t\t\t\t\t\t<img decoding=\"async\" width=\"810\" height=\"1024\" src=\"https:\/\/www.sachsen.schule\/~fsgb2dd\/wp-content\/uploads\/2025\/11\/Selbstbildnis-Mittelstufe-6-810x1024.jpg\" class=\"attachment-large size-large wp-image-1708\" alt=\"\" srcset=\"https:\/\/www.sachsen.schule\/~fsgb2dd\/wp-content\/uploads\/2025\/11\/Selbstbildnis-Mittelstufe-6-810x1024.jpg 810w, https:\/\/www.sachsen.schule\/~fsgb2dd\/wp-content\/uploads\/2025\/11\/Selbstbildnis-Mittelstufe-6-237x300.jpg 237w, https:\/\/www.sachsen.schule\/~fsgb2dd\/wp-content\/uploads\/2025\/11\/Selbstbildnis-Mittelstufe-6-768x971.jpg 768w, https:\/\/www.sachsen.schule\/~fsgb2dd\/wp-content\/uploads\/2025\/11\/Selbstbildnis-Mittelstufe-6-1215x1536.jpg 1215w, https:\/\/www.sachsen.schule\/~fsgb2dd\/wp-content\/uploads\/2025\/11\/Selbstbildnis-Mittelstufe-6-1619x2048.jpg 1619w, https:\/\/www.sachsen.schule\/~fsgb2dd\/wp-content\/uploads\/2025\/11\/Selbstbildnis-Mittelstufe-6.jpg 1746w\" sizes=\"(max-width: 810px) 100vw, 810px\" \/>\t\t\t\t\t\t\t\t\t\t\t\t\t\t\t<\/div>\n\t\t\t\t<\/div>\n\t\t\t\t<div class=\"elementor-element elementor-element-c367ef1 e-transform elementor-widget elementor-widget-image\" data-id=\"c367ef1\" data-element_type=\"widget\" data-e-type=\"widget\" data-settings=\"{&quot;_transform_scaleY_effect&quot;:{&quot;unit&quot;:&quot;px&quot;,&quot;size&quot;:1.1,&quot;sizes&quot;:[]},&quot;_transform_scaleX_effect&quot;:{&quot;unit&quot;:&quot;px&quot;,&quot;size&quot;:&quot;&quot;,&quot;sizes&quot;:[]},&quot;_transform_scaleX_effect_tablet&quot;:{&quot;unit&quot;:&quot;px&quot;,&quot;size&quot;:&quot;&quot;,&quot;sizes&quot;:[]},&quot;_transform_scaleX_effect_mobile&quot;:{&quot;unit&quot;:&quot;px&quot;,&quot;size&quot;:&quot;&quot;,&quot;sizes&quot;:[]},&quot;_transform_scaleY_effect_tablet&quot;:{&quot;unit&quot;:&quot;px&quot;,&quot;size&quot;:&quot;&quot;,&quot;sizes&quot;:[]},&quot;_transform_scaleY_effect_mobile&quot;:{&quot;unit&quot;:&quot;px&quot;,&quot;size&quot;:&quot;&quot;,&quot;sizes&quot;:[]}}\" data-widget_type=\"image.default\">\n\t\t\t\t<div class=\"elementor-widget-container\">\n\t\t\t\t\t\t\t\t\t\t\t\t\t\t\t<img loading=\"lazy\" decoding=\"async\" width=\"868\" height=\"1024\" src=\"https:\/\/www.sachsen.schule\/~fsgb2dd\/wp-content\/uploads\/2025\/11\/Selbstbildnis-Mittelstufe-5-868x1024.jpg\" class=\"attachment-large size-large wp-image-1709\" alt=\"\" srcset=\"https:\/\/www.sachsen.schule\/~fsgb2dd\/wp-content\/uploads\/2025\/11\/Selbstbildnis-Mittelstufe-5-868x1024.jpg 868w, https:\/\/www.sachsen.schule\/~fsgb2dd\/wp-content\/uploads\/2025\/11\/Selbstbildnis-Mittelstufe-5-254x300.jpg 254w, https:\/\/www.sachsen.schule\/~fsgb2dd\/wp-content\/uploads\/2025\/11\/Selbstbildnis-Mittelstufe-5-768x906.jpg 768w, https:\/\/www.sachsen.schule\/~fsgb2dd\/wp-content\/uploads\/2025\/11\/Selbstbildnis-Mittelstufe-5-1302x1536.jpg 1302w, https:\/\/www.sachsen.schule\/~fsgb2dd\/wp-content\/uploads\/2025\/11\/Selbstbildnis-Mittelstufe-5-1736x2048.jpg 1736w, https:\/\/www.sachsen.schule\/~fsgb2dd\/wp-content\/uploads\/2025\/11\/Selbstbildnis-Mittelstufe-5.jpg 1925w\" sizes=\"(max-width: 868px) 100vw, 868px\" \/>\t\t\t\t\t\t\t\t\t\t\t\t\t\t\t<\/div>\n\t\t\t\t<\/div>\n\t\t\t\t\t<\/div>\n\t\t\t\t<\/div>\n\t\t<div class=\"elementor-element elementor-element-ef74b1a e-flex e-con-boxed e-con e-parent\" data-id=\"ef74b1a\" data-element_type=\"container\" data-e-type=\"container\">\n\t\t\t\t\t<div class=\"e-con-inner\">\n\t\t\t\t<div class=\"elementor-element elementor-element-8eb8294 elementor-widget elementor-widget-text-editor\" data-id=\"8eb8294\" data-element_type=\"widget\" data-e-type=\"widget\" data-widget_type=\"text-editor.default\">\n\t\t\t\t<div class=\"elementor-widget-container\">\n\t\t\t\t\t\t\t\t\t<p>Die Lerninhalte des Grundlegenden Unterrichts der Mittelstufe f\u00f6rdern die Darstellung der Welt auf unterschiedlichen kognitiven Ebenen. Schrittweise tragen sie dazu bei, dass sich das individuelle Verst\u00e4ndnis f\u00fcr ein Weltbild entwickeln kann. Dem spielerischen Lernen kommt weiterhin eine gro\u00dfe Bedeutung zu. Die vorbereitete Umwelt f\u00f6rdert gleicherma\u00dfen die soziale Entwicklung.<\/p>\t\t\t\t\t\t\t\t<\/div>\n\t\t\t\t<\/div>\n\t\t\t\t\t<\/div>\n\t\t\t\t<\/div>\n\t\t<div class=\"elementor-element elementor-element-a57c9fa e-grid e-con-boxed e-con e-parent\" data-id=\"a57c9fa\" data-element_type=\"container\" data-e-type=\"container\">\n\t\t\t\t\t<div class=\"e-con-inner\">\n\t\t\t\t<div class=\"elementor-element elementor-element-c96cbed elementor-widget elementor-widget-image\" data-id=\"c96cbed\" data-element_type=\"widget\" data-e-type=\"widget\" data-widget_type=\"image.default\">\n\t\t\t\t<div class=\"elementor-widget-container\">\n\t\t\t\t\t\t\t\t\t\t\t\t\t\t\t<img loading=\"lazy\" decoding=\"async\" width=\"445\" height=\"506\" src=\"https:\/\/www.sachsen.schule\/~fsgb2dd\/wp-content\/uploads\/2025\/11\/Selbstbildnis-Mittelstufe-7.jpg\" class=\"attachment-large size-large wp-image-1712\" alt=\"\" srcset=\"https:\/\/www.sachsen.schule\/~fsgb2dd\/wp-content\/uploads\/2025\/11\/Selbstbildnis-Mittelstufe-7.jpg 445w, https:\/\/www.sachsen.schule\/~fsgb2dd\/wp-content\/uploads\/2025\/11\/Selbstbildnis-Mittelstufe-7-264x300.jpg 264w\" sizes=\"(max-width: 445px) 100vw, 445px\" \/>\t\t\t\t\t\t\t\t\t\t\t\t\t\t\t<\/div>\n\t\t\t\t<\/div>\n\t\t\t\t<div class=\"elementor-element elementor-element-d6dccf8 elementor-widget elementor-widget-image\" data-id=\"d6dccf8\" data-element_type=\"widget\" data-e-type=\"widget\" data-widget_type=\"image.default\">\n\t\t\t\t<div class=\"elementor-widget-container\">\n\t\t\t\t\t\t\t\t\t\t\t\t\t\t\t<img loading=\"lazy\" decoding=\"async\" width=\"797\" height=\"1024\" src=\"https:\/\/www.sachsen.schule\/~fsgb2dd\/wp-content\/uploads\/2025\/11\/Selbstbildnis-Mittelstufe-4-797x1024.jpg\" class=\"attachment-large size-large wp-image-1710\" alt=\"\" srcset=\"https:\/\/www.sachsen.schule\/~fsgb2dd\/wp-content\/uploads\/2025\/11\/Selbstbildnis-Mittelstufe-4-797x1024.jpg 797w, https:\/\/www.sachsen.schule\/~fsgb2dd\/wp-content\/uploads\/2025\/11\/Selbstbildnis-Mittelstufe-4-233x300.jpg 233w, https:\/\/www.sachsen.schule\/~fsgb2dd\/wp-content\/uploads\/2025\/11\/Selbstbildnis-Mittelstufe-4-768x987.jpg 768w, https:\/\/www.sachsen.schule\/~fsgb2dd\/wp-content\/uploads\/2025\/11\/Selbstbildnis-Mittelstufe-4-1195x1536.jpg 1195w, https:\/\/www.sachsen.schule\/~fsgb2dd\/wp-content\/uploads\/2025\/11\/Selbstbildnis-Mittelstufe-4-1594x2048.jpg 1594w, https:\/\/www.sachsen.schule\/~fsgb2dd\/wp-content\/uploads\/2025\/11\/Selbstbildnis-Mittelstufe-4.jpg 1982w\" sizes=\"(max-width: 797px) 100vw, 797px\" \/>\t\t\t\t\t\t\t\t\t\t\t\t\t\t\t<\/div>\n\t\t\t\t<\/div>\n\t\t\t\t<div class=\"elementor-element elementor-element-e817caa elementor-widget elementor-widget-image\" data-id=\"e817caa\" data-element_type=\"widget\" data-e-type=\"widget\" data-widget_type=\"image.default\">\n\t\t\t\t<div class=\"elementor-widget-container\">\n\t\t\t\t\t\t\t\t\t\t\t\t\t\t\t<img loading=\"lazy\" decoding=\"async\" width=\"792\" height=\"1024\" src=\"https:\/\/www.sachsen.schule\/~fsgb2dd\/wp-content\/uploads\/2025\/11\/Selbstbildnis-Mittelstufe-2-792x1024.jpg\" class=\"attachment-large size-large wp-image-1700\" alt=\"\" srcset=\"https:\/\/www.sachsen.schule\/~fsgb2dd\/wp-content\/uploads\/2025\/11\/Selbstbildnis-Mittelstufe-2-792x1024.jpg 792w, https:\/\/www.sachsen.schule\/~fsgb2dd\/wp-content\/uploads\/2025\/11\/Selbstbildnis-Mittelstufe-2-232x300.jpg 232w, https:\/\/www.sachsen.schule\/~fsgb2dd\/wp-content\/uploads\/2025\/11\/Selbstbildnis-Mittelstufe-2-768x993.jpg 768w, https:\/\/www.sachsen.schule\/~fsgb2dd\/wp-content\/uploads\/2025\/11\/Selbstbildnis-Mittelstufe-2-1188x1536.jpg 1188w, https:\/\/www.sachsen.schule\/~fsgb2dd\/wp-content\/uploads\/2025\/11\/Selbstbildnis-Mittelstufe-2-1584x2048.jpg 1584w, https:\/\/www.sachsen.schule\/~fsgb2dd\/wp-content\/uploads\/2025\/11\/Selbstbildnis-Mittelstufe-2-scaled.jpg 1980w\" sizes=\"(max-width: 792px) 100vw, 792px\" \/>\t\t\t\t\t\t\t\t\t\t\t\t\t\t\t<\/div>\n\t\t\t\t<\/div>\n\t\t\t\t\t<\/div>\n\t\t\t\t<\/div>\n\t\t<div class=\"elementor-element elementor-element-33d95b3 e-flex e-con-boxed e-con e-parent\" data-id=\"33d95b3\" data-element_type=\"container\" data-e-type=\"container\">\n\t\t\t\t\t<div class=\"e-con-inner\">\n\t\t\t\t<div class=\"elementor-element elementor-element-cc2fb08 elementor-widget elementor-widget-text-editor\" data-id=\"cc2fb08\" data-element_type=\"widget\" data-e-type=\"widget\" data-widget_type=\"text-editor.default\">\n\t\t\t\t<div class=\"elementor-widget-container\">\n\t\t\t\t\t\t\t\t\t<p><strong>Gemeinsame aufgestellte Regeln des t\u00e4glichen Zusammenlebens<\/strong> werden in der Einhaltung ge\u00fcbt und immer wieder gemeinsam reflektiert. Dabei werden die unterschiedlichen individuellen M\u00f6glichkeiten und Entwicklungsst\u00e4nde der Sch\u00fcler in der Klasse akzeptiert und ber\u00fccksichtigt.<\/p>\t\t\t\t\t\t\t\t<\/div>\n\t\t\t\t<\/div>\n\t\t\t\t\t<\/div>\n\t\t\t\t<\/div>\n\t\t<div class=\"elementor-element elementor-element-786c745 e-flex e-con-boxed e-con e-parent\" data-id=\"786c745\" data-element_type=\"container\" data-e-type=\"container\">\n\t\t\t\t\t<div class=\"e-con-inner\">\n\t\t\t\t<div class=\"elementor-element elementor-element-0de9f89 elementor-widget elementor-widget-text-editor\" data-id=\"0de9f89\" data-element_type=\"widget\" data-e-type=\"widget\" data-widget_type=\"text-editor.default\">\n\t\t\t\t<div class=\"elementor-widget-container\">\n\t\t\t\t\t\t\t\t\t<p>Der <b>Bereich Selbstversorgung<\/b> (Hygiene, Mahlzeiten, Kleidung) wird im Sinne der zunehmend selbstst\u00e4ndigen Anwendung je nach individuellem Unterst\u00fctzungsbedarf weiterhin in den Schulalltag integriert, ebenso der verantwortungsvolle Umgang mit pers\u00f6nlichen Gegenst\u00e4nden und Arbeitsmaterialien im Zusammenhang mit dem Fachunterricht.<\/p>\t\t\t\t\t\t\t\t<\/div>\n\t\t\t\t<\/div>\n\t\t\t\t\t<\/div>\n\t\t\t\t<\/div>\n\t\t<div class=\"elementor-element elementor-element-b9c3783 e-flex e-con-boxed e-con e-parent\" data-id=\"b9c3783\" data-element_type=\"container\" data-e-type=\"container\">\n\t\t\t\t\t<div class=\"e-con-inner\">\n\t\t\t\t<div class=\"elementor-element elementor-element-a379100 elementor-widget elementor-widget-text-editor\" data-id=\"a379100\" data-element_type=\"widget\" data-e-type=\"widget\" data-widget_type=\"text-editor.default\">\n\t\t\t\t<div class=\"elementor-widget-container\">\n\t\t\t\t\t\t\t\t\t<p>In der Mittelstufe sind die Lernbereiche Grundlegender Unterricht, Sport- und Schwimmunterricht, Werken, Hauswirtschaft, Musik, Ethik, Wahlpflichtunterricht Bestandteile der Unterrichtstafel.<\/p>\t\t\t\t\t\t\t\t<\/div>\n\t\t\t\t<\/div>\n\t\t\t\t\t<\/div>\n\t\t\t\t<\/div>\n\t\t\t\t<\/div>\n\t\t","protected":false},"excerpt":{"rendered":"<p>4. bis 6. Schulbesuchsjahr Mittelstufe In der Mittelstufe festigen die Sch\u00fcler ihre in der Unterstufe erworbenen Handlungskompetenzen und erweitern diese. [&hellip;]<\/p>\n","protected":false},"author":4,"featured_media":0,"parent":1630,"menu_order":2,"comment_status":"closed","ping_status":"closed","template":"","meta":{"site-sidebar-layout":"no-sidebar","site-content-layout":"","ast-site-content-layout":"full-width-container","site-content-style":"default","site-sidebar-style":"default","ast-global-header-display":"","ast-banner-title-visibility":"","ast-main-header-display":"","ast-hfb-above-header-display":"","ast-hfb-below-header-display":"","ast-hfb-mobile-header-display":"","site-post-title":"disabled","ast-breadcrumbs-content":"","ast-featured-img":"disabled","footer-sml-layout":"","theme-transparent-header-meta":"","adv-header-id-meta":"","stick-header-meta":"","header-above-stick-meta":"","header-main-stick-meta":"","header-below-stick-meta":"","astra-migrate-meta-layouts":"default","ast-page-background-enabled":"default","ast-page-background-meta":{"desktop":{"background-color":"var(--ast-global-color-5)","background-image":"","background-repeat":"repeat","background-position":"center center","background-size":"auto","background-attachment":"scroll","background-type":"","background-media":"","overlay-type":"","overlay-color":"","overlay-opacity":"","overlay-gradient":""},"tablet":{"background-color":"","background-image":"","background-repeat":"repeat","background-position":"center center","background-size":"auto","background-attachment":"scroll","background-type":"","background-media":"","overlay-type":"","overlay-color":"","overlay-opacity":"","overlay-gradient":""},"mobile":{"background-color":"","background-image":"","background-repeat":"repeat","background-position":"center center","background-size":"auto","background-attachment":"scroll","background-type":"","background-media":"","overlay-type":"","overlay-color":"","overlay-opacity":"","overlay-gradient":""}},"ast-content-background-meta":{"desktop":{"background-color":"var(--ast-global-color-4)","background-image":"","background-repeat":"repeat","background-position":"center center","background-size":"auto","background-attachment":"scroll","background-type":"","background-media":"","overlay-type":"","overlay-color":"","overlay-opacity":"","overlay-gradient":""},"tablet":{"background-color":"var(--ast-global-color-4)","background-image":"","background-repeat":"repeat","background-position":"center center","background-size":"auto","background-attachment":"scroll","background-type":"","background-media":"","overlay-type":"","overlay-color":"","overlay-opacity":"","overlay-gradient":""},"mobile":{"background-color":"var(--ast-global-color-4)","background-image":"","background-repeat":"repeat","background-position":"center center","background-size":"auto","background-attachment":"scroll","background-type":"","background-media":"","overlay-type":"","overlay-color":"","overlay-opacity":"","overlay-gradient":""}},"footnotes":""},"class_list":["post-1656","page","type-page","status-publish","hentry"],"_links":{"self":[{"href":"https:\/\/www.sachsen.schule\/~fsgb2dd\/index.php?rest_route=\/wp\/v2\/pages\/1656","targetHints":{"allow":["GET"]}}],"collection":[{"href":"https:\/\/www.sachsen.schule\/~fsgb2dd\/index.php?rest_route=\/wp\/v2\/pages"}],"about":[{"href":"https:\/\/www.sachsen.schule\/~fsgb2dd\/index.php?rest_route=\/wp\/v2\/types\/page"}],"author":[{"embeddable":true,"href":"https:\/\/www.sachsen.schule\/~fsgb2dd\/index.php?rest_route=\/wp\/v2\/users\/4"}],"replies":[{"embeddable":true,"href":"https:\/\/www.sachsen.schule\/~fsgb2dd\/index.php?rest_route=%2Fwp%2Fv2%2Fcomments&post=1656"}],"version-history":[{"count":19,"href":"https:\/\/www.sachsen.schule\/~fsgb2dd\/index.php?rest_route=\/wp\/v2\/pages\/1656\/revisions"}],"predecessor-version":[{"id":1792,"href":"https:\/\/www.sachsen.schule\/~fsgb2dd\/index.php?rest_route=\/wp\/v2\/pages\/1656\/revisions\/1792"}],"up":[{"embeddable":true,"href":"https:\/\/www.sachsen.schule\/~fsgb2dd\/index.php?rest_route=\/wp\/v2\/pages\/1630"}],"wp:attachment":[{"href":"https:\/\/www.sachsen.schule\/~fsgb2dd\/index.php?rest_route=%2Fwp%2Fv2%2Fmedia&parent=1656"}],"curies":[{"name":"wp","href":"https:\/\/api.w.org\/{rel}","templated":true}]}}