{"id":81,"date":"2011-01-20T17:23:25","date_gmt":"2011-01-20T17:23:25","guid":{"rendered":"http:\/\/www.sn.schule.de\/~ernst-zinna-schule-leipzig\/?page_id=81"},"modified":"2025-11-18T08:30:31","modified_gmt":"2025-11-18T08:30:31","slug":"angebote","status":"publish","type":"page","link":"https:\/\/www.sachsen.schule\/~ernst-zinna-schule-leipzig\/?page_id=81","title":{"rendered":"Ganztagsangebote"},"content":{"rendered":"<p>an der Ernst-Zinna-Schule, F\u00f6rderzentrum mit dem F\u00f6rderschwerpunkt Lernen der Stadt Leipzig<\/p>\n<p>Diese Ma\u00dfnahme wird mitfinanziert durch Steuermittel auf der Grundlage des von den Abgeordneten des S\u00e4chsischen Landtages beschlossenen Haushaltes.<\/p>\n<p><strong>Schuljahr 2025\/2026<\/strong><\/p>\n<p><a href=\"https:\/\/drive.google.com\/file\/d\/1JE232ptC8cjKzec2AKtal3EQTRq93yHt\/view?usp=sharing\">Elternbrief mit Erl\u00e4uterungen zu den GTA- Angeboten im Schuljahr 2025\/2026<\/a><\/p>\n<p><a href=\"https:\/\/docs.google.com\/document\/d\/1pu_ElgjP4dLa4-cYuNvzcBPsmJXf19Ac\/edit?usp=sharing&amp;ouid=102804336013725732013&amp;rtpof=true&amp;sd=true\">\u00dcbersicht der Angebote ab dem 20.10.2025<\/a><\/p>\n<p><strong><br \/>\n<\/strong><strong><br \/>\n<\/strong><strong><br \/>\n<\/strong><strong><br \/>\n<\/strong><strong><br \/>\n<\/strong><strong><br \/>\n<\/strong><strong><br \/>\n<\/strong><\/p>\n","protected":false},"excerpt":{"rendered":"<p>an der Ernst-Zinna-Schule, F\u00f6rderzentrum mit dem F\u00f6rderschwerpunkt Lernen der Stadt Leipzig Diese Ma\u00dfnahme wird mitfinanziert durch Steuermittel auf der Grundlage des von den Abgeordneten des S\u00e4chsischen Landtages beschlossenen Haushaltes. Schuljahr 2025\/2026 Elternbrief mit Erl\u00e4uterungen zu den GTA- Angeboten im Schuljahr &hellip; <a href=\"https:\/\/www.sachsen.schule\/~ernst-zinna-schule-leipzig\/?page_id=81\">Weiterlesen <span class=\"meta-nav\">&rarr;<\/span><\/a><\/p>\n","protected":false},"author":1,"featured_media":0,"parent":210,"menu_order":0,"comment_status":"closed","ping_status":"closed","template":"onecolumn-page.php","meta":[],"_links":{"self":[{"href":"https:\/\/www.sachsen.schule\/~ernst-zinna-schule-leipzig\/index.php?rest_route=\/wp\/v2\/pages\/81"}],"collection":[{"href":"https:\/\/www.sachsen.schule\/~ernst-zinna-schule-leipzig\/index.php?rest_route=\/wp\/v2\/pages"}],"about":[{"href":"https:\/\/www.sachsen.schule\/~ernst-zinna-schule-leipzig\/index.php?rest_route=\/wp\/v2\/types\/page"}],"author":[{"embeddable":true,"href":"https:\/\/www.sachsen.schule\/~ernst-zinna-schule-leipzig\/index.php?rest_route=\/wp\/v2\/users\/1"}],"replies":[{"embeddable":true,"href":"https:\/\/www.sachsen.schule\/~ernst-zinna-schule-leipzig\/index.php?rest_route=%2Fwp%2Fv2%2Fcomments&post=81"}],"version-history":[{"count":24,"href":"https:\/\/www.sachsen.schule\/~ernst-zinna-schule-leipzig\/index.php?rest_route=\/wp\/v2\/pages\/81\/revisions"}],"predecessor-version":[{"id":787,"href":"https:\/\/www.sachsen.schule\/~ernst-zinna-schule-leipzig\/index.php?rest_route=\/wp\/v2\/pages\/81\/revisions\/787"}],"up":[{"embeddable":true,"href":"https:\/\/www.sachsen.schule\/~ernst-zinna-schule-leipzig\/index.php?rest_route=\/wp\/v2\/pages\/210"}],"wp:attachment":[{"href":"https:\/\/www.sachsen.schule\/~ernst-zinna-schule-leipzig\/index.php?rest_route=%2Fwp%2Fv2%2Fmedia&parent=81"}],"curies":[{"name":"wp","href":"https:\/\/api.w.org\/{rel}","templated":true}]}}