{"id":6,"date":"2011-01-19T15:24:15","date_gmt":"2011-01-19T15:24:15","guid":{"rendered":"http:\/\/www.sn.schule.de\/~ernst-zinna-schule-leipzig\/?page_id=6"},"modified":"2025-05-03T10:42:00","modified_gmt":"2025-05-03T10:42:00","slug":"herzlich-willkommen","status":"publish","type":"page","link":"https:\/\/www.sachsen.schule\/~ernst-zinna-schule-leipzig\/","title":{"rendered":""},"content":{"rendered":"<p style=\"text-align: center;\">MITEINANDER<br \/>UND F\u00dcREINANDER &#8211;<br \/>SO HANDELN WIR<\/p>\n<p style=\"text-align: center;\"><a href=\"https:\/\/lh3.googleusercontent.com\/urg68RGCZF48JgGUXx5NmHehTlZDRYJ66DWCEaJosiggTcn8lWcq4F342SIgXJXpXpDVpzo6tOEfF8XOZKSqSszS9hCYnpl8RelyVu-SXIK9AzUX53nYQofE_yPq7EJ_D3c893jFmoAnQ_-8GvWexgfrntxmR2iDDlnYG_TBxNUmmo01YvsPzaf0p2_K2A1ELq6NMOVgSPuX0865UQv486dW1pCS-phRwL9rO4xECGeEq5KZayZVLOfr_60S2TrAVMx68UFwg7iD9mblrKwn4xKpzMf8ChIr4QKZxJPtn_OmCFIPeUC5Zh7vsfeZTsKmnA9b7LBuYhzU95g_JWPjVX_ze2e4b-o7d4GgKrn6iyINvR2Nenbna7vZKZh-S7jRC6842pPmZDbgaYUKKEhynox8woTAwL5ajAn6eq3zAv7krdevby30wPlLxJFgs_g6x_9aTachZkfUoQbxvCWwGlxQxEjbqE-uidi6NJjyGEyUyZ2xSwHqhHW66dwydve05P7BcZh0q7Xa6QdW_LK2lYlGK8AIBqb5zQ_4le6naPtAivobMp-b-IAnPB60Bj_yVQDb3dqjfbZ_TzMt_8P2s7QOF0am6b4byQ0-NvDJQPkqOGWTcNjHQYguU7KmlbvS5RV8OdYwjY5GrMniuTl3MZOM9csqoF3yV1dWpG0dMbiazeKA-d6f2rI8qeQW5nxCH1Tpdmf2sp33kHISD60xL8kEgNjQNBCl_iSgPzS4yCMcj2V2klaSPZ8=w300-h303-no\"><img loading=\"lazy\" class=\"aligncenter size-full\" src=\"https:\/\/lh3.googleusercontent.com\/urg68RGCZF48JgGUXx5NmHehTlZDRYJ66DWCEaJosiggTcn8lWcq4F342SIgXJXpXpDVpzo6tOEfF8XOZKSqSszS9hCYnpl8RelyVu-SXIK9AzUX53nYQofE_yPq7EJ_D3c893jFmoAnQ_-8GvWexgfrntxmR2iDDlnYG_TBxNUmmo01YvsPzaf0p2_K2A1ELq6NMOVgSPuX0865UQv486dW1pCS-phRwL9rO4xECGeEq5KZayZVLOfr_60S2TrAVMx68UFwg7iD9mblrKwn4xKpzMf8ChIr4QKZxJPtn_OmCFIPeUC5Zh7vsfeZTsKmnA9b7LBuYhzU95g_JWPjVX_ze2e4b-o7d4GgKrn6iyINvR2Nenbna7vZKZh-S7jRC6842pPmZDbgaYUKKEhynox8woTAwL5ajAn6eq3zAv7krdevby30wPlLxJFgs_g6x_9aTachZkfUoQbxvCWwGlxQxEjbqE-uidi6NJjyGEyUyZ2xSwHqhHW66dwydve05P7BcZh0q7Xa6QdW_LK2lYlGK8AIBqb5zQ_4le6naPtAivobMp-b-IAnPB60Bj_yVQDb3dqjfbZ_TzMt_8P2s7QOF0am6b4byQ0-NvDJQPkqOGWTcNjHQYguU7KmlbvS5RV8OdYwjY5GrMniuTl3MZOM9csqoF3yV1dWpG0dMbiazeKA-d6f2rI8qeQW5nxCH1Tpdmf2sp33kHISD60xL8kEgNjQNBCl_iSgPzS4yCMcj2V2klaSPZ8=w300-h303-no\" alt=\"Schullogo\" width=\"300\" height=\"303\" \/><\/a><\/p>\n<p style=\"text-align: center;\">Schule mit ganzt\u00e4gigen Angeboten<\/p>\n<p style=\"text-align: center;\">&#8222;Bewegte Schule&#8220;<\/p>\n<p style=\"text-align: center;\">&#8222;Schule der Toleranz&#8220;<\/p>\n<p style=\"text-align: center;\">Kooperation mit Initiative brotZEIT e.V.<\/p>\n<p style=\"text-align: center;\">Energiespar -Projekt &#8222;Halbe-Halbe&#8220; der Stadt Leipzig<\/p>\n<p style=\"text-align: center;\"><img loading=\"lazy\" class=\"aligncenter\" title=\"Arbeitskreis SCHULE WIRTSCHAFT Leipzig\" src=\"https:\/\/lh3.googleusercontent.com\/-p50Ps-e1MqE\/VCpYOLCvCVI\/AAAAAAAAAAk\/2AVO3AUPqjw\/w283-h256-no\/Siegel_AK_SW.png\" alt=\"\" width=\"283\" height=\"256\" \/><\/p>\n<p>\u00a0<\/p>\n\n\n<figure class=\"wp-block-image size-large\"><a href=\"http:\/\/www.lsj-qualisiegel.de\" target=\"_blank\" rel=\"noopener\"><img src=\"https:\/\/lsj-sachsen.de\/wp-content\/uploads\/2021\/05\/Magazin_2021_BO-Siegel.png\" alt=\"\"\/><\/a><figcaption>Mehr Informationen zum Qualit\u00e4tssiegel erhalten Sie auf der <a href=\"http:\/\/lsj-qualisiegel.de\" target=\"_blank\" rel=\"noreferrer noopener\">Siegel-Website<\/a>.<\/figcaption><\/figure>\n\n\n\n<p><strong>Transparenzhinweis:<\/strong><\/p>\n\n\n\n<p>Seit 1. Januar 2023 ist das S\u00e4chsische Transparenzgesetz vom 19. August 2022 (S\u00e4chs-GVBI. S. 486) in Kraft. Es gew\u00e4hrt jeder Person ein Recht auf Zugang zu den bei einer transparenzpflichtigen Stelle im Freistaat Sachsen verf\u00fcgbaren Informationen, soweit keine Ausnahme gilt (Tranzparenzanspruch). Schulen sind transparenzpflichtige Stellen nur, soweit Informationen \u00fcber den Namen von Drittmittelgebern, die H\u00f6he der Drittmittel und die Laufzeit der mit Drittmitteln finanzierten abgeschlossenen Forschungsvorhaben betroffen sind.<\/p>\n","protected":false},"excerpt":{"rendered":"<p>MITEINANDERUND F\u00dcREINANDER &#8211;SO HANDELN WIR Schule mit ganzt\u00e4gigen Angeboten &#8222;Bewegte Schule&#8220; &#8222;Schule der Toleranz&#8220; Kooperation mit Initiative brotZEIT e.V. Energiespar -Projekt &#8222;Halbe-Halbe&#8220; der Stadt Leipzig \u00a0 Transparenzhinweis: Seit 1. Januar 2023 ist das S\u00e4chsische Transparenzgesetz vom 19. August 2022 (S\u00e4chs-GVBI. &hellip; <a href=\"https:\/\/www.sachsen.schule\/~ernst-zinna-schule-leipzig\/\">Weiterlesen <span class=\"meta-nav\">&rarr;<\/span><\/a><\/p>\n","protected":false},"author":1,"featured_media":0,"parent":0,"menu_order":0,"comment_status":"closed","ping_status":"closed","template":"onecolumn-page.php","meta":[],"_links":{"self":[{"href":"https:\/\/www.sachsen.schule\/~ernst-zinna-schule-leipzig\/index.php?rest_route=\/wp\/v2\/pages\/6"}],"collection":[{"href":"https:\/\/www.sachsen.schule\/~ernst-zinna-schule-leipzig\/index.php?rest_route=\/wp\/v2\/pages"}],"about":[{"href":"https:\/\/www.sachsen.schule\/~ernst-zinna-schule-leipzig\/index.php?rest_route=\/wp\/v2\/types\/page"}],"author":[{"embeddable":true,"href":"https:\/\/www.sachsen.schule\/~ernst-zinna-schule-leipzig\/index.php?rest_route=\/wp\/v2\/users\/1"}],"replies":[{"embeddable":true,"href":"https:\/\/www.sachsen.schule\/~ernst-zinna-schule-leipzig\/index.php?rest_route=%2Fwp%2Fv2%2Fcomments&post=6"}],"version-history":[{"count":33,"href":"https:\/\/www.sachsen.schule\/~ernst-zinna-schule-leipzig\/index.php?rest_route=\/wp\/v2\/pages\/6\/revisions"}],"predecessor-version":[{"id":736,"href":"https:\/\/www.sachsen.schule\/~ernst-zinna-schule-leipzig\/index.php?rest_route=\/wp\/v2\/pages\/6\/revisions\/736"}],"wp:attachment":[{"href":"https:\/\/www.sachsen.schule\/~ernst-zinna-schule-leipzig\/index.php?rest_route=%2Fwp%2Fv2%2Fmedia&parent=6"}],"curies":[{"name":"wp","href":"https:\/\/api.w.org\/{rel}","templated":true}]}}