{"id":58,"date":"2011-01-20T16:58:17","date_gmt":"2011-01-20T16:58:17","guid":{"rendered":"http:\/\/www.sn.schule.de\/~ernst-zinna-schule-leipzig\/?page_id=58"},"modified":"2014-07-04T07:22:57","modified_gmt":"2014-07-04T07:22:57","slug":"automatisch-gespeicherter-entwurf-4","status":"publish","type":"page","link":"https:\/\/www.sachsen.schule\/~ernst-zinna-schule-leipzig\/?page_id=58","title":{"rendered":"Damals"},"content":{"rendered":"<p>Die F\u00f6rderschule wurde 1936 als Hilfsschule Leipzig-S\u00fcd gegr\u00fcndet. Bei der Ausbombung 1943 verlor die Schule alles Eigentum bis auf das Duplikat der Sch\u00fclerkartei. Nun musste die Hilfsschule S\u00fcd ihr Wanderleben beginnen, so dass sie 1946 bei ihrem zehnj\u00e4hrigen Bestehen zehn Umz\u00fcge \u00fcberstanden hatte.<br \/>\n<img src=\"http:\/\/www.sn.schule.de\/~ernst-zinna-schule-leipzig\/wp-content\/img\/alt1.jpg\" alt=\"Hilfsschule Leipzig-S\u00fcd, 1936\" \/><img src=\"http:\/\/www.sn.schule.de\/~ernst-zinna-schule-leipzig\/wp-content\/img\/alt2.jpg\" alt=\"Hilfsschule Leipzig-S\u00fcd, 1936\" \/><br \/>\nDas neue Schulhaus war das Wohnhaus des ehemaligen Klostergutes in der Prinz-Eugen-Stra\u00dfe. Da das ehemalige Wohnhaus der st\u00e4ndig gr\u00f6\u00dfer werdenden Sch\u00fclerzahl nicht mehr gerecht wurde, gelang es 1953 das Vorderhaus (fr\u00fcher Stallungen) f\u00fcr Unterrichtszwecke zu nutzen.<\/p>\n<p>1953 wurde auch die Vorschuleinrichtung er\u00f6ffnet. In dieser Einrichtung sollte versucht werden, hilfsschulbed\u00fcrftige, aber noch nicht hilfsschulf\u00e4hige Kinder f\u00fcr den Besuch der Hilfsschule vorzubereiten. Ebenfalls 1953 begann die Hilfsschule Leipzig-S\u00fcd mit der Einrichtung eines Hortes. Die Bem\u00fchungen um ein eigenes, den unterrichtlichen Erfordernissen entsprechendes Schulgeb\u00e4ude gingen st\u00e4ndig weiter.<\/p>\n<p>1976 &#8211; nach genau 30 Jahren &#8211; wurde dann im Geb\u00e4ude Wincklerstra\u00dfe 3\/5 ein neues Domizil gefunden. Nach umfangreichen Umbauma\u00dfnahmen begann am 1. September der Unterricht in der Wincklerstra\u00dfe f\u00fcr zwei Schulen: der Fritz-Austel-Oberschule und der Ernst-Zinna-Schule (Namensgebung am 15.09.1976). Unsere Sch\u00fclerzahlen enwickelten sich in den folgenden Jahren so, dass auch die Raumkapazit\u00e4t im jetzigen Schulgeb\u00e4ude nicht mehr ausreichte.<\/p>\n<p>Ab dem Schuljahr 1991\/92 wurden f\u00fcnf Klassen im Geb\u00e4ude der Erich-Weinert-Oberschule in der Gersterstra\u00dfe unterrichtet. Zum Ende des Schuljahres zog die gesamte Ernst-Zinna-Schule in die Gersterstra\u00dfe um. Jetzt teilten wir uns das Geb\u00e4ude mit der 7. Grundschule. Auch hier wurde der Platz eng. Die F\u00f6rderschule konnte in diesem Geb\u00e4ude nur 1,5-z\u00fcgig gef\u00fchrt werden und f\u00fcr die Ganztagsbetreuung stand nur ein Gruppenraum zur Verf\u00fcgung.<br \/>\n<img src=\"http:\/\/www.sn.schule.de\/~ernst-zinna-schule-leipzig\/wp-content\/img\/schule5.jpg\" alt=\"Gersterstra\u00dfe\" \/><br \/>\nMit Ratsbeschluss der Stadt Leipzig vom 22.05.2002 wurde der Wechsel der Ernst-Zinna-Schule in das Geb\u00e4ude der 8. Mittelschule (nach deren Aufhebung) wieder in der Wincklerstra\u00dfe 3\/5 festgelegt.<br \/>\n<img src=\"http:\/\/www.sn.schule.de\/~ernst-zinna-schule-leipzig\/wp-content\/img\/schule_klein.jpg\" alt=\"Wincklerstra\u00dfe\" \/><br \/>\nNach erneuten Umbauma\u00dfnahmen erfolgte zum Schuljahresende 2003\/04 der Umzug unserer Schule in das neue Schulgeb\u00e4ude, das wir jetzt gemeinsam mit der 8. Grundschule nutzen. Nach fast 70 Jahren stehen unseren Sch\u00fclern und Lehrern erstmals sehr gute Arbeitsbedingungen zur Verf\u00fcgung.<\/p>\n","protected":false},"excerpt":{"rendered":"<p>Die F\u00f6rderschule wurde 1936 als Hilfsschule Leipzig-S\u00fcd gegr\u00fcndet. Bei der Ausbombung 1943 verlor die Schule alles Eigentum bis auf das Duplikat der Sch\u00fclerkartei. Nun musste die Hilfsschule S\u00fcd ihr Wanderleben beginnen, so dass sie 1946 bei ihrem zehnj\u00e4hrigen Bestehen zehn &hellip; <a href=\"https:\/\/www.sachsen.schule\/~ernst-zinna-schule-leipzig\/?page_id=58\">Weiterlesen <span class=\"meta-nav\">&rarr;<\/span><\/a><\/p>\n","protected":false},"author":1,"featured_media":0,"parent":218,"menu_order":2,"comment_status":"closed","ping_status":"closed","template":"onecolumn-page.php","meta":[],"_links":{"self":[{"href":"https:\/\/www.sachsen.schule\/~ernst-zinna-schule-leipzig\/index.php?rest_route=\/wp\/v2\/pages\/58"}],"collection":[{"href":"https:\/\/www.sachsen.schule\/~ernst-zinna-schule-leipzig\/index.php?rest_route=\/wp\/v2\/pages"}],"about":[{"href":"https:\/\/www.sachsen.schule\/~ernst-zinna-schule-leipzig\/index.php?rest_route=\/wp\/v2\/types\/page"}],"author":[{"embeddable":true,"href":"https:\/\/www.sachsen.schule\/~ernst-zinna-schule-leipzig\/index.php?rest_route=\/wp\/v2\/users\/1"}],"replies":[{"embeddable":true,"href":"https:\/\/www.sachsen.schule\/~ernst-zinna-schule-leipzig\/index.php?rest_route=%2Fwp%2Fv2%2Fcomments&post=58"}],"version-history":[{"count":11,"href":"https:\/\/www.sachsen.schule\/~ernst-zinna-schule-leipzig\/index.php?rest_route=\/wp\/v2\/pages\/58\/revisions"}],"predecessor-version":[{"id":220,"href":"https:\/\/www.sachsen.schule\/~ernst-zinna-schule-leipzig\/index.php?rest_route=\/wp\/v2\/pages\/58\/revisions\/220"}],"up":[{"embeddable":true,"href":"https:\/\/www.sachsen.schule\/~ernst-zinna-schule-leipzig\/index.php?rest_route=\/wp\/v2\/pages\/218"}],"wp:attachment":[{"href":"https:\/\/www.sachsen.schule\/~ernst-zinna-schule-leipzig\/index.php?rest_route=%2Fwp%2Fv2%2Fmedia&parent=58"}],"curies":[{"name":"wp","href":"https:\/\/api.w.org\/{rel}","templated":true}]}}