{"id":527,"date":"2021-09-08T09:14:46","date_gmt":"2021-09-08T09:14:46","guid":{"rendered":"http:\/\/www.sachsen.schule\/~ernst-zinna-schule-leipzig\/?page_id=527"},"modified":"2021-09-08T09:14:46","modified_gmt":"2021-09-08T09:14:46","slug":"digitales-lernen","status":"publish","type":"page","link":"https:\/\/www.sachsen.schule\/~ernst-zinna-schule-leipzig\/?page_id=527","title":{"rendered":"Digitales Lernen"},"content":{"rendered":"\n<p>Die Sch\u00fclerinnen und Sch\u00fcler erwerben im Fachunterricht grundlegende (Primarstufe) sowie erweiterte (Sekundarstufe) Kenntnisse und Fertigkeiten zum sachgerechten, selbstbestimmten, verantwortungsvollen und kreativen Umgang mit verschiedenen Medien.<\/p>\n\n\n\n<p>Neben herk\u00f6mmlichen analogen Arbeitsmitteln nutzen sie auch Desktop-PCs und Ipads als Lern- und Kommunikationsmittel.<\/p>\n\n\n\n<p>Die Sch\u00fclerinnen und Sch\u00fcler lernen fach\u00fcbergreifend die M\u00f6glichkeiten digitaler Medien zur Informationsbeschaffung, -verarbeitung und -pr\u00e4sentation kennen und nutzen.<\/p>\n\n\n\n<p>Beim Einsatz digitaler Medien werden die individuellen Lernvoraussetzungen sowie Art und Umfang des sonderp\u00e4dagogischen F\u00f6rderbedarfs ber\u00fccksichtigt.<\/p>\n\n\n\n<p>Im Rahmen der F\u00f6rder- und DAZ-Stunden verbessern die Sch\u00fclerinnen und Sch\u00fcler ihre Kenntnisse und F\u00e4higkeiten mit Hilfe spezieller Lernsoftware (z.B. Budenberg), Textverarbeitungsprogrammen und ausgew\u00e4hlten Online-Angeboten.<\/p>\n\n\n\n<p>Die Lehrerinnen und Lehrer greifen auf die Ressourcen des Schulnetzwerks und des Internets zur\u00fcck, um Unterrichtsmaterialien bereitzustellen und Inhalte mit Hilfe interaktiver Tafeln und Beamer-Systemen anschaulich zu vermitteln.<\/p>\n","protected":false},"excerpt":{"rendered":"<p>Die Sch\u00fclerinnen und Sch\u00fcler erwerben im Fachunterricht grundlegende (Primarstufe) sowie erweiterte (Sekundarstufe) Kenntnisse und Fertigkeiten zum sachgerechten, selbstbestimmten, verantwortungsvollen und kreativen Umgang mit verschiedenen Medien. Neben herk\u00f6mmlichen analogen Arbeitsmitteln nutzen sie auch Desktop-PCs und Ipads als Lern- und Kommunikationsmittel. Die &hellip; <a href=\"https:\/\/www.sachsen.schule\/~ernst-zinna-schule-leipzig\/?page_id=527\">Weiterlesen <span class=\"meta-nav\">&rarr;<\/span><\/a><\/p>\n","protected":false},"author":1,"featured_media":0,"parent":172,"menu_order":0,"comment_status":"closed","ping_status":"closed","template":"","meta":[],"_links":{"self":[{"href":"https:\/\/www.sachsen.schule\/~ernst-zinna-schule-leipzig\/index.php?rest_route=\/wp\/v2\/pages\/527"}],"collection":[{"href":"https:\/\/www.sachsen.schule\/~ernst-zinna-schule-leipzig\/index.php?rest_route=\/wp\/v2\/pages"}],"about":[{"href":"https:\/\/www.sachsen.schule\/~ernst-zinna-schule-leipzig\/index.php?rest_route=\/wp\/v2\/types\/page"}],"author":[{"embeddable":true,"href":"https:\/\/www.sachsen.schule\/~ernst-zinna-schule-leipzig\/index.php?rest_route=\/wp\/v2\/users\/1"}],"replies":[{"embeddable":true,"href":"https:\/\/www.sachsen.schule\/~ernst-zinna-schule-leipzig\/index.php?rest_route=%2Fwp%2Fv2%2Fcomments&post=527"}],"version-history":[{"count":1,"href":"https:\/\/www.sachsen.schule\/~ernst-zinna-schule-leipzig\/index.php?rest_route=\/wp\/v2\/pages\/527\/revisions"}],"predecessor-version":[{"id":528,"href":"https:\/\/www.sachsen.schule\/~ernst-zinna-schule-leipzig\/index.php?rest_route=\/wp\/v2\/pages\/527\/revisions\/528"}],"up":[{"embeddable":true,"href":"https:\/\/www.sachsen.schule\/~ernst-zinna-schule-leipzig\/index.php?rest_route=\/wp\/v2\/pages\/172"}],"wp:attachment":[{"href":"https:\/\/www.sachsen.schule\/~ernst-zinna-schule-leipzig\/index.php?rest_route=%2Fwp%2Fv2%2Fmedia&parent=527"}],"curies":[{"name":"wp","href":"https:\/\/api.w.org\/{rel}","templated":true}]}}