{"id":523,"date":"2021-09-08T09:11:30","date_gmt":"2021-09-08T09:11:30","guid":{"rendered":"http:\/\/www.sachsen.schule\/~ernst-zinna-schule-leipzig\/?page_id=523"},"modified":"2021-09-08T09:11:30","modified_gmt":"2021-09-08T09:11:30","slug":"klassenleiterprinzip","status":"publish","type":"page","link":"https:\/\/www.sachsen.schule\/~ernst-zinna-schule-leipzig\/?page_id=523","title":{"rendered":"Klassenleiterprinzip"},"content":{"rendered":"\n<p>Unsere Schule arbeitet nach dem Klassenleiterprinzip. Klassenleiterprinzip bedeute, dass m\u00f6glichst viele Unterrichtsf\u00e4cher in der Hand des Klassenleiters\/ der Klassenleiterin liegen.<\/p>\n\n\n\n<p>Ist das Verfahren in der Primarstufe noch leichter durchf\u00fchrbar, so bem\u00fchen wir uns auch in der Sekundarstufe den Deutsch- und Mathematikunterricht durch den Klassenleiter\/ die Klassenlehrerin abzudecken sowie gegebenenfalls durch ihn erteilen zu lassen.<\/p>\n\n\n\n<p>Was ist die Motivation f\u00fcr dieses Prinzip?<\/p>\n\n\n\n<p>Aus jahrelangen beruflichen Erfahrungen wissen wir wie wichtig gerade f\u00fcr unsere Sch\u00fclerInnen die enge Beziehung zu einer Kontaktperson ist. So f\u00f6rdert diese Arbeitsweise die emotionale Entwicklung der Sch\u00fclerInnen positiv, hilft ein gutes Klassenklima herbeizuf\u00fchren sowie schafft eine ideale Basis f\u00fcr erfolgreiches Lernen.<\/p>\n\n\n\n<p>Der enge Bezug des Klassenlehrers\/ der Klassenlehrerin zur Klasse erm\u00f6glicht die Verkn\u00fcpfung von sozialen Zielen mit der Verwirklichung von Bildungsinhalten.<\/p>\n\n\n\n<p>Sehr engmaschig k\u00f6nnen Probleme erkannt angesprochen und zielgerichtet individuell oder mit der Klassengemeinschaft bearbeitet werden. Diese Zusammenarbeit \u00fcber viele Stunden in der Schulwoche f\u00f6rdert die Kontinuit\u00e4t der Arbeit in der Klasse.<\/p>\n\n\n\n<p>Die umfassenden Kenntnisse der KlassenlehrerInnen wirken sich au\u00dferdem positiv auf die enge Zusammenarbeit mit allen p\u00e4dagogischen Kr\u00e4ften der Schule aus.<\/p>\n\n\n\n<p>Durch den Einsatz von Projektunterricht, Werkstattarbeit, F\u00e4cherverbund und anderen Lernformen auf Schulebene wird das Lernen vielseitig, praktisch und lebensnah gestaltet.<\/p>\n\n\n\n<p>Besonders ist f\u00fcr die individuelle F\u00f6rderung einzelner Sch\u00fclerInnen hinsichtlich der Verbesserung schulischer Leistungen sowie sozialer Kompetenzen. Dabei wirken unterst\u00fctzend die Schulsozialarbeit, die Ergotherapie sowie die Angebote im Rahmen der Ganztagsschule. Hier finden die Sch\u00fcler ein reichhaltiges Angebot an handwerklichen, musischen, k\u00fcnstlerischen, sportlichen und umweltorientierten T\u00e4tigkeiten \u00fcber den Unterricht hinaus.<\/p>\n\n\n\n<p>Die Verkn\u00fcpfung von Unterricht und au\u00dferunterrichtlichen Angeboten f\u00f6rdert eine umfassende Vorbereitung auf die zuk\u00fcnftige berufliche Ausbildung unserer Sch\u00fclerInnen.<\/p>\n","protected":false},"excerpt":{"rendered":"<p>Unsere Schule arbeitet nach dem Klassenleiterprinzip. Klassenleiterprinzip bedeute, dass m\u00f6glichst viele Unterrichtsf\u00e4cher in der Hand des Klassenleiters\/ der Klassenleiterin liegen. Ist das Verfahren in der Primarstufe noch leichter durchf\u00fchrbar, so bem\u00fchen wir uns auch in der Sekundarstufe den Deutsch- und &hellip; <a href=\"https:\/\/www.sachsen.schule\/~ernst-zinna-schule-leipzig\/?page_id=523\">Weiterlesen <span class=\"meta-nav\">&rarr;<\/span><\/a><\/p>\n","protected":false},"author":1,"featured_media":0,"parent":172,"menu_order":0,"comment_status":"closed","ping_status":"closed","template":"","meta":[],"_links":{"self":[{"href":"https:\/\/www.sachsen.schule\/~ernst-zinna-schule-leipzig\/index.php?rest_route=\/wp\/v2\/pages\/523"}],"collection":[{"href":"https:\/\/www.sachsen.schule\/~ernst-zinna-schule-leipzig\/index.php?rest_route=\/wp\/v2\/pages"}],"about":[{"href":"https:\/\/www.sachsen.schule\/~ernst-zinna-schule-leipzig\/index.php?rest_route=\/wp\/v2\/types\/page"}],"author":[{"embeddable":true,"href":"https:\/\/www.sachsen.schule\/~ernst-zinna-schule-leipzig\/index.php?rest_route=\/wp\/v2\/users\/1"}],"replies":[{"embeddable":true,"href":"https:\/\/www.sachsen.schule\/~ernst-zinna-schule-leipzig\/index.php?rest_route=%2Fwp%2Fv2%2Fcomments&post=523"}],"version-history":[{"count":1,"href":"https:\/\/www.sachsen.schule\/~ernst-zinna-schule-leipzig\/index.php?rest_route=\/wp\/v2\/pages\/523\/revisions"}],"predecessor-version":[{"id":524,"href":"https:\/\/www.sachsen.schule\/~ernst-zinna-schule-leipzig\/index.php?rest_route=\/wp\/v2\/pages\/523\/revisions\/524"}],"up":[{"embeddable":true,"href":"https:\/\/www.sachsen.schule\/~ernst-zinna-schule-leipzig\/index.php?rest_route=\/wp\/v2\/pages\/172"}],"wp:attachment":[{"href":"https:\/\/www.sachsen.schule\/~ernst-zinna-schule-leipzig\/index.php?rest_route=%2Fwp%2Fv2%2Fmedia&parent=523"}],"curies":[{"name":"wp","href":"https:\/\/api.w.org\/{rel}","templated":true}]}}