{"id":52,"date":"2011-01-20T16:56:48","date_gmt":"2011-01-20T16:56:48","guid":{"rendered":"http:\/\/www.sn.schule.de\/~ernst-zinna-schule-leipzig\/?page_id=52"},"modified":"2024-08-03T12:18:44","modified_gmt":"2024-08-03T12:18:44","slug":"automatisch-gespeicherter-entwurf-3","status":"publish","type":"page","link":"https:\/\/www.sachsen.schule\/~ernst-zinna-schule-leipzig\/?page_id=52","title":{"rendered":"Betreuungsangebot"},"content":{"rendered":"<p align=\"center\"><a href=\"http:\/\/www.sn.schule.de\/~ernst-zinna-schule-leipzig\/?page_id=124\">Team<\/a><\/p>\n<p align=\"center\"><a href=\"http:\/\/www.sn.schule.de\/~ernst-zinna-schule-leipzig\/?page_id=129\">Leitbild<\/a><\/p>\n<p align=\"center\"><strong><em>Kapazit\u00e4t:<\/em><\/strong><\/p>\n<p align=\"center\">60 Pl\u00e4tze<\/p>\n<p align=\"center\"><strong><em>Struktur:<\/em><\/strong><\/p>\n<p align=\"center\">1.- 7. Klasse<\/p>\n<p align=\"center\"><strong><em>\u00d6ffnungszeiten:<\/em><\/strong><\/p>\n<p align=\"center\">Fr\u00fchhort 6.00- 8.00 Uhr<br \/>\nUnterrichtsende- 17.00 Uhr<\/p>\n<p align=\"center\"><strong><em>Ferienbetreuung:<\/em><\/strong><\/p>\n<p align=\"center\">6.00- 17.00 Uhr<\/p>\n<p align=\"center\"><strong><em>Schlie\u00dfzeiten:<\/em><\/strong><\/p>\n<p align=\"center\">14 Tage in den Sommerferien<br \/>\nWeihnachten\/Neujahr<br \/>\nBr\u00fcckentag nach Himmelfahrt<\/p>\n","protected":false},"excerpt":{"rendered":"<p>Team Leitbild Kapazit\u00e4t: 60 Pl\u00e4tze Struktur: 1.- 7. Klasse \u00d6ffnungszeiten: Fr\u00fchhort 6.00- 8.00 Uhr Unterrichtsende- 17.00 Uhr Ferienbetreuung: 6.00- 17.00 Uhr Schlie\u00dfzeiten: 14 Tage in den Sommerferien Weihnachten\/Neujahr Br\u00fcckentag nach Himmelfahrt<\/p>\n","protected":false},"author":1,"featured_media":0,"parent":0,"menu_order":8,"comment_status":"closed","ping_status":"closed","template":"onecolumn-page.php","meta":[],"_links":{"self":[{"href":"https:\/\/www.sachsen.schule\/~ernst-zinna-schule-leipzig\/index.php?rest_route=\/wp\/v2\/pages\/52"}],"collection":[{"href":"https:\/\/www.sachsen.schule\/~ernst-zinna-schule-leipzig\/index.php?rest_route=\/wp\/v2\/pages"}],"about":[{"href":"https:\/\/www.sachsen.schule\/~ernst-zinna-schule-leipzig\/index.php?rest_route=\/wp\/v2\/types\/page"}],"author":[{"embeddable":true,"href":"https:\/\/www.sachsen.schule\/~ernst-zinna-schule-leipzig\/index.php?rest_route=\/wp\/v2\/users\/1"}],"replies":[{"embeddable":true,"href":"https:\/\/www.sachsen.schule\/~ernst-zinna-schule-leipzig\/index.php?rest_route=%2Fwp%2Fv2%2Fcomments&post=52"}],"version-history":[{"count":14,"href":"https:\/\/www.sachsen.schule\/~ernst-zinna-schule-leipzig\/index.php?rest_route=\/wp\/v2\/pages\/52\/revisions"}],"predecessor-version":[{"id":675,"href":"https:\/\/www.sachsen.schule\/~ernst-zinna-schule-leipzig\/index.php?rest_route=\/wp\/v2\/pages\/52\/revisions\/675"}],"wp:attachment":[{"href":"https:\/\/www.sachsen.schule\/~ernst-zinna-schule-leipzig\/index.php?rest_route=%2Fwp%2Fv2%2Fmedia&parent=52"}],"curies":[{"name":"wp","href":"https:\/\/api.w.org\/{rel}","templated":true}]}}