{"id":514,"date":"2021-09-08T09:01:00","date_gmt":"2021-09-08T09:01:00","guid":{"rendered":"http:\/\/www.sachsen.schule\/~ernst-zinna-schule-leipzig\/?page_id=514"},"modified":"2021-09-08T09:01:00","modified_gmt":"2021-09-08T09:01:00","slug":"staerkung-der-sozialkompetenzen","status":"publish","type":"page","link":"https:\/\/www.sachsen.schule\/~ernst-zinna-schule-leipzig\/?page_id=514","title":{"rendered":"St\u00e4rkung der Sozialkompetenzen"},"content":{"rendered":"\n<p>Das Lern- und Leistungspotential der Sch\u00fcler soll so genutzt werden, dass sich anwendungsbereites Wissen und K\u00f6nnen entwickeln kann.<\/p>\n\n\n\n<p class=\"has-blue-color has-text-color\" style=\"font-size:17px\"><em><strong>WIR WOLLEN: &#8211; die St\u00e4rken der Sch\u00fcler nutzen und diese gezielt Unterrichtsplanung und Unterrichtsgestaltung einbauen.<\/strong><\/em><\/p>\n\n\n\n<p>Die Umsetzung erfolgt u.a. im Rahmen von <strong>ETEP<\/strong> an unserer Schule.<\/p>\n\n\n\n<p><strong>ETEP <\/strong>an unserer Schule- was hei\u00dft das?!<\/p>\n\n\n\n<p><strong>ETEP<\/strong> bedeutet Entwicklungstherapie\/ Entwicklungsp\u00e4dagogik<\/p>\n\n\n\n<p>Um unsere Kinder mit F\u00f6rderbedarf besser unterst\u00fctzen zu k\u00f6nnen, haben vier Kollegen unserer Schule die <strong>ETEP<\/strong>&#8211; Ausbildung absolviert. Dadurch ist es m\u00f6glich Kinder aus der Gruppe detailliert in ihrem Leistungs- und Entwicklungsstand einzusch\u00e4tzen und entsprechende Ziele festzulegen. Der Fokus liegt dabei auf dem Stand der Entwicklung des einzelnen Kindes und welcher Schritt bei diesem Kind der n\u00e4chste sein kann. Die F\u00f6rderung zielt dabei auf den Ausbau sozial- emotionaler F\u00e4higkeiten und orientiert sich an den St\u00e4rken und Ressourcen der Kinder.<\/p>\n\n\n\n<p>Die Sch\u00fcler erhalten ihrem Entwicklungsstand angepasste <strong>F\u00f6rderziele<\/strong>, die auch gemeinsam mit dem Sch\u00fcler festgelegt werden k\u00f6nnen. Die P\u00e4dagogen sorgen mit dem speziell auf die F\u00f6rderziele abgestimmten Unterricht daf\u00fcr, dass die Sch\u00fcler ihre Ziele erreichen und <strong>Erfolg erleben<\/strong>.<\/p>\n\n\n\n<p>Es werden <strong>Unterrichtsthemen <\/strong>ausgew\u00e4hlt, die den Sch\u00fclern Identifikationsm\u00f6glichkeiten bieten und ihre sozial- emotionalen Anliegen treffen. Da es verhaltensauff\u00e4lligen Kindern in der Regel an innerer Sicherheit und Struktur mangelt, ist die \u00e4u\u00dfere Strukturierung das entscheidende Gestaltungselement, um Sicherheit zu vermitteln.<\/p>\n\n\n\n<p>Die Form und das Ma\u00df der Strukturierung werden der jeweiligen Entwicklungsstufe angepasst.<\/p>\n\n\n\n<p>Die <strong>4 Leitgedanken<\/strong>, welche Eckpfeiler des ETEP- Programms darstellen, werden im Unterricht ebenfalls ber\u00fccksichtigt:<\/p>\n\n\n\n<p><em><strong>Den Blick auf die St\u00e4rken richten<\/strong><\/em><\/p>\n\n\n\n<p>Dadurch, dass die St\u00e4rken eines Kindes in den Blick genommen werden,\u00a0wird sein Selbstvertrauen gef\u00f6rdert und der Aufbau von Verhaltensweisen, die entwicklungsangemessen sind, unterst\u00fctzt.<\/p>\n\n\n\n<p><strong> <em>Der Entwicklungslogik folgen<\/em><\/strong><\/p>\n\n\n\n<p>Der normale Prozess der sozialen, emotionalen und verhaltensbezogenen\u00a0\u00a0Entwicklung nimmt einen vorhersagbaren und geordneten Verlauf. Dar\u00fcber hinaus tragen jedoch biologische Voraussetzungen und vorausgegangene Erfahrungen mit anderen Menschen dazu bei, dass sich die Reise eines jeden Kindes auf diesem Entwicklungsweg einzigartig gestaltet. Da wir auf die Individualit\u00e4t eines jeden Kindes innerhalb der typischen Entwicklungsverl\u00e4ufe sensibel achten, wird das Pers\u00f6nlichkeitswachstum unterst\u00fctzt.<\/p>\n\n\n\n<p><strong><em>Freude und Erfolg gew\u00e4hrleisten<\/em><\/strong><\/p>\n\n\n\n<p>Die Bereitschaft eines jungen Menschen, neue Verhaltensweisen zu erproben, h\u00e4ngt ab von signifikanten, zufriedenstellenden vergangenen Erfahrungen. Aus diesem Grund werden den Kindern die M\u00f6glichkeiten f\u00fcr solche Erfahrungen er\u00f6ffnet und sie damit zum Erlernen neuer Verhaltensweisen motiviert.<\/p>\n\n\n\n<p><strong><em>F\u00fcr bedeutsame Erfahrungen sorgen<\/em><\/strong><\/p>\n\n\n\n<p>Lernen geschieht durch Ereignisse, die sowohl pers\u00f6nlich als auch gesellschaftlich bedeutsam sind. Es erweitert sich dann auf alle Lebensbereiche des Kindes. Das Erziehungsprogramm l\u00e4sst sich auf die Lebenswelt des Kindes au\u00dferhalb des Unterrichts \u00fcbertragen, so dass die im Programm erworbenen Verhaltensf\u00e4higkeiten im realen Lebensumfeld zufriedenstellende Ergebnisse erbringen.<\/p>\n\n\n\n<p class=\"has-blue-color has-text-color\" style=\"font-size:17px\"><em><strong>WIR WOLLEN: Entwicklung der Unterrichtsgestaltung um Sch\u00fcler mit Migrationshintergrund zu unterrichten (DAZ).<\/strong><\/em><\/p>\n\n\n\n<p>Absicherung, dass DAZ- Unterricht stattfindet, Unterrichtsimmanente Sprachf\u00f6rderung, Sprachstandsanalyse bei neuen Sch\u00fclern mit Migrationshintergrund, Differenzierung hinsichtlich:\u00a0\u00a0Fachwortschatz, Aufgabenumfang, Sprachniveau, Bewertungsma\u00dfstab, Anschaulichkeit<\/p>\n\n\n\n<p class=\"has-blue-color has-text-color\" style=\"font-size:17px\"><em><strong>WIR WOLLEN: &#8211; die Konfliktl\u00f6sef\u00e4higkeit der Sch\u00fcler weiterentwickeln.<\/strong><\/em><\/p>\n\n\n\n<ul><li>Streitschlichtung &#8211; Vorstellung der Streitschlichter in den Klassen \u00ad\u00ad\u00ad, Streitschlichtung berichtet  im Sch\u00fclerrat und\u00a0 zweimal j\u00e4hrlich in der Dienstberatung, Ausbildung der neuen Streitschlichter ab Klasse 5, Kooperation mit Fair Play der Ganztagsbetreuung<\/li><li>Soziales Lernen ab Klasse 1-  dient dem Erwerb bzw. der F\u00f6rderung sozialer Kompetenzen,  Wahrnehmung eigener Gef\u00fchle und Bed\u00fcrfnisse, Erlernen ad\u00e4quaten Verhaltens in der Gruppe (Regeleinhaltung, Zuh\u00f6ren, Zulassen anderer Meinungen), Achtsame Kommunikation, gewaltfreies Handeln und Toleranz gegen\u00fcber Andersartigkeit , Aufkl\u00e4rung durch Mobbingprojekt, f\u00e4cherverbindender Unterricht zu Themen, die Sch\u00fcler oder Lehrer abwechselnd bestimmen ( die Sch\u00fcler arbeiten klassen\u00fcbergreifend, k\u00f6nnen t\u00e4glich wechseln und in verschiedenen Bereichen t\u00e4tig werden oder aber auch an geschlossenen Projekten teilnehmen)<\/li><li>Sch\u00fclerrat (siehe Seite zum Sch\u00fclerrat)<\/li><\/ul>\n\n\n\n<p class=\"has-blue-color has-text-color\" style=\"font-size:17px\"><em><strong>WIR WOLLEN: &#8211; Freizeitangebote nutzen.<\/strong><\/em><\/p>\n\n\n\n<ul><li>zwangloses treffen und gemeinsam freie Zeit verbringen<\/li><li><strong>Ganztagsangebote<\/strong> von Lehrern oder von au\u00dferschulischen Institutionen gestaltet<\/li><li>Organisation von gemeinsamen Veranstaltungen<\/li><\/ul>\n\n\n\n<p>An unserer Schule stehen folgende Angebote zur Verf\u00fcgung:<\/p>\n\n\n\n<ul><li>Keramik, Orientalischer Tanz, Entspannungstechniken f\u00fcr die Kleinen, Holzwerkstatt, Fahrradwerkstatt, Gesunde Ern\u00e4hrung, Lesezirkel, Berufsorientierung \u2013 Buchprojekt, Graffiti, Wir machen Musik, Gestaltung einer gr\u00fcnen Oase, Gestaltung Schulhaus und Schulgarten, Chor, Fl\u00f6te, Tai bo, Sport f\u00fcr die Kleinen<\/li><\/ul>\n\n\n\n<p class=\"has-blue-color has-text-color\" style=\"font-size:17px\"><em><strong>WIR WOLLEN: &#8211; Traditionen pflegen und Sch\u00fcler zu selbstbewussten Menschen erziehen, die sich repr\u00e4sentieren und stolz auf sich sein k\u00f6nnen.<\/strong><\/em><\/p>\n\n\n\n<ul><li>Schulfest mit Eltern<\/li><li>Schullandheimaufenthalte und Klassenfahrten<\/li><li>Sch\u00fclerratsfahrt<\/li><li>Lesewettbewerb<\/li><li>Streitschlichterprojekt<\/li><li>Projekttage und Feiern in den Klassen (Ostern, Weihnachten\u2026)<\/li><li>sportliche Traditionen: Tag des Schulsports, Ernst-Zinna-Gedenklauf, Schulsportfest, Teilnahme an vielen sportlichen Wettbewerben<\/li><li>Schulhausgestaltung mit Sch\u00fclern und Eltern<\/li><li>Schulaufnahmefeier<\/li><li>Schulentlassungsfeier<\/li><\/ul>\n","protected":false},"excerpt":{"rendered":"<p>Das Lern- und Leistungspotential der Sch\u00fcler soll so genutzt werden, dass sich anwendungsbereites Wissen und K\u00f6nnen entwickeln kann. WIR WOLLEN: &#8211; die St\u00e4rken der Sch\u00fcler nutzen und diese gezielt Unterrichtsplanung und Unterrichtsgestaltung einbauen. Die Umsetzung erfolgt u.a. im Rahmen von &hellip; <a href=\"https:\/\/www.sachsen.schule\/~ernst-zinna-schule-leipzig\/?page_id=514\">Weiterlesen <span class=\"meta-nav\">&rarr;<\/span><\/a><\/p>\n","protected":false},"author":1,"featured_media":0,"parent":174,"menu_order":0,"comment_status":"closed","ping_status":"closed","template":"","meta":[],"_links":{"self":[{"href":"https:\/\/www.sachsen.schule\/~ernst-zinna-schule-leipzig\/index.php?rest_route=\/wp\/v2\/pages\/514"}],"collection":[{"href":"https:\/\/www.sachsen.schule\/~ernst-zinna-schule-leipzig\/index.php?rest_route=\/wp\/v2\/pages"}],"about":[{"href":"https:\/\/www.sachsen.schule\/~ernst-zinna-schule-leipzig\/index.php?rest_route=\/wp\/v2\/types\/page"}],"author":[{"embeddable":true,"href":"https:\/\/www.sachsen.schule\/~ernst-zinna-schule-leipzig\/index.php?rest_route=\/wp\/v2\/users\/1"}],"replies":[{"embeddable":true,"href":"https:\/\/www.sachsen.schule\/~ernst-zinna-schule-leipzig\/index.php?rest_route=%2Fwp%2Fv2%2Fcomments&post=514"}],"version-history":[{"count":2,"href":"https:\/\/www.sachsen.schule\/~ernst-zinna-schule-leipzig\/index.php?rest_route=\/wp\/v2\/pages\/514\/revisions"}],"predecessor-version":[{"id":516,"href":"https:\/\/www.sachsen.schule\/~ernst-zinna-schule-leipzig\/index.php?rest_route=\/wp\/v2\/pages\/514\/revisions\/516"}],"up":[{"embeddable":true,"href":"https:\/\/www.sachsen.schule\/~ernst-zinna-schule-leipzig\/index.php?rest_route=\/wp\/v2\/pages\/174"}],"wp:attachment":[{"href":"https:\/\/www.sachsen.schule\/~ernst-zinna-schule-leipzig\/index.php?rest_route=%2Fwp%2Fv2%2Fmedia&parent=514"}],"curies":[{"name":"wp","href":"https:\/\/api.w.org\/{rel}","templated":true}]}}