{"id":510,"date":"2021-09-08T08:38:55","date_gmt":"2021-09-08T08:38:55","guid":{"rendered":"http:\/\/www.sachsen.schule\/~ernst-zinna-schule-leipzig\/?page_id=510"},"modified":"2021-09-08T08:39:20","modified_gmt":"2021-09-08T08:39:20","slug":"die-umgebung-der-schueler","status":"publish","type":"page","link":"https:\/\/www.sachsen.schule\/~ernst-zinna-schule-leipzig\/?page_id=510","title":{"rendered":"Die Umgebung der Sch\u00fcler"},"content":{"rendered":"\n<p>Die soziale und emotionale Atmosph\u00e4re ist f\u00fcr das Lernen von gro\u00dfer Bedeutung.<\/p>\n\n\n\n<p>Die vorbereitete Umgebung &#8211; Klassenraum mit angemessenen Mobiliar, Schulhaus, Schulhof- ist eine wesentliche Voraussetzung daf\u00fcr, dass sich die Sch\u00fcler wohl f\u00fchlen und Defizite in der Entwicklung positiv beeinflusst werden. Ein <strong>sch\u00fclergerecht gestalteter Lebens-, Lern- und Entwicklungsraum<\/strong> dient der freien Entfaltung der Pers\u00f6nlichkeit aller Sch\u00fcler.<\/p>\n\n\n\n<p>Bewegungserziehung ist von wesentlicher Bedeutung. Unsere Schule ist eine <strong>bewegungsfreundliche Schule<\/strong>. Der Schulhof wird noch weitergestaltet. Die Planung und Durchf\u00fchrung liegen in den H\u00e4nden der Stadt Leipzig.<\/p>\n\n\n\n<p>Die Klassenr\u00e4ume werden \u00e4sthetisch mit ansprechenden Lern- und Lehrmitteln, mit Pflanzen und mit Bildern gestaltet. Ordnung schafft dabei <strong>Sicherheit und Selbstvertrauen<\/strong>. \u00dcberfl\u00fcssiges und Verwirrendes wird ausgesondert, damit Interesse und Konzentration wachsen.<\/p>\n\n\n\n<p>Wir bef\u00e4higen die Sch\u00fcler zunehmend, <strong>selbstbestimmend und selbstverantwortet zu lernen<\/strong>. Den Sch\u00fclern werden verschiedene Lern- und Handlungsbereiche angeboten (z.B. Fr\u00fchst\u00fcckstische, Medienecke, Leseplatz).<\/p>\n","protected":false},"excerpt":{"rendered":"<p>Die soziale und emotionale Atmosph\u00e4re ist f\u00fcr das Lernen von gro\u00dfer Bedeutung. Die vorbereitete Umgebung &#8211; Klassenraum mit angemessenen Mobiliar, Schulhaus, Schulhof- ist eine wesentliche Voraussetzung daf\u00fcr, dass sich die Sch\u00fcler wohl f\u00fchlen und Defizite in der Entwicklung positiv beeinflusst &hellip; <a href=\"https:\/\/www.sachsen.schule\/~ernst-zinna-schule-leipzig\/?page_id=510\">Weiterlesen <span class=\"meta-nav\">&rarr;<\/span><\/a><\/p>\n","protected":false},"author":1,"featured_media":0,"parent":174,"menu_order":0,"comment_status":"closed","ping_status":"closed","template":"","meta":[],"_links":{"self":[{"href":"https:\/\/www.sachsen.schule\/~ernst-zinna-schule-leipzig\/index.php?rest_route=\/wp\/v2\/pages\/510"}],"collection":[{"href":"https:\/\/www.sachsen.schule\/~ernst-zinna-schule-leipzig\/index.php?rest_route=\/wp\/v2\/pages"}],"about":[{"href":"https:\/\/www.sachsen.schule\/~ernst-zinna-schule-leipzig\/index.php?rest_route=\/wp\/v2\/types\/page"}],"author":[{"embeddable":true,"href":"https:\/\/www.sachsen.schule\/~ernst-zinna-schule-leipzig\/index.php?rest_route=\/wp\/v2\/users\/1"}],"replies":[{"embeddable":true,"href":"https:\/\/www.sachsen.schule\/~ernst-zinna-schule-leipzig\/index.php?rest_route=%2Fwp%2Fv2%2Fcomments&post=510"}],"version-history":[{"count":3,"href":"https:\/\/www.sachsen.schule\/~ernst-zinna-schule-leipzig\/index.php?rest_route=\/wp\/v2\/pages\/510\/revisions"}],"predecessor-version":[{"id":513,"href":"https:\/\/www.sachsen.schule\/~ernst-zinna-schule-leipzig\/index.php?rest_route=\/wp\/v2\/pages\/510\/revisions\/513"}],"up":[{"embeddable":true,"href":"https:\/\/www.sachsen.schule\/~ernst-zinna-schule-leipzig\/index.php?rest_route=\/wp\/v2\/pages\/174"}],"wp:attachment":[{"href":"https:\/\/www.sachsen.schule\/~ernst-zinna-schule-leipzig\/index.php?rest_route=%2Fwp%2Fv2%2Fmedia&parent=510"}],"curies":[{"name":"wp","href":"https:\/\/api.w.org\/{rel}","templated":true}]}}