{"id":508,"date":"2021-09-08T08:37:57","date_gmt":"2021-09-08T08:37:57","guid":{"rendered":"http:\/\/www.sachsen.schule\/~ernst-zinna-schule-leipzig\/?page_id=508"},"modified":"2021-09-08T08:37:57","modified_gmt":"2021-09-08T08:37:57","slug":"aufgaben-und-ziele-unserer-schule","status":"publish","type":"page","link":"https:\/\/www.sachsen.schule\/~ernst-zinna-schule-leipzig\/?page_id=508","title":{"rendered":"Aufgaben und Ziele unserer Schule"},"content":{"rendered":"\n<p>Unser F\u00f6rderzentrum ist ein Erziehungs- und Lernort, an dem die Kinder intensive Zuwendung, F\u00f6rderung und Anerkennung erfahren.<\/p>\n\n\n\n<p>Der ganzheitliche und gesamtgesellschaftliche Anspruch besteht in der Bef\u00e4higung der Sch\u00fcler zur selbstst\u00e4ndigen und selbstverantwortlichen Lebensf\u00fchrung. Dabei orientieren wir uns stets an der Lebenswirklichkeit der Kinder und Jugendlichen.<\/p>\n\n\n\n<p>Lernangebote und Lernsituationen regen die Sch\u00fcler an, notwendige Handlungskompetenzen auszubilden.<\/p>\n\n\n\n<p>Unsere Sch\u00fcler sollen folgende Bestrebungen und Kompetenzen im eigenen Tempo entwickeln:&nbsp;&nbsp;&nbsp;&nbsp;&nbsp;&nbsp;&nbsp;&nbsp;&nbsp;&nbsp;&nbsp;&nbsp;&nbsp;&nbsp;&nbsp;&nbsp;&nbsp;&nbsp;&nbsp;&nbsp;&nbsp;&nbsp;&nbsp;&nbsp;&nbsp;&nbsp;&nbsp;&nbsp;&nbsp;&nbsp;&nbsp;&nbsp;&nbsp;&nbsp;&nbsp;&nbsp;&nbsp;&nbsp;&nbsp;&nbsp;&nbsp;&nbsp;&nbsp;&nbsp;&nbsp;&nbsp;&nbsp;&nbsp;&nbsp;&nbsp;&nbsp;&nbsp;&nbsp;<\/p>\n\n\n\n<ul><li>pers\u00f6nliche F\u00e4higkeiten entdecken und st\u00e4rken<\/li><li>Selbstvertrauen gewinnen<\/li><li>das f\u00fcr die Bew\u00e4ltigung des Alltages und die berufliche Entwicklung erforderliche Sachwissen erwerben<\/li><li>Zug\u00e4nge zur Arbeit und Beruf finden<\/li><li>einen erfolgreichen Beitrag am gesellschaftlichen Leben leisten<\/li><\/ul>\n\n\n\n<p>Dieses Leitbild wollen wir durch zeitgem\u00e4\u00dfe Bildungs- und Erziehungsarbeit erreichen, bei der die Interessen, Bed\u00fcrfnisse und Lernm\u00f6glichkeiten des Einzelnen im Mittelpunkt stehen.<strong><u><\/u><\/strong><\/p>\n","protected":false},"excerpt":{"rendered":"<p>Unser F\u00f6rderzentrum ist ein Erziehungs- und Lernort, an dem die Kinder intensive Zuwendung, F\u00f6rderung und Anerkennung erfahren. Der ganzheitliche und gesamtgesellschaftliche Anspruch besteht in der Bef\u00e4higung der Sch\u00fcler zur selbstst\u00e4ndigen und selbstverantwortlichen Lebensf\u00fchrung. Dabei orientieren wir uns stets an der &hellip; <a href=\"https:\/\/www.sachsen.schule\/~ernst-zinna-schule-leipzig\/?page_id=508\">Weiterlesen <span class=\"meta-nav\">&rarr;<\/span><\/a><\/p>\n","protected":false},"author":1,"featured_media":0,"parent":174,"menu_order":0,"comment_status":"closed","ping_status":"closed","template":"","meta":[],"_links":{"self":[{"href":"https:\/\/www.sachsen.schule\/~ernst-zinna-schule-leipzig\/index.php?rest_route=\/wp\/v2\/pages\/508"}],"collection":[{"href":"https:\/\/www.sachsen.schule\/~ernst-zinna-schule-leipzig\/index.php?rest_route=\/wp\/v2\/pages"}],"about":[{"href":"https:\/\/www.sachsen.schule\/~ernst-zinna-schule-leipzig\/index.php?rest_route=\/wp\/v2\/types\/page"}],"author":[{"embeddable":true,"href":"https:\/\/www.sachsen.schule\/~ernst-zinna-schule-leipzig\/index.php?rest_route=\/wp\/v2\/users\/1"}],"replies":[{"embeddable":true,"href":"https:\/\/www.sachsen.schule\/~ernst-zinna-schule-leipzig\/index.php?rest_route=%2Fwp%2Fv2%2Fcomments&post=508"}],"version-history":[{"count":1,"href":"https:\/\/www.sachsen.schule\/~ernst-zinna-schule-leipzig\/index.php?rest_route=\/wp\/v2\/pages\/508\/revisions"}],"predecessor-version":[{"id":509,"href":"https:\/\/www.sachsen.schule\/~ernst-zinna-schule-leipzig\/index.php?rest_route=\/wp\/v2\/pages\/508\/revisions\/509"}],"up":[{"embeddable":true,"href":"https:\/\/www.sachsen.schule\/~ernst-zinna-schule-leipzig\/index.php?rest_route=\/wp\/v2\/pages\/174"}],"wp:attachment":[{"href":"https:\/\/www.sachsen.schule\/~ernst-zinna-schule-leipzig\/index.php?rest_route=%2Fwp%2Fv2%2Fmedia&parent=508"}],"curies":[{"name":"wp","href":"https:\/\/api.w.org\/{rel}","templated":true}]}}