{"id":495,"date":"2021-09-08T07:38:08","date_gmt":"2021-09-08T07:38:08","guid":{"rendered":"http:\/\/www.sachsen.schule\/~ernst-zinna-schule-leipzig\/?page_id=495"},"modified":"2021-09-08T08:32:15","modified_gmt":"2021-09-08T08:32:15","slug":"buchkinder","status":"publish","type":"page","link":"https:\/\/www.sachsen.schule\/~ernst-zinna-schule-leipzig\/?page_id=495","title":{"rendered":"Buchkinder Leipzig e.V."},"content":{"rendered":"\n<p>Wir arbeiten schon seit einigen Jahren mit dem Buchkinder e.V. zusammen. Der Verein Buchkinder Leipzig e.V. hat es sich zur Aufgabe gemacht, Kinder und Jugendliche auf dem Weg zum eigenen Ausdruck, zur eigenen Geschichte, zum eigenen Buch zu begleiten.<\/p>\n\n\n\n<p class=\"has-normal-font-size\">Sie \u00fcberlegen und diskutieren ihre Ideen, schreiben sie auf, illustrieren, setzen und drucken, bis die bunten Produkte ihrer Phantasie gebunden zwischen Buchdeckeln vorliegen. Die Erwachsenen stehen ihnen dabei als gleichberechtigte Partner unterst\u00fctzend zur Seite, sie schreiben nichts vor und geben den Kindern Zeit und Raum. Die Besonderheit der Buchkinderarbeit besteht dabei neben dem freien und selbst\u00e4ndigen Arbeiten in der Einbindung der Kinder und Jugendlichen in alle Prozesse des B\u00fcchermachens; vom ersten Linolschnitt, dem ersten Satz auf dem Papier bis hin zur Pr\u00e4sentation ihres eigenen Buches, welches in kleinen Auflagen in der vereinseigenen Buchmanufaktur hergestellt und zum Verkauf angeboten wird. Die Pr\u00e4sentation der fertigen B\u00fccher, ob in der \u00d6ffentlichkeit auf der Leipziger und Frankfurter Buchmesse oder im gesch\u00fctzten Raum des Kurses, sind wichtige Ereignisse und Motivation f\u00fcr die Kinder und Jugendlichen. Buchkinder wachsen mit ihren B\u00fcchern. Sie \u00fcbernehmen Verantwortung und entwickeln neben Kreativit\u00e4t und kommunikativen F\u00e4higkeiten auch soziale Kompetenz.<\/p>\n","protected":false},"excerpt":{"rendered":"<p>Wir arbeiten schon seit einigen Jahren mit dem Buchkinder e.V. zusammen. Der Verein Buchkinder Leipzig e.V. hat es sich zur Aufgabe gemacht, Kinder und Jugendliche auf dem Weg zum eigenen Ausdruck, zur eigenen Geschichte, zum eigenen Buch zu begleiten. Sie &hellip; <a href=\"https:\/\/www.sachsen.schule\/~ernst-zinna-schule-leipzig\/?page_id=495\">Weiterlesen <span class=\"meta-nav\">&rarr;<\/span><\/a><\/p>\n","protected":false},"author":1,"featured_media":0,"parent":187,"menu_order":0,"comment_status":"closed","ping_status":"closed","template":"","meta":[],"_links":{"self":[{"href":"https:\/\/www.sachsen.schule\/~ernst-zinna-schule-leipzig\/index.php?rest_route=\/wp\/v2\/pages\/495"}],"collection":[{"href":"https:\/\/www.sachsen.schule\/~ernst-zinna-schule-leipzig\/index.php?rest_route=\/wp\/v2\/pages"}],"about":[{"href":"https:\/\/www.sachsen.schule\/~ernst-zinna-schule-leipzig\/index.php?rest_route=\/wp\/v2\/types\/page"}],"author":[{"embeddable":true,"href":"https:\/\/www.sachsen.schule\/~ernst-zinna-schule-leipzig\/index.php?rest_route=\/wp\/v2\/users\/1"}],"replies":[{"embeddable":true,"href":"https:\/\/www.sachsen.schule\/~ernst-zinna-schule-leipzig\/index.php?rest_route=%2Fwp%2Fv2%2Fcomments&post=495"}],"version-history":[{"count":4,"href":"https:\/\/www.sachsen.schule\/~ernst-zinna-schule-leipzig\/index.php?rest_route=\/wp\/v2\/pages\/495\/revisions"}],"predecessor-version":[{"id":506,"href":"https:\/\/www.sachsen.schule\/~ernst-zinna-schule-leipzig\/index.php?rest_route=\/wp\/v2\/pages\/495\/revisions\/506"}],"up":[{"embeddable":true,"href":"https:\/\/www.sachsen.schule\/~ernst-zinna-schule-leipzig\/index.php?rest_route=\/wp\/v2\/pages\/187"}],"wp:attachment":[{"href":"https:\/\/www.sachsen.schule\/~ernst-zinna-schule-leipzig\/index.php?rest_route=%2Fwp%2Fv2%2Fmedia&parent=495"}],"curies":[{"name":"wp","href":"https:\/\/api.w.org\/{rel}","templated":true}]}}