{"id":485,"date":"2021-09-08T07:26:17","date_gmt":"2021-09-08T07:26:17","guid":{"rendered":"http:\/\/www.sachsen.schule\/~ernst-zinna-schule-leipzig\/?page_id=485"},"modified":"2021-09-08T07:26:17","modified_gmt":"2021-09-08T07:26:17","slug":"andere-schulen","status":"publish","type":"page","link":"https:\/\/www.sachsen.schule\/~ernst-zinna-schule-leipzig\/?page_id=485","title":{"rendered":"Andere Schulen"},"content":{"rendered":"\n<p>Wir beraten und betreuen Lehrer, Eltern und Kinder an den verschiedensten Grundschulen im Rahmen der \u00a0inklusiven Unterrichtung. Zusammen werden dabei die notwendigen F\u00f6rderma\u00dfnahmen besprochen und bei deren Umsetzung unsere Unterst\u00fctzung angeboten.<\/p>\n","protected":false},"excerpt":{"rendered":"<p>Wir beraten und betreuen Lehrer, Eltern und Kinder an den verschiedensten Grundschulen im Rahmen der \u00a0inklusiven Unterrichtung. Zusammen werden dabei die notwendigen F\u00f6rderma\u00dfnahmen besprochen und bei deren Umsetzung unsere Unterst\u00fctzung angeboten.<\/p>\n","protected":false},"author":1,"featured_media":0,"parent":187,"menu_order":0,"comment_status":"closed","ping_status":"closed","template":"","meta":[],"_links":{"self":[{"href":"https:\/\/www.sachsen.schule\/~ernst-zinna-schule-leipzig\/index.php?rest_route=\/wp\/v2\/pages\/485"}],"collection":[{"href":"https:\/\/www.sachsen.schule\/~ernst-zinna-schule-leipzig\/index.php?rest_route=\/wp\/v2\/pages"}],"about":[{"href":"https:\/\/www.sachsen.schule\/~ernst-zinna-schule-leipzig\/index.php?rest_route=\/wp\/v2\/types\/page"}],"author":[{"embeddable":true,"href":"https:\/\/www.sachsen.schule\/~ernst-zinna-schule-leipzig\/index.php?rest_route=\/wp\/v2\/users\/1"}],"replies":[{"embeddable":true,"href":"https:\/\/www.sachsen.schule\/~ernst-zinna-schule-leipzig\/index.php?rest_route=%2Fwp%2Fv2%2Fcomments&post=485"}],"version-history":[{"count":1,"href":"https:\/\/www.sachsen.schule\/~ernst-zinna-schule-leipzig\/index.php?rest_route=\/wp\/v2\/pages\/485\/revisions"}],"predecessor-version":[{"id":486,"href":"https:\/\/www.sachsen.schule\/~ernst-zinna-schule-leipzig\/index.php?rest_route=\/wp\/v2\/pages\/485\/revisions\/486"}],"up":[{"embeddable":true,"href":"https:\/\/www.sachsen.schule\/~ernst-zinna-schule-leipzig\/index.php?rest_route=\/wp\/v2\/pages\/187"}],"wp:attachment":[{"href":"https:\/\/www.sachsen.schule\/~ernst-zinna-schule-leipzig\/index.php?rest_route=%2Fwp%2Fv2%2Fmedia&parent=485"}],"curies":[{"name":"wp","href":"https:\/\/api.w.org\/{rel}","templated":true}]}}