{"id":469,"date":"2021-09-08T07:15:13","date_gmt":"2021-09-08T07:15:13","guid":{"rendered":"http:\/\/www.sachsen.schule\/~ernst-zinna-schule-leipzig\/?page_id=469"},"modified":"2021-09-08T07:15:13","modified_gmt":"2021-09-08T07:15:13","slug":"die-eltern","status":"publish","type":"page","link":"https:\/\/www.sachsen.schule\/~ernst-zinna-schule-leipzig\/?page_id=469","title":{"rendered":"Die Eltern"},"content":{"rendered":"\n<p>H\u00e4usliche und schulische Erziehung erg\u00e4nzen sich. Eine enge Zusammenarbeit zwischen Eltern und Lehrern mit dem Ziel weitgehender \u00dcbereinstimmung in der Erziehung ist deshalb sehr wichtig f\u00fcr die gesunde Entwicklung der Kinder. Um das zu gew\u00e4hrleisten stehen wir in engem Kontakt mit den Erziehungsberechtigten, f\u00fchren regelm\u00e4\u00dfig Gespr\u00e4che zur Abstimmung von Erziehungszielen und Erziehungsstilen durch. Dies findet statt in Form von Elternabenden sowie Elternsprechstunden, Gespr\u00e4chskreise, gemeinsame Veranstaltungen, Elternberatung. Teilnahme an Unterrichtsstunden erm\u00f6glichen (z.B. Projektarbeit, Exkursionen) Gemeinsam Planen und Gestalten wir Unternehmungen und Veranstaltungen (Schulfeste, Wandertage). Wir informieren st\u00e4ndig \u00fcber neue Verordnungen und Gesetze. Wir erarbeiten, besprechen und aktualisieren F\u00f6rderma\u00dfnahmen und F\u00f6rderpl\u00e4ne in Abstimmung mit den Erziehungsberechtigten. Bei der Berufsfindung findet eine intensive Beratung und Begleitung schon ab der Grundstufe statt.<\/p>\n","protected":false},"excerpt":{"rendered":"<p>H\u00e4usliche und schulische Erziehung erg\u00e4nzen sich. Eine enge Zusammenarbeit zwischen Eltern und Lehrern mit dem Ziel weitgehender \u00dcbereinstimmung in der Erziehung ist deshalb sehr wichtig f\u00fcr die gesunde Entwicklung der Kinder. Um das zu gew\u00e4hrleisten stehen wir in engem Kontakt &hellip; <a href=\"https:\/\/www.sachsen.schule\/~ernst-zinna-schule-leipzig\/?page_id=469\">Weiterlesen <span class=\"meta-nav\">&rarr;<\/span><\/a><\/p>\n","protected":false},"author":1,"featured_media":0,"parent":187,"menu_order":0,"comment_status":"closed","ping_status":"closed","template":"","meta":[],"_links":{"self":[{"href":"https:\/\/www.sachsen.schule\/~ernst-zinna-schule-leipzig\/index.php?rest_route=\/wp\/v2\/pages\/469"}],"collection":[{"href":"https:\/\/www.sachsen.schule\/~ernst-zinna-schule-leipzig\/index.php?rest_route=\/wp\/v2\/pages"}],"about":[{"href":"https:\/\/www.sachsen.schule\/~ernst-zinna-schule-leipzig\/index.php?rest_route=\/wp\/v2\/types\/page"}],"author":[{"embeddable":true,"href":"https:\/\/www.sachsen.schule\/~ernst-zinna-schule-leipzig\/index.php?rest_route=\/wp\/v2\/users\/1"}],"replies":[{"embeddable":true,"href":"https:\/\/www.sachsen.schule\/~ernst-zinna-schule-leipzig\/index.php?rest_route=%2Fwp%2Fv2%2Fcomments&post=469"}],"version-history":[{"count":1,"href":"https:\/\/www.sachsen.schule\/~ernst-zinna-schule-leipzig\/index.php?rest_route=\/wp\/v2\/pages\/469\/revisions"}],"predecessor-version":[{"id":470,"href":"https:\/\/www.sachsen.schule\/~ernst-zinna-schule-leipzig\/index.php?rest_route=\/wp\/v2\/pages\/469\/revisions\/470"}],"up":[{"embeddable":true,"href":"https:\/\/www.sachsen.schule\/~ernst-zinna-schule-leipzig\/index.php?rest_route=\/wp\/v2\/pages\/187"}],"wp:attachment":[{"href":"https:\/\/www.sachsen.schule\/~ernst-zinna-schule-leipzig\/index.php?rest_route=%2Fwp%2Fv2%2Fmedia&parent=469"}],"curies":[{"name":"wp","href":"https:\/\/api.w.org\/{rel}","templated":true}]}}