{"id":43,"date":"2011-01-20T16:55:07","date_gmt":"2011-01-20T16:55:07","guid":{"rendered":"http:\/\/www.sn.schule.de\/~ernst-zinna-schule-leipzig\/?page_id=43"},"modified":"2025-11-18T08:32:06","modified_gmt":"2025-11-18T08:32:06","slug":"kontaktimpressum","status":"publish","type":"page","link":"https:\/\/www.sachsen.schule\/~ernst-zinna-schule-leipzig\/?page_id=43","title":{"rendered":"Kontakt"},"content":{"rendered":"<p><strong>Anschrift:<\/strong><\/p>\n<p>Ernst-Zinna-Schule<br \/>F\u00f6rderzentrum mit dem<br \/>F\u00f6rderschwerpunkt Lernen<br \/>der Stadt Leipzig<br \/>Wincklerstra\u00dfe 3\/5<br \/>04279 Leipzig<\/p>\n<p><strong>Kontakt:<\/strong><\/p>\n<p>Telefon: (0341)3338670<br \/>E-Mail: ssb@ernst-zinna.lernsax.de<\/p>\n<p>Schulleiterin: Frau K. Trautvetter<\/p>\n<p>stellvertretende Schulleiterin: Frau W.Gustke<\/p>\n<p>Schulsachbearbeiterin: Frau L. Schneider-Reinhardt<\/p>\n<p>Schulverwaltungsassistentin: Frau A. Iser<\/p>\n<p>Pflege der Schulhomepage: Frau M. H\u00f6rsch<\/p>\n<p>Sprechzeiten Sekretariat:<\/p>\n<p>Montag bis Donnerstag\u00a0 7:30 -15:00Uhr<br \/>Freitag\u00a0\u00a0\u00a0\u00a0\u00a0\u00a0\u00a0\u00a0\u00a0\u00a0\u00a0\u00a0\u00a0\u00a0\u00a0\u00a0\u00a0\u00a0\u00a0\u00a0\u00a0\u00a0\u00a0\u00a0\u00a0\u00a0\u00a0\u00a0\u00a0\u00a0\u00a0 7:30 -13:00Uhr<\/p>\n<p><strong>Betreuungsangebot (Hort):<\/strong><\/p>\n<p>Telefon: (0341)33386717<br \/>E-Mail: BTA-Ernst-Zinna-Schule@leipzig.de<\/p>\n<p>Leiterin: Frau W. Havel<\/p>\n<p><strong>Schultr\u00e4ger:<\/strong><\/p>\n<p>Stadt Leipzig<br \/>Amt f\u00fcr Schule<br \/>04092 Leipzig<br \/>Telefon: 0341 123-0<br \/>E-Mail: schule@leipzig.de<\/p>\n\n\n<p><\/p>\n","protected":false},"excerpt":{"rendered":"<p>Anschrift: Ernst-Zinna-SchuleF\u00f6rderzentrum mit demF\u00f6rderschwerpunkt Lernender Stadt LeipzigWincklerstra\u00dfe 3\/504279 Leipzig Kontakt: Telefon: (0341)3338670E-Mail: ssb@ernst-zinna.lernsax.de Schulleiterin: Frau K. Trautvetter stellvertretende Schulleiterin: Frau W.Gustke Schulsachbearbeiterin: Frau L. Schneider-Reinhardt Schulverwaltungsassistentin: Frau A. Iser Pflege der Schulhomepage: Frau M. H\u00f6rsch Sprechzeiten Sekretariat: Montag bis Donnerstag\u00a0 &hellip; <a href=\"https:\/\/www.sachsen.schule\/~ernst-zinna-schule-leipzig\/?page_id=43\">Weiterlesen <span class=\"meta-nav\">&rarr;<\/span><\/a><\/p>\n","protected":false},"author":1,"featured_media":0,"parent":0,"menu_order":9,"comment_status":"closed","ping_status":"closed","template":"","meta":[],"_links":{"self":[{"href":"https:\/\/www.sachsen.schule\/~ernst-zinna-schule-leipzig\/index.php?rest_route=\/wp\/v2\/pages\/43"}],"collection":[{"href":"https:\/\/www.sachsen.schule\/~ernst-zinna-schule-leipzig\/index.php?rest_route=\/wp\/v2\/pages"}],"about":[{"href":"https:\/\/www.sachsen.schule\/~ernst-zinna-schule-leipzig\/index.php?rest_route=\/wp\/v2\/types\/page"}],"author":[{"embeddable":true,"href":"https:\/\/www.sachsen.schule\/~ernst-zinna-schule-leipzig\/index.php?rest_route=\/wp\/v2\/users\/1"}],"replies":[{"embeddable":true,"href":"https:\/\/www.sachsen.schule\/~ernst-zinna-schule-leipzig\/index.php?rest_route=%2Fwp%2Fv2%2Fcomments&post=43"}],"version-history":[{"count":26,"href":"https:\/\/www.sachsen.schule\/~ernst-zinna-schule-leipzig\/index.php?rest_route=\/wp\/v2\/pages\/43\/revisions"}],"predecessor-version":[{"id":788,"href":"https:\/\/www.sachsen.schule\/~ernst-zinna-schule-leipzig\/index.php?rest_route=\/wp\/v2\/pages\/43\/revisions\/788"}],"wp:attachment":[{"href":"https:\/\/www.sachsen.schule\/~ernst-zinna-schule-leipzig\/index.php?rest_route=%2Fwp%2Fv2%2Fmedia&parent=43"}],"curies":[{"name":"wp","href":"https:\/\/api.w.org\/{rel}","templated":true}]}}