{"id":418,"date":"2020-07-08T15:08:20","date_gmt":"2020-07-08T15:08:20","guid":{"rendered":"http:\/\/www.sachsen.schule\/~ernst-zinna-schule-leipzig\/?page_id=418"},"modified":"2025-09-22T16:21:31","modified_gmt":"2025-09-22T16:21:31","slug":"bo-galerie","status":"publish","type":"page","link":"https:\/\/www.sachsen.schule\/~ernst-zinna-schule-leipzig\/?page_id=418","title":{"rendered":"BO-Rundgang"},"content":{"rendered":"\n<p><strong>Mein Traumberuf<\/strong><\/p>\n\n\n\n<p>Die Sch\u00fclerInnen der 3. Klasse haben sich mit ihren Traumberufen besch\u00e4ftigt. In kurzen Aufnahmen stellen die Sch\u00fclerInnen ihren Traumberuf dar, nennen diesen und Gr\u00fcnde, warum sie gerne diesen Beruf f\u00fcr sich ausw\u00e4hlen w\u00fcrden.<\/p>\n\n\n\n<p>Zum Anh\u00f6ren bitte auf die Berufe klicken:<\/p>\n\n\n\n<p><a href=\"https:\/\/drive.google.com\/file\/d\/12li8FbQ23uyye3h0493naCaq8tTsYEFn\/view?usp=drive_link\">Polizistin 1<\/a><\/p>\n\n\n\n<p><a href=\"https:\/\/drive.google.com\/file\/d\/1bib6GS1OFoRqFIcb9o0OpIGT-fNfEQ38\/view?usp=drive_link\">Polizistin 2<\/a><\/p>\n\n\n\n<p><a href=\"https:\/\/drive.google.com\/file\/d\/1X-SLyVzcI8wUrkQugVeZ8dcx_7waAjfj\/view?usp=drive_link\">Kosmetikerin<\/a><\/p>\n\n\n\n<p><a href=\"https:\/\/drive.google.com\/file\/d\/12IineSVxQsCGI_RYNpBrjoVwFNeKwVU_\/view?usp=drive_link\">Fu\u00dfballer 1<\/a><\/p>\n\n\n\n<p><a href=\"https:\/\/drive.google.com\/file\/d\/1_ItmmyzoOgOU9VPNtCRfI4T0fyH8--mx\/view?usp=drive_link\">Fu\u00dfballer 2<\/a><\/p>\n\n\n\n<p><a href=\"https:\/\/drive.google.com\/file\/d\/1ch8sPJt3UctPhTd9jE3U3Qn5cMhLJsYn\/view?usp=drive_link\">Fensterputzerin<\/a><\/p>\n\n\n\n<p><a href=\"https:\/\/drive.google.com\/file\/d\/1NBS10sSbdxvreFCRmonM8OTVMXUteJTS\/view?usp=drive_link\">Busfahrer<\/a><\/p>\n\n\n\n<p><a href=\"https:\/\/drive.google.com\/file\/d\/1QJmXi_cg1j9kG0mLiH4vckhC8_qjKVss\/view?usp=drive_link\">Zugfahrer<\/a><\/p>\n","protected":false},"excerpt":{"rendered":"<p>Mein Traumberuf Die Sch\u00fclerInnen der 3. Klasse haben sich mit ihren Traumberufen besch\u00e4ftigt. In kurzen Aufnahmen stellen die Sch\u00fclerInnen ihren Traumberuf dar, nennen diesen und Gr\u00fcnde, warum sie gerne diesen Beruf f\u00fcr sich ausw\u00e4hlen w\u00fcrden. Zum Anh\u00f6ren bitte auf die &hellip; <a href=\"https:\/\/www.sachsen.schule\/~ernst-zinna-schule-leipzig\/?page_id=418\">Weiterlesen <span class=\"meta-nav\">&rarr;<\/span><\/a><\/p>\n","protected":false},"author":1,"featured_media":0,"parent":176,"menu_order":0,"comment_status":"closed","ping_status":"closed","template":"onecolumn-page.php","meta":[],"_links":{"self":[{"href":"https:\/\/www.sachsen.schule\/~ernst-zinna-schule-leipzig\/index.php?rest_route=\/wp\/v2\/pages\/418"}],"collection":[{"href":"https:\/\/www.sachsen.schule\/~ernst-zinna-schule-leipzig\/index.php?rest_route=\/wp\/v2\/pages"}],"about":[{"href":"https:\/\/www.sachsen.schule\/~ernst-zinna-schule-leipzig\/index.php?rest_route=\/wp\/v2\/types\/page"}],"author":[{"embeddable":true,"href":"https:\/\/www.sachsen.schule\/~ernst-zinna-schule-leipzig\/index.php?rest_route=\/wp\/v2\/users\/1"}],"replies":[{"embeddable":true,"href":"https:\/\/www.sachsen.schule\/~ernst-zinna-schule-leipzig\/index.php?rest_route=%2Fwp%2Fv2%2Fcomments&post=418"}],"version-history":[{"count":8,"href":"https:\/\/www.sachsen.schule\/~ernst-zinna-schule-leipzig\/index.php?rest_route=\/wp\/v2\/pages\/418\/revisions"}],"predecessor-version":[{"id":769,"href":"https:\/\/www.sachsen.schule\/~ernst-zinna-schule-leipzig\/index.php?rest_route=\/wp\/v2\/pages\/418\/revisions\/769"}],"up":[{"embeddable":true,"href":"https:\/\/www.sachsen.schule\/~ernst-zinna-schule-leipzig\/index.php?rest_route=\/wp\/v2\/pages\/176"}],"wp:attachment":[{"href":"https:\/\/www.sachsen.schule\/~ernst-zinna-schule-leipzig\/index.php?rest_route=%2Fwp%2Fv2%2Fmedia&parent=418"}],"curies":[{"name":"wp","href":"https:\/\/api.w.org\/{rel}","templated":true}]}}