{"id":272,"date":"2015-09-01T09:27:32","date_gmt":"2015-09-01T09:27:32","guid":{"rendered":"http:\/\/www.sn.schule.de\/~ernst-zinna-schule-leipzig\/?page_id=272"},"modified":"2018-09-19T11:12:19","modified_gmt":"2018-09-19T11:12:19","slug":"berufswahlpass","status":"publish","type":"page","link":"https:\/\/www.sachsen.schule\/~ernst-zinna-schule-leipzig\/?page_id=272","title":{"rendered":"Berufswahlpass"},"content":{"rendered":"<p>Der Berufswahlpass ist:<\/p>\n<ul>\n<li>ein\u00a0<strong>Lern- und Arbeitsmaterial f\u00fcr den Sch\u00fcler<\/strong>, mit dessen Hilfe der Berufsorientierungsprozess\u00a0<strong>in Regie der Schule<\/strong> organisiert, reflektiert und dokumentiert werden kann.<\/li>\n<li><strong>wesentlich mehr als ein Sammelordner<\/strong> f\u00fcr Unterlagen und Zertifikate<\/li>\n<li>ein\u00a0<strong>Struktur- und Systemgeber<\/strong> f\u00fcr alle f\u00fcr den Berufsorientierungsprozess des Sch\u00fclers relevanten Inhalte und Aktivit\u00e4ten<\/li>\n<li><strong>kein Projekt<\/strong>, sondern eine\u00a0<strong>Klammer<\/strong> um alle f\u00fcr die Berufsorientierung relevanten Inhalte und Aktivit\u00e4ten einer Schule und ihrer Partner<\/li>\n<li>der\u00a0<strong>gemeinsame Nenner<\/strong> aller Akteure in der Berufsorientierung<\/li>\n<\/ul>\n<p>Auf der Internetseite der <strong><a href=\"http:\/\/www.lsj-sachsen.de\/berufswahlpass\/portfolios\/bwp\/\" target=\"_blank\" rel=\"noopener\">Servicestelle Berufswahlpass<\/a><\/strong> finden Sie weiterf\u00fchrende\u00a0Informationen.<\/p>\n","protected":false},"excerpt":{"rendered":"<p>Der Berufswahlpass ist: ein\u00a0Lern- und Arbeitsmaterial f\u00fcr den Sch\u00fcler, mit dessen Hilfe der Berufsorientierungsprozess\u00a0in Regie der Schule organisiert, reflektiert und dokumentiert werden kann. wesentlich mehr als ein Sammelordner f\u00fcr Unterlagen und Zertifikate ein\u00a0Struktur- und Systemgeber f\u00fcr alle f\u00fcr den Berufsorientierungsprozess &hellip; <a href=\"https:\/\/www.sachsen.schule\/~ernst-zinna-schule-leipzig\/?page_id=272\">Weiterlesen <span class=\"meta-nav\">&rarr;<\/span><\/a><\/p>\n","protected":false},"author":1,"featured_media":0,"parent":176,"menu_order":0,"comment_status":"closed","ping_status":"closed","template":"onecolumn-page.php","meta":[],"_links":{"self":[{"href":"https:\/\/www.sachsen.schule\/~ernst-zinna-schule-leipzig\/index.php?rest_route=\/wp\/v2\/pages\/272"}],"collection":[{"href":"https:\/\/www.sachsen.schule\/~ernst-zinna-schule-leipzig\/index.php?rest_route=\/wp\/v2\/pages"}],"about":[{"href":"https:\/\/www.sachsen.schule\/~ernst-zinna-schule-leipzig\/index.php?rest_route=\/wp\/v2\/types\/page"}],"author":[{"embeddable":true,"href":"https:\/\/www.sachsen.schule\/~ernst-zinna-schule-leipzig\/index.php?rest_route=\/wp\/v2\/users\/1"}],"replies":[{"embeddable":true,"href":"https:\/\/www.sachsen.schule\/~ernst-zinna-schule-leipzig\/index.php?rest_route=%2Fwp%2Fv2%2Fcomments&post=272"}],"version-history":[{"count":4,"href":"https:\/\/www.sachsen.schule\/~ernst-zinna-schule-leipzig\/index.php?rest_route=\/wp\/v2\/pages\/272\/revisions"}],"predecessor-version":[{"id":351,"href":"https:\/\/www.sachsen.schule\/~ernst-zinna-schule-leipzig\/index.php?rest_route=\/wp\/v2\/pages\/272\/revisions\/351"}],"up":[{"embeddable":true,"href":"https:\/\/www.sachsen.schule\/~ernst-zinna-schule-leipzig\/index.php?rest_route=\/wp\/v2\/pages\/176"}],"wp:attachment":[{"href":"https:\/\/www.sachsen.schule\/~ernst-zinna-schule-leipzig\/index.php?rest_route=%2Fwp%2Fv2%2Fmedia&parent=272"}],"curies":[{"name":"wp","href":"https:\/\/api.w.org\/{rel}","templated":true}]}}