{"id":266,"date":"2015-09-01T09:25:05","date_gmt":"2015-09-01T09:25:05","guid":{"rendered":"http:\/\/www.sn.schule.de\/~ernst-zinna-schule-leipzig\/?page_id=266"},"modified":"2025-09-22T15:43:26","modified_gmt":"2025-09-22T15:43:26","slug":"bo-konzept-201516","status":"publish","type":"page","link":"https:\/\/www.sachsen.schule\/~ernst-zinna-schule-leipzig\/?page_id=266","title":{"rendered":"BO-Konzept 2025\/26"},"content":{"rendered":"<p><img loading=\"lazy\" class=\"alignright\" src=\"https:\/\/lsj-sachsen.de\/wp-content\/uploads\/2021\/05\/Magazin_2021_BO-Siegel.png\" width=\"200\" height=\"106\" \/><\/p>\n<p>\u00a0<\/p>\n<p style=\"text-align: center;\">Unser Motto<\/p>\n<h2 style=\"text-align: center;\"><strong>f\u00fcr die Berufsorientierung und Berufsvorbereitung <\/strong><\/h2>\n<p style=\"text-align: center;\">lautet:<\/p>\n<h1 style=\"text-align: center;\"><strong><em>\u201eMiteinander f\u00fcr die Zukunft\u201c<\/em><\/strong><\/h1>\n<p style=\"text-align: center;\"><strong>Die Sch\u00fclerinnen und Sch\u00fcler werden so gut und realistisch wie m\u00f6glich vorbereitet, sich den sozialen, psychischen, physischen und leistungsbezogenen Anforderungen des Ausbildungs- und Arbeitsmarktes zu stellen und damit in die Lage versetzt ihre eigene Zukunft und die der Gesellschaft bestm\u00f6glich zu sichern.<\/strong><\/p>\n<ul>\n<li>alle Lehrkr\u00e4fte der Ernst-Zinna-Schule haben altersangepasst die Vorbereitung auf die sp\u00e4tere Berufswahl und Berufst\u00e4tigkeit im Blick<\/li>\n<li>Elternabende mit Schwerpunkt Berufsorientierung und Berufsvorbereitung<\/li>\n<li>Projekttage mit berufsvorbereitenden Inhalten ab Klasse 5<\/li>\n<li>Projekttage mit berufsorientierenden Inhalten ab Klasse 7<\/li>\n<li>Arbeit mit dem Berufswahlpass ab Klasse 7<\/li>\n<li>Selbst- und Fremdeinsch\u00e4tzungen ab Klasse 7<\/li>\n<li>Potentialanalyse in Klasse 7<\/li>\n<li>Projektwoche WALL (Werkstatt-Arbeit-Lernen-Leben) in Klasse 8<\/li>\n<li>Betriebserkundungen<\/li>\n<li>2-w\u00f6chige Werkstatttage in Klasse 8<\/li>\n<li>2-w\u00f6chiges Betriebspraktikum in Klasse 9<\/li>\n<li>gemeinsamer Besuch von Ausbildungs- und Berufe-Messen<\/li>\n<li>Schnuppertage in den weiterf\u00fchrenden Bildungseinrichtungen<\/li>\n<li>Zusammenarbeit mit der Agentur f\u00fcr Arbeit<\/li>\n<li>individuelle Betreuung durch Berufseinstiegsbegleiter ab Mitte 8.Klasse f\u00fcr insgesamt 3 Jahre<\/li>\n<\/ul>\n<p><strong>Das aktuelle BO-Jahreskonzept herunterladen:<\/strong><\/p>\n<p><a href=\"https:\/\/drive.google.com\/file\/d\/1s2el7dHF3DW5z0C6GicYiNBjbXwCkg9d\/view?usp=sharing\">Konzept zur Berufsorientierung und Berufsvorbereitung 2025\/2026 &#8211; Gesamtkonzept<\/a><\/p>\n<p><a href=\"https:\/\/drive.google.com\/file\/d\/1j7o18NA_wkIImzZ2Rt6GfGea83R2xy5L\/view?usp=drive_link\">Konzeption zur Berufsorientierung und Berufsvorbereitung 2025\/2026 &#8211; Klasse 1-6<\/a><\/p>\n<p><a href=\"https:\/\/drive.google.com\/file\/d\/1oYfClEGFh7M60i5-dCntQz-1Fyl1QQex\/view?usp=drive_link\">Konzeption zur Berufsorientierung und Berufsvorbereitung 2025\/2026 &#8211; Klasse 7<\/a><\/p>\n<p><a href=\"https:\/\/drive.google.com\/file\/d\/1vs1nXM9nzua3meRZEhXllrowGK-wlEuG\/view?usp=drive_link\">Konzeption zur Berufsorientierung und Berufsvorbereitung 2025\/2026 &#8211; Klasse 8<\/a><\/p>\n<p><a href=\"https:\/\/drive.google.com\/file\/d\/1LWzzEbPCmC47GOZ5-rIiVQUlXV47dKhT\/view?usp=drive_link\">Konzeption zur Berufsorientierung und Berufsvorbereitung 2025\/2026 &#8211; Klasse 9<\/a><\/p>\n<p>\u00a0<\/p>\n<p><strong>weitere Links zur Berufsorientierung:<\/strong><\/p>\n<p><a href=\"http:\/\/www.leipzig.de\/berufsorientierung\" target=\"_blank\" rel=\"noopener noreferrer\">Berufs- und Studienorientierung &#8211; Stadt Leipzig<\/a><\/p>\n<p><a href=\"https:\/\/www.leipzig.de\/wirtschaft-und-wissenschaft\/arbeiten-in-leipzig\/berufs-und-studienorientierung\/termine\/\" target=\"_blank\" rel=\"noopener noreferrer\">Termine zur Berufs- und Studienorientierung<\/a><\/p>\n<p><a href=\"https:\/\/www.leipzig.de\/wirtschaft-und-wissenschaft\/arbeiten-in-leipzig\/berufs-und-studienorientierung\/arbeitskreis-schulewirtschaft\/praktikumsangebote-fuer-schueler-in-leipzig\/\" target=\"_blank\" rel=\"noopener noreferrer\">Praktikumsangebote f\u00fcr Sch\u00fcler in Leipzig<\/a><\/p>\n\n\n<p><\/p>\n","protected":false},"excerpt":{"rendered":"<p>\u00a0 Unser Motto f\u00fcr die Berufsorientierung und Berufsvorbereitung lautet: \u201eMiteinander f\u00fcr die Zukunft\u201c Die Sch\u00fclerinnen und Sch\u00fcler werden so gut und realistisch wie m\u00f6glich vorbereitet, sich den sozialen, psychischen, physischen und leistungsbezogenen Anforderungen des Ausbildungs- und Arbeitsmarktes zu stellen und &hellip; <a href=\"https:\/\/www.sachsen.schule\/~ernst-zinna-schule-leipzig\/?page_id=266\">Weiterlesen <span class=\"meta-nav\">&rarr;<\/span><\/a><\/p>\n","protected":false},"author":1,"featured_media":0,"parent":176,"menu_order":0,"comment_status":"closed","ping_status":"closed","template":"onecolumn-page.php","meta":[],"_links":{"self":[{"href":"https:\/\/www.sachsen.schule\/~ernst-zinna-schule-leipzig\/index.php?rest_route=\/wp\/v2\/pages\/266"}],"collection":[{"href":"https:\/\/www.sachsen.schule\/~ernst-zinna-schule-leipzig\/index.php?rest_route=\/wp\/v2\/pages"}],"about":[{"href":"https:\/\/www.sachsen.schule\/~ernst-zinna-schule-leipzig\/index.php?rest_route=\/wp\/v2\/types\/page"}],"author":[{"embeddable":true,"href":"https:\/\/www.sachsen.schule\/~ernst-zinna-schule-leipzig\/index.php?rest_route=\/wp\/v2\/users\/1"}],"replies":[{"embeddable":true,"href":"https:\/\/www.sachsen.schule\/~ernst-zinna-schule-leipzig\/index.php?rest_route=%2Fwp%2Fv2%2Fcomments&post=266"}],"version-history":[{"count":37,"href":"https:\/\/www.sachsen.schule\/~ernst-zinna-schule-leipzig\/index.php?rest_route=\/wp\/v2\/pages\/266\/revisions"}],"predecessor-version":[{"id":761,"href":"https:\/\/www.sachsen.schule\/~ernst-zinna-schule-leipzig\/index.php?rest_route=\/wp\/v2\/pages\/266\/revisions\/761"}],"up":[{"embeddable":true,"href":"https:\/\/www.sachsen.schule\/~ernst-zinna-schule-leipzig\/index.php?rest_route=\/wp\/v2\/pages\/176"}],"wp:attachment":[{"href":"https:\/\/www.sachsen.schule\/~ernst-zinna-schule-leipzig\/index.php?rest_route=%2Fwp%2Fv2%2Fmedia&parent=266"}],"curies":[{"name":"wp","href":"https:\/\/api.w.org\/{rel}","templated":true}]}}