{"id":240,"date":"2014-07-04T08:44:46","date_gmt":"2014-07-04T08:44:46","guid":{"rendered":"http:\/\/www.sn.schule.de\/~ernst-zinna-schule-leipzig\/?page_id=240"},"modified":"2018-09-19T11:17:03","modified_gmt":"2018-09-19T11:17:03","slug":"tbz","status":"publish","type":"page","link":"https:\/\/www.sachsen.schule\/~ernst-zinna-schule-leipzig\/?page_id=240","title":{"rendered":"Stiftung Bildung &#038; Handwerk (SBH) S\u00fcdost 2 GmbH"},"content":{"rendered":"<p>Seit 2008 nehmen ca. 18 Sch\u00fcler aus den Klassen 7-9 am Projekt \u201ePRAKLE\u201c &#8211; Praktisches Lernen f\u00fcr abschlussgef\u00e4hrdete F\u00f6rdersch\u00fcler\/innen teil.<\/p>\n<p>Dieses Projekt wird in Zusammenarbeit mit der Stiftung Bildung &amp; Handwerk\u00a0S\u00fcdost 2 GmbH (ehemals\u00a0Technologie- und Berufsbildungszentrum Leipzig GmbH) und der Ernst-Zinna-Schule durchgef\u00fchrt.<\/p>\n<p>Die Zielstellung des Projektes beinhaltet, abschlussgef\u00e4hrdete Sch\u00fcler durch Arbeit zur Schule wieder heranzuf\u00fchren.<\/p>\n<p>Ablauf:<\/p>\n<ul>\n<li>ein Tag pro Woche (6 Std.) praktisches Lernen in der\u00a0SBH\u00a0S\u00fcdost 2 GmbH, gekoppelt mit Trainingsangeboten des Sozialp\u00e4dagogen (s.u.)<\/li>\n<li>insgesamt nehmen am Projekt 12 Sch\u00fcler\/innen teil.<\/li>\n<li>Das praktische Lernen findet projektorientiert in verschiedenen Gewerken statt:<\/li>\n<\/ul>\n<ol>\n<li>Gastronomie\/Hauswirtschaft<\/li>\n<li>Farbtechnicken\/Raumgestaltung<\/li>\n<li>Gartenbau\/Floristik<\/li>\n<li>Holztechnik<\/li>\n<li>Metalltechnik<\/li>\n<li>Bautechnik<\/li>\n<li>Dienstleistungsbereich<\/li>\n<\/ol>\n<ul>\n<li>Durchf\u00fchrung des praktischen Lernens in Gruppen von je 6 Sch\u00fcler\/innen<\/li>\n<li>w\u00e4hrend der gesamten Zeit in der SBH\u00a0S\u00fcdost 2 GmbH\u00a0wird zus\u00e4tzlich ein Sozialp\u00e4dagoge zur Betreuung der Sch\u00fcler\/innen bereit gestellt<\/li>\n<li>Neben dem praktischem Lernen beinhaltet das Projekt auch Angebote zur Unterst\u00fctzung bei Bewerbungen und Kommunikationstraining und Konfliktbew\u00e4ltigung<\/li>\n<li>das Projekt beinhaltet insgesamt 10 Tage betriebliche Erkundung (inkl. je ein Tag Vor- und Nachbereitung<\/li>\n<\/ul>\n<p>Seit zwei Jahren praktiziert die Ernst-Zinna-Schule, Schule zur Lernf\u00f6rderung, das ESF \u2013 Projekt \u201ePRAKLE\u201c mit der Stiftung Bildung &amp; Handwerk \u00a0S\u00fcdost 2 GmbH.<\/p>\n<p>Durch das praktische Ausprobieren in den unterschiedlichen Gewerken festigte sich bei den meisten Sch\u00fclern eine konkrete Berufsvorstellung.<\/p>\n<p>Positive Pers\u00f6nlichkeitseigenschaften, wie der kollegiale Umgang mit anf\u00e4nglich fremden Personen sowie Selbstbewusstsein auf das Geleistete werden ausgepr\u00e4gt.<\/p>\n<p>Ausdauer, Konzentration, Fein- und Grobmotorik, die bei unseren Sch\u00fclern h\u00e4ufig mangelhaft entwickelt sind, verbesserten sich.<\/p>\n<p>Alle Sch\u00fcler, die in diesem Projekt bisher t\u00e4tig waren, erreichten ihren Schulabschluss. Somit wurde der \u00dcbergang von Schule zum Beruf nachhaltig verbessert.<\/p>\n","protected":false},"excerpt":{"rendered":"<p>Seit 2008 nehmen ca. 18 Sch\u00fcler aus den Klassen 7-9 am Projekt \u201ePRAKLE\u201c &#8211; Praktisches Lernen f\u00fcr abschlussgef\u00e4hrdete F\u00f6rdersch\u00fcler\/innen teil. Dieses Projekt wird in Zusammenarbeit mit der Stiftung Bildung &amp; Handwerk\u00a0S\u00fcdost 2 GmbH (ehemals\u00a0Technologie- und Berufsbildungszentrum Leipzig GmbH) und der &hellip; <a href=\"https:\/\/www.sachsen.schule\/~ernst-zinna-schule-leipzig\/?page_id=240\">Weiterlesen <span class=\"meta-nav\">&rarr;<\/span><\/a><\/p>\n","protected":false},"author":1,"featured_media":0,"parent":187,"menu_order":2,"comment_status":"closed","ping_status":"closed","template":"onecolumn-page.php","meta":[],"_links":{"self":[{"href":"https:\/\/www.sachsen.schule\/~ernst-zinna-schule-leipzig\/index.php?rest_route=\/wp\/v2\/pages\/240"}],"collection":[{"href":"https:\/\/www.sachsen.schule\/~ernst-zinna-schule-leipzig\/index.php?rest_route=\/wp\/v2\/pages"}],"about":[{"href":"https:\/\/www.sachsen.schule\/~ernst-zinna-schule-leipzig\/index.php?rest_route=\/wp\/v2\/types\/page"}],"author":[{"embeddable":true,"href":"https:\/\/www.sachsen.schule\/~ernst-zinna-schule-leipzig\/index.php?rest_route=\/wp\/v2\/users\/1"}],"replies":[{"embeddable":true,"href":"https:\/\/www.sachsen.schule\/~ernst-zinna-schule-leipzig\/index.php?rest_route=%2Fwp%2Fv2%2Fcomments&post=240"}],"version-history":[{"count":6,"href":"https:\/\/www.sachsen.schule\/~ernst-zinna-schule-leipzig\/index.php?rest_route=\/wp\/v2\/pages\/240\/revisions"}],"predecessor-version":[{"id":295,"href":"https:\/\/www.sachsen.schule\/~ernst-zinna-schule-leipzig\/index.php?rest_route=\/wp\/v2\/pages\/240\/revisions\/295"}],"up":[{"embeddable":true,"href":"https:\/\/www.sachsen.schule\/~ernst-zinna-schule-leipzig\/index.php?rest_route=\/wp\/v2\/pages\/187"}],"wp:attachment":[{"href":"https:\/\/www.sachsen.schule\/~ernst-zinna-schule-leipzig\/index.php?rest_route=%2Fwp%2Fv2%2Fmedia&parent=240"}],"curies":[{"name":"wp","href":"https:\/\/api.w.org\/{rel}","templated":true}]}}