{"id":230,"date":"2014-07-04T07:28:52","date_gmt":"2014-07-04T07:28:52","guid":{"rendered":"http:\/\/www.sn.schule.de\/~ernst-zinna-schule-leipzig\/?page_id=230"},"modified":"2025-04-03T11:21:40","modified_gmt":"2025-04-03T11:21:40","slug":"schulsozialarbeit","status":"publish","type":"page","link":"https:\/\/www.sachsen.schule\/~ernst-zinna-schule-leipzig\/?page_id=230","title":{"rendered":"Schulsozialarbeit"},"content":{"rendered":"\n<p>Die Schulsozialarbeit unterst\u00fctzt Sch\u00fclerinnen und Sch\u00fcler in ihrer pers\u00f6nlichen und sozialen Entwicklung und begleitet sie auf ihrem Weg des Erwachsenwerdens. Sie f\u00f6rdert die St\u00e4rkung individueller Kompetenzen zur Bew\u00e4ltigung von Alltags- und Lebensproblemen. Mit ihrem niederschwelligen und aufsuchenden Ansatz stellt die Schulsozialarbeit eine pr\u00e4ventive und intervenierende Unterst\u00fctzung direkt vor Ort dar. Sie richtet sich insbesondere an Sch\u00fclerinnen und Sch\u00fcler, die aufgrund von sozialen Benachteiligungen oder individuellen Herausforderungen zus\u00e4tzliche Hilfe ben\u00f6tigen. So leistet sie einen wichtigen Beitrag zur schulischen und sozialen Integration und erg\u00e4nzt den Erziehungsauftrag der Schule.<br><\/p>\n\n\n\n<p>Die Schulsozialarbeit erfolgt auf Grundlage des Kinder- und Jugendhilfegesetzes (SGB VIII) und ber\u00fccksichtigt die Regelungen des \u00a7 13a SGB VIII. In der Praxis kommen verschiedene sozialp\u00e4dagogische Methoden wie Einzelfallhilfe, Gruppenarbeit und Gemeinwesenarbeit zum Einsatz. Der Schutz der pers\u00f6nlichen Daten der Sch\u00fclerinnen und Sch\u00fcler hat dabei h\u00f6chste Priorit\u00e4t. Alle erhobenen Daten werden vertraulich behandelt und unter Beachtung der Datenschutzbestimmungen.<\/p>\n\n\n\n<p class=\"has-text-align-left\"><strong>Ansprechpartnerin:<\/strong><\/p>\n\n\n\n<p class=\"has-text-align-left\">Vanessa Weikum (Sozialp\u00e4dagogin)<\/p>\n\n\n\n<p class=\"has-text-align-left\">Ernst-Zinna-Schule: F\u00f6rderzentrum mit dem F\u00f6rderschwerpunkt Lernen der Stadt Leipzig<br>Wincklerstra\u00dfe 3-5\/ 04279 Leipzig<br>Tel.: 0163 61567 54<br>E-Mail: v.weikum@raa-leipzig.de<\/p>\n\n\n\n<p class=\"has-text-align-left\"><br><strong>Sprechzeiten:<\/strong><\/p>\n\n\n\n<p class=\"has-text-align-left\">Mo \u2013 Di + Do \u2013 Fr: 8:30 \u2013 14:30 Uhr<br>Mi: nach Vereinbarung<\/p>\n\n\n\n<p><strong>Tr\u00e4ger:<\/strong><br>RAA Leipzig e.V.<br>Petersseinweg 13<br>04107 Leipzig<br>www.raa-leipzig.de\/schulsozialarbeit<\/p>\n","protected":false},"excerpt":{"rendered":"<p>Die Schulsozialarbeit unterst\u00fctzt Sch\u00fclerinnen und Sch\u00fcler in ihrer pers\u00f6nlichen und sozialen Entwicklung und begleitet sie auf ihrem Weg des Erwachsenwerdens. Sie f\u00f6rdert die St\u00e4rkung individueller Kompetenzen zur Bew\u00e4ltigung von Alltags- und Lebensproblemen. Mit ihrem niederschwelligen und aufsuchenden Ansatz stellt die &hellip; <a href=\"https:\/\/www.sachsen.schule\/~ernst-zinna-schule-leipzig\/?page_id=230\">Weiterlesen <span class=\"meta-nav\">&rarr;<\/span><\/a><\/p>\n","protected":false},"author":1,"featured_media":0,"parent":0,"menu_order":5,"comment_status":"closed","ping_status":"closed","template":"onecolumn-page.php","meta":[],"_links":{"self":[{"href":"https:\/\/www.sachsen.schule\/~ernst-zinna-schule-leipzig\/index.php?rest_route=\/wp\/v2\/pages\/230"}],"collection":[{"href":"https:\/\/www.sachsen.schule\/~ernst-zinna-schule-leipzig\/index.php?rest_route=\/wp\/v2\/pages"}],"about":[{"href":"https:\/\/www.sachsen.schule\/~ernst-zinna-schule-leipzig\/index.php?rest_route=\/wp\/v2\/types\/page"}],"author":[{"embeddable":true,"href":"https:\/\/www.sachsen.schule\/~ernst-zinna-schule-leipzig\/index.php?rest_route=\/wp\/v2\/users\/1"}],"replies":[{"embeddable":true,"href":"https:\/\/www.sachsen.schule\/~ernst-zinna-schule-leipzig\/index.php?rest_route=%2Fwp%2Fv2%2Fcomments&post=230"}],"version-history":[{"count":12,"href":"https:\/\/www.sachsen.schule\/~ernst-zinna-schule-leipzig\/index.php?rest_route=\/wp\/v2\/pages\/230\/revisions"}],"predecessor-version":[{"id":708,"href":"https:\/\/www.sachsen.schule\/~ernst-zinna-schule-leipzig\/index.php?rest_route=\/wp\/v2\/pages\/230\/revisions\/708"}],"wp:attachment":[{"href":"https:\/\/www.sachsen.schule\/~ernst-zinna-schule-leipzig\/index.php?rest_route=%2Fwp%2Fv2%2Fmedia&parent=230"}],"curies":[{"name":"wp","href":"https:\/\/api.w.org\/{rel}","templated":true}]}}