{"id":226,"date":"2014-07-04T07:26:55","date_gmt":"2014-07-04T07:26:55","guid":{"rendered":"http:\/\/www.sn.schule.de\/~ernst-zinna-schule-leipzig\/?page_id=226"},"modified":"2018-09-19T11:11:28","modified_gmt":"2018-09-19T11:11:28","slug":"schulerrat","status":"publish","type":"page","link":"https:\/\/www.sachsen.schule\/~ernst-zinna-schule-leipzig\/?page_id=226","title":{"rendered":"Sch\u00fclerrat"},"content":{"rendered":"<p>Regelm\u00e4\u00dfige Aktivit\u00e4ten:<\/p>\n<ul>\n<li>Sch\u00fclerratstagung zu Beginn des Schuljahres<\/li>\n<li>Aidsprojekt Klassenstufe 9 mit Aidsbasar<\/li>\n<li>Sch\u00fcleraufsicht der Kl. 8 und 9<\/li>\n<li>Patenschaften zwischen \u00e4lteren und j\u00fcngeren Sch\u00fclern<\/li>\n<li>Einladen der Schulleitung zu bestimmten Themen \/ Problemen<\/li>\n<li>Afrikaprojekt<\/li>\n<li>Abschlussfahrt<\/li>\n<\/ul>\n","protected":false},"excerpt":{"rendered":"<p>Regelm\u00e4\u00dfige Aktivit\u00e4ten: Sch\u00fclerratstagung zu Beginn des Schuljahres Aidsprojekt Klassenstufe 9 mit Aidsbasar Sch\u00fcleraufsicht der Kl. 8 und 9 Patenschaften zwischen \u00e4lteren und j\u00fcngeren Sch\u00fclern Einladen der Schulleitung zu bestimmten Themen \/ Problemen Afrikaprojekt Abschlussfahrt<\/p>\n","protected":false},"author":1,"featured_media":0,"parent":0,"menu_order":4,"comment_status":"closed","ping_status":"closed","template":"onecolumn-page.php","meta":[],"_links":{"self":[{"href":"https:\/\/www.sachsen.schule\/~ernst-zinna-schule-leipzig\/index.php?rest_route=\/wp\/v2\/pages\/226"}],"collection":[{"href":"https:\/\/www.sachsen.schule\/~ernst-zinna-schule-leipzig\/index.php?rest_route=\/wp\/v2\/pages"}],"about":[{"href":"https:\/\/www.sachsen.schule\/~ernst-zinna-schule-leipzig\/index.php?rest_route=\/wp\/v2\/types\/page"}],"author":[{"embeddable":true,"href":"https:\/\/www.sachsen.schule\/~ernst-zinna-schule-leipzig\/index.php?rest_route=\/wp\/v2\/users\/1"}],"replies":[{"embeddable":true,"href":"https:\/\/www.sachsen.schule\/~ernst-zinna-schule-leipzig\/index.php?rest_route=%2Fwp%2Fv2%2Fcomments&post=226"}],"version-history":[{"count":4,"href":"https:\/\/www.sachsen.schule\/~ernst-zinna-schule-leipzig\/index.php?rest_route=\/wp\/v2\/pages\/226\/revisions"}],"predecessor-version":[{"id":350,"href":"https:\/\/www.sachsen.schule\/~ernst-zinna-schule-leipzig\/index.php?rest_route=\/wp\/v2\/pages\/226\/revisions\/350"}],"wp:attachment":[{"href":"https:\/\/www.sachsen.schule\/~ernst-zinna-schule-leipzig\/index.php?rest_route=%2Fwp%2Fv2%2Fmedia&parent=226"}],"curies":[{"name":"wp","href":"https:\/\/api.w.org\/{rel}","templated":true}]}}