{"id":218,"date":"2014-07-04T07:22:16","date_gmt":"2014-07-04T07:22:16","guid":{"rendered":"http:\/\/www.sn.schule.de\/~ernst-zinna-schule-leipzig\/?page_id=218"},"modified":"2021-09-08T08:27:41","modified_gmt":"2021-09-08T08:27:41","slug":"damals-heute","status":"publish","type":"page","link":"https:\/\/www.sachsen.schule\/~ernst-zinna-schule-leipzig\/?page_id=218","title":{"rendered":"Geschichte"},"content":{"rendered":"\n<p><strong><u>Wer war Ernst Zinna?<\/u><\/strong><strong><u><\/u><\/strong><\/p>\n\n\n\n<p>Ernst Zinna wurde am 08.September 1830 geboren. 1846, nach seiner Schlosserlehre, begab er sich auf Wanderschaft. Im gleichen Jahr soll er zwei Menschen vorm Ertrinken gerettet haben. Deshalb wurde ihm die Preu\u00dfische Lebensrettungsmedaille verliehen.<\/p>\n\n\n\n<p>Im Land wurden die Forderungen nach Presse- und Vereinsfreiheit sowie nach einem gesamtdeutschen Parlament immer lauter. W\u00e4hrend der Massenversammlung vor dem Berliner Schloss, am 18.Ma\u0308rz 1848, fielen pl\u00f6tzlich Sch\u00fcsse und es entwickelten sich daraus blutige Stra\u00dfenk\u00e4mpfe an deren Ende 254 Tote zu beklagen waren.<\/p>\n\n\n\n<p>An jenem Tag beteiligte sich auch Ernst Zinna mit seinem Freund Heinrich Glasewaldt am Bau einer Barrikade an der Ecke J\u00e4ger- \/Friedrichstra\u00dfe. Augenzeugen berichteten davon, dass die beiden mit einem alten Gewehr sowie einem krummen und verrosteten S\u00e4bel bewaffnet waren. \u201eGlasewaldt feuerte auf die Truppen des K\u00f6nigs, wurde daraufhin von ihnen jedoch am Arm verwundet.\u201c<\/p>\n\n\n\n<p>\u201eDie Barrikade hatte nun nur noch einen Verteidiger. Ernst Zinna st\u00fcrzte hervor und verletzte einen der voranschreitenden Offiziere. Sogleich entluden sich sechs bis acht Sch\u00fcsse in Zinnas Richtung, denen er zun\u00e4chst entweichen konnte. Er schleuderte nun Pflastersteine in Richtung des Heeres, daraufhin traf ihn eine Kugel.\u201c<\/p>\n","protected":false},"excerpt":{"rendered":"<p>Wer war Ernst Zinna? Ernst Zinna wurde am 08.September 1830 geboren. 1846, nach seiner Schlosserlehre, begab er sich auf Wanderschaft. Im gleichen Jahr soll er zwei Menschen vorm Ertrinken gerettet haben. Deshalb wurde ihm die Preu\u00dfische Lebensrettungsmedaille verliehen. Im Land &hellip; <a href=\"https:\/\/www.sachsen.schule\/~ernst-zinna-schule-leipzig\/?page_id=218\">Weiterlesen <span class=\"meta-nav\">&rarr;<\/span><\/a><\/p>\n","protected":false},"author":1,"featured_media":0,"parent":0,"menu_order":1,"comment_status":"closed","ping_status":"closed","template":"onecolumn-page.php","meta":[],"_links":{"self":[{"href":"https:\/\/www.sachsen.schule\/~ernst-zinna-schule-leipzig\/index.php?rest_route=\/wp\/v2\/pages\/218"}],"collection":[{"href":"https:\/\/www.sachsen.schule\/~ernst-zinna-schule-leipzig\/index.php?rest_route=\/wp\/v2\/pages"}],"about":[{"href":"https:\/\/www.sachsen.schule\/~ernst-zinna-schule-leipzig\/index.php?rest_route=\/wp\/v2\/types\/page"}],"author":[{"embeddable":true,"href":"https:\/\/www.sachsen.schule\/~ernst-zinna-schule-leipzig\/index.php?rest_route=\/wp\/v2\/users\/1"}],"replies":[{"embeddable":true,"href":"https:\/\/www.sachsen.schule\/~ernst-zinna-schule-leipzig\/index.php?rest_route=%2Fwp%2Fv2%2Fcomments&post=218"}],"version-history":[{"count":6,"href":"https:\/\/www.sachsen.schule\/~ernst-zinna-schule-leipzig\/index.php?rest_route=\/wp\/v2\/pages\/218\/revisions"}],"predecessor-version":[{"id":503,"href":"https:\/\/www.sachsen.schule\/~ernst-zinna-schule-leipzig\/index.php?rest_route=\/wp\/v2\/pages\/218\/revisions\/503"}],"wp:attachment":[{"href":"https:\/\/www.sachsen.schule\/~ernst-zinna-schule-leipzig\/index.php?rest_route=%2Fwp%2Fv2%2Fmedia&parent=218"}],"curies":[{"name":"wp","href":"https:\/\/api.w.org\/{rel}","templated":true}]}}