{"id":176,"date":"2014-03-02T13:38:46","date_gmt":"2014-03-02T13:38:46","guid":{"rendered":"http:\/\/www.sn.schule.de\/~ernst-zinna-schule-leipzig\/?page_id=176"},"modified":"2021-09-08T06:38:52","modified_gmt":"2021-09-08T06:38:52","slug":"berufliche-eingliederung","status":"publish","type":"page","link":"https:\/\/www.sachsen.schule\/~ernst-zinna-schule-leipzig\/?page_id=176","title":{"rendered":"Berufsorientierung"},"content":{"rendered":"<p><strong><u>Konzeption zur Berufsorientierung und Berufsvorbereitung<\/u><\/strong><\/p>\n<p><strong>\u00a0<\/strong>Zielstellung unserer Schule ist:<\/p>\n<p>Alle Sch\u00fcler erreichen das Klassenziel der Klasse 9 und wechseln mit einer eigenen Bewerbung, ihrem Berufswahlpass gut ger\u00fcstet und nahtlos in eine Berufsvorbereitende Schule \u00fcber.<\/p>\n<p>Wir beginnen bereits ab Klasse 1 mit der Vorbereitung aufs Berufsleben durch folgende Kernziele:<\/p>\n<ul>\n<li>Einblicke in die Arbeitswelt erhalten<\/li>\n<li>Normgerechtes Sozialverhalten ein\u00fcben<\/li>\n<\/ul>\n<p>Ab Klasse 7<\/p>\n<ul>\n<li>Einblicke in die Arbeitswelt erhalten<\/li>\n<li>Berufsfelder und Berufsbilder kennenlernen<\/li>\n<li>Sich praxisorientiert mit der Arbeitswelt auseinandersetzen<\/li>\n<li>Eigene F\u00e4higkeiten, st\u00e4rken und Schw\u00e4chen kennenlernen<\/li>\n<li>Normgerechtes Sozialverhalten bewusstmachen und ein\u00fcben<\/li>\n<li>Realistische Zukunftsvorstellungen entwickeln<\/li>\n<li>Lebenspraktische Grundlagen aneignen<\/li>\n<\/ul>\n<p>Ab Klasse 8<\/p>\n<ul>\n<li>Selbsteinsch\u00e4tzung<\/li>\n<li>Normgerechtes Sozialverhalten \u00fcben<\/li>\n<li>Entwicklung des Berufswunsches<\/li>\n<li>Eigene St\u00e4rken und F\u00e4higkeiten in Beziehung zu beruflichen Anforderungen setzen<\/li>\n<li>Bewerbungen planen, Bewerbungstraining<\/li>\n<li>Berufspraktische Vorbereitung \u2013 sich praxisorientiert mit der Arbeitswelt auseinandersetzen<\/li>\n<li>Zug\u00e4nge zu Ausbildung und Beruf kennenlernen<\/li>\n<li>Lebenspraktische Grundlagen aneignen<\/li>\n<li>Informations- und Beratungsangebote kennenlernen, werten und nutzen lernen<\/li>\n<\/ul>\n<p>Ab Klasse 9<\/p>\n<ul>\n<li>Zug\u00e4nge zu Ausbildung und Beruf kennen<\/li>\n<li>Berufsvorstellungen konkretisieren und Entscheidungen bewusst vorbereiten<\/li>\n<li>Berufliche Alternativen kennen, werten und planen<\/li>\n<li>Bewerbung planen, ein\u00fcben und realisieren<\/li>\n<li>Lebenspraktische Grundlagen aneignen<\/li>\n<li>Normgerechtes Sozialverhalten, St\u00e4rken und F\u00e4higkeiten beachten<\/li>\n<li>Sich praxisorientiert mit der Arbeitswelt auseinandersetzen<\/li>\n<li>\u00dcbergang Schule \u2013 Arbeitswelt planen und vorbereiten<\/li>\n<\/ul>\n<p>S\u00e4mtliche Ma\u00dfnahmen, Termine und Verantwortlichkeiten sowie auch die Einbeziehung von Partnern und die Einordnung in den Berufswahlpass sind im jeweiligen BO-Konzept des Schuljahres verankert und auf der Homepage einsehbar.<\/p>\n","protected":false},"excerpt":{"rendered":"<p>Konzeption zur Berufsorientierung und Berufsvorbereitung \u00a0Zielstellung unserer Schule ist: Alle Sch\u00fcler erreichen das Klassenziel der Klasse 9 und wechseln mit einer eigenen Bewerbung, ihrem Berufswahlpass gut ger\u00fcstet und nahtlos in eine Berufsvorbereitende Schule \u00fcber. Wir beginnen bereits ab Klasse 1 &hellip; <a href=\"https:\/\/www.sachsen.schule\/~ernst-zinna-schule-leipzig\/?page_id=176\">Weiterlesen <span class=\"meta-nav\">&rarr;<\/span><\/a><\/p>\n","protected":false},"author":1,"featured_media":0,"parent":61,"menu_order":0,"comment_status":"closed","ping_status":"closed","template":"onecolumn-page.php","meta":[],"_links":{"self":[{"href":"https:\/\/www.sachsen.schule\/~ernst-zinna-schule-leipzig\/index.php?rest_route=\/wp\/v2\/pages\/176"}],"collection":[{"href":"https:\/\/www.sachsen.schule\/~ernst-zinna-schule-leipzig\/index.php?rest_route=\/wp\/v2\/pages"}],"about":[{"href":"https:\/\/www.sachsen.schule\/~ernst-zinna-schule-leipzig\/index.php?rest_route=\/wp\/v2\/types\/page"}],"author":[{"embeddable":true,"href":"https:\/\/www.sachsen.schule\/~ernst-zinna-schule-leipzig\/index.php?rest_route=\/wp\/v2\/users\/1"}],"replies":[{"embeddable":true,"href":"https:\/\/www.sachsen.schule\/~ernst-zinna-schule-leipzig\/index.php?rest_route=%2Fwp%2Fv2%2Fcomments&post=176"}],"version-history":[{"count":6,"href":"https:\/\/www.sachsen.schule\/~ernst-zinna-schule-leipzig\/index.php?rest_route=\/wp\/v2\/pages\/176\/revisions"}],"predecessor-version":[{"id":458,"href":"https:\/\/www.sachsen.schule\/~ernst-zinna-schule-leipzig\/index.php?rest_route=\/wp\/v2\/pages\/176\/revisions\/458"}],"up":[{"embeddable":true,"href":"https:\/\/www.sachsen.schule\/~ernst-zinna-schule-leipzig\/index.php?rest_route=\/wp\/v2\/pages\/61"}],"wp:attachment":[{"href":"https:\/\/www.sachsen.schule\/~ernst-zinna-schule-leipzig\/index.php?rest_route=%2Fwp%2Fv2%2Fmedia&parent=176"}],"curies":[{"name":"wp","href":"https:\/\/api.w.org\/{rel}","templated":true}]}}