{"id":156,"date":"2014-03-02T12:39:35","date_gmt":"2014-03-02T12:39:35","guid":{"rendered":"http:\/\/www.sn.schule.de\/~ernst-zinna-schule-leipzig\/?page_id=156"},"modified":"2025-08-22T09:30:32","modified_gmt":"2025-08-22T09:30:32","slug":"hohepunkte-201314","status":"publish","type":"page","link":"https:\/\/www.sachsen.schule\/~ernst-zinna-schule-leipzig\/?page_id=156","title":{"rendered":"Termine"},"content":{"rendered":"\n<p>&#8211; Einschulung 2025\/26        <strong>09.08.2025<\/strong><\/p>\n\n\n\n<p>&#8211; Elternabend Schuljahresstart      <strong>25.08.2025<\/strong><\/p>\n\n\n\n<p>&#8211; Bewegte und sichere Schule      <strong>ganzj\u00e4hrig<\/strong><\/p>\n\n\n\n<p>&#8211; Zukunftswerkstatt Klasse 6a   <strong>    25.08.\/26.08.2025<\/strong><\/p>\n\n\n\n<p>&#8211; Zukunftswerkstatt Klasse 6b  <strong>     27.08.\/28.08.2025<\/strong><\/p>\n\n\n\n<p>&#8211; TRUDI Projekt Kl.7  <strong>   10.09.2025<\/strong><\/p>\n\n\n\n<p>&#8211; Neues Rathaus Kl.9     <strong>24.09.2025<\/strong><\/p>\n\n\n\n<p>&#8211; Sch\u00fclerratstagung (Patenschaften, Sch\u00fcleraufsichten)      <strong>01.10.\/02.10.2025<\/strong><\/p>\n\n\n\n<p>&#8211; TRUDI Projekt Kl.8      <strong>27.10.2025<\/strong><\/p>\n\n\n\n<p>&#8211; TRUDI Projekt Kl.9   <strong>   29.10.2025<\/strong><\/p>\n\n\n\n<p>&#8211; Streitschlichtung     <strong> ganzj\u00e4hrig<\/strong><\/p>\n\n\n\n<p>&#8211; Soziales Lernen  <strong>     nach Absprache ab Klasse 1<\/strong><\/p>\n\n\n\n<p>&#8211; Hochsprungevent mit Musik Klasse 5-9       <strong>30.10.2025<\/strong><\/p>\n\n\n\n<p>&#8211; Putzpatenschaft f\u00fcr Stolpersteine  <strong>    10.11.2025<\/strong><\/p>\n\n\n\n<p>&#8211; WALL- Projekt Kl. 7     <strong>17.11.-21.11.2025<\/strong><\/p>\n\n\n\n<p>&#8211; Teilnahme der Sch\u00fcler an den GTA h\u00f6chstens 2 mal pro Woche pro Sch\u00fcler       <strong>ganzj\u00e4hrig<\/strong><\/p>\n\n\n\n<p>&#8211; Levellauf der F\u00f6rderschulen       <strong>21.11.2025<\/strong><\/p>\n\n\n\n<p>&#8211; Weihnachtsprojektwoche       <strong>15.12.- 19.12.2025<\/strong><\/p>\n\n\n\n<p>&#8211; M\u00e4rchenstunde Klasse 1-4     <strong>15.12.2025<\/strong><\/p>\n\n\n\n<p>&#8211; Lesefest  Klasse 5-9  <strong>      16.12.2025<\/strong><\/p>\n\n\n\n<p>&#8211; Weihnachtssportfest Klasse 1-3        <strong>16.12.2025<\/strong><\/p>\n\n\n\n<p>&#8211; Weihnachtsturnier (Zweifelderball, Volleyball) Klasse 4-9      <strong>18.12.2025<\/strong><\/p>\n\n\n\n<p>&#8211; Werkstatttage der\u00a0Klassenstufe 8       <strong>02.03.- 13.03.2026<\/strong><\/p>\n\n\n\n<p>&#8211; Praktika der\u00a0Klassenstufe 9      <strong>02.03.-13.03.2026<\/strong><\/p>\n\n\n\n<p>&#8211; Levellauf ab Klasse 4       <strong>27.03.2026<\/strong><\/p>\n\n\n\n<p>&#8211; Osterprojektwoche      <strong>30.03. -01.04.2026<\/strong><\/p>\n\n\n\n<p>&#8211; LOKL Klasse 9     <strong> 30.03. -01.04.2026<\/strong><\/p>\n\n\n\n<p>&#8211; Unterrichtsfreier Tag      <strong>02.04.2026<\/strong><\/p>\n\n\n\n<p>&#8211; Pr\u00fcfungen Kl.9<strong> <\/strong>     <strong>19.05.\/21.05.2026<\/strong><\/p>\n\n\n\n<p>&#8211; Schulfest mit 8. Grundschule      <strong>27.05.2026<\/strong><\/p>\n\n\n\n<p>&#8211; Schulsportfest <strong>   02.06.2026<\/strong><\/p>\n\n\n\n<p>&#8211; Jugendverkehrsschule\/ Fahrradausbildung     <strong>05.06\/08.06.2026<\/strong><\/p>\n\n\n\n<p>&#8211; Geschichtsprojekt Kl.9     <strong>15.06-19.06.2026<\/strong><\/p>\n\n\n\n<p>&#8211; Schullandheimaufenthalte    <strong>individuell<\/strong>  <\/p>\n\n\n\n<p>&#8211; Lobetag     <strong>23.06.2026<\/strong><\/p>\n\n\n\n<p>&#8211; Schulentlassungsfeier  <strong>    26.06.2026<\/strong><\/p>\n\n\n\n<p>&#8211; Schulausklang (Wandertage, Projekte)   <strong>29.06.-03.07.2026<\/strong><\/p>\n","protected":false},"excerpt":{"rendered":"<p>&#8211; Einschulung 2025\/26 09.08.2025 &#8211; Elternabend Schuljahresstart 25.08.2025 &#8211; Bewegte und sichere Schule ganzj\u00e4hrig &#8211; Zukunftswerkstatt Klasse 6a 25.08.\/26.08.2025 &#8211; Zukunftswerkstatt Klasse 6b 27.08.\/28.08.2025 &#8211; TRUDI Projekt Kl.7 10.09.2025 &#8211; Neues Rathaus Kl.9 24.09.2025 &#8211; Sch\u00fclerratstagung (Patenschaften, Sch\u00fcleraufsichten) 01.10.\/02.10.2025 &#8211; &hellip; <a href=\"https:\/\/www.sachsen.schule\/~ernst-zinna-schule-leipzig\/?page_id=156\">Weiterlesen <span class=\"meta-nav\">&rarr;<\/span><\/a><\/p>\n","protected":false},"author":1,"featured_media":0,"parent":210,"menu_order":1,"comment_status":"closed","ping_status":"closed","template":"onecolumn-page.php","meta":[],"_links":{"self":[{"href":"https:\/\/www.sachsen.schule\/~ernst-zinna-schule-leipzig\/index.php?rest_route=\/wp\/v2\/pages\/156"}],"collection":[{"href":"https:\/\/www.sachsen.schule\/~ernst-zinna-schule-leipzig\/index.php?rest_route=\/wp\/v2\/pages"}],"about":[{"href":"https:\/\/www.sachsen.schule\/~ernst-zinna-schule-leipzig\/index.php?rest_route=\/wp\/v2\/types\/page"}],"author":[{"embeddable":true,"href":"https:\/\/www.sachsen.schule\/~ernst-zinna-schule-leipzig\/index.php?rest_route=\/wp\/v2\/users\/1"}],"replies":[{"embeddable":true,"href":"https:\/\/www.sachsen.schule\/~ernst-zinna-schule-leipzig\/index.php?rest_route=%2Fwp%2Fv2%2Fcomments&post=156"}],"version-history":[{"count":48,"href":"https:\/\/www.sachsen.schule\/~ernst-zinna-schule-leipzig\/index.php?rest_route=\/wp\/v2\/pages\/156\/revisions"}],"predecessor-version":[{"id":768,"href":"https:\/\/www.sachsen.schule\/~ernst-zinna-schule-leipzig\/index.php?rest_route=\/wp\/v2\/pages\/156\/revisions\/768"}],"up":[{"embeddable":true,"href":"https:\/\/www.sachsen.schule\/~ernst-zinna-schule-leipzig\/index.php?rest_route=\/wp\/v2\/pages\/210"}],"wp:attachment":[{"href":"https:\/\/www.sachsen.schule\/~ernst-zinna-schule-leipzig\/index.php?rest_route=%2Fwp%2Fv2%2Fmedia&parent=156"}],"curies":[{"name":"wp","href":"https:\/\/api.w.org\/{rel}","templated":true}]}}