{"id":129,"date":"2011-01-24T18:26:04","date_gmt":"2011-01-24T18:26:04","guid":{"rendered":"http:\/\/www.sn.schule.de\/~ernst-zinna-schule-leipzig\/?page_id=129"},"modified":"2011-01-24T18:38:14","modified_gmt":"2011-01-24T18:38:14","slug":"betreuungsangebot-leitbild","status":"publish","type":"page","link":"https:\/\/www.sachsen.schule\/~ernst-zinna-schule-leipzig\/?page_id=129","title":{"rendered":"BA: Leitbild"},"content":{"rendered":"<p><img src=\"http:\/\/www.sn.schule.de\/~ernst-zinna-schule-leipzig\/wp-content\/img\/hort\/leitbild.jpg\" alt=\"BA-Leitbild\" \/><br \/>\nAusgehend von unserem Leitbild \u201e<em>Fair Play &#8211; Miteinander<\/em>\u201c legen wir unser Hauptaugenmerk auf die Herausbildung des Sozialverhaltens. Das schlie\u00dft  insbesondere die Aushandlung und Einhaltung von Regeln, Werten und Normen ein. Genau in dieser Verhandlung bringen Kinder ihr eigenes Wissen, ihre eigenen Erfahrungen \u00fcber den Sinn von Regeln, Werten und Normen ein (Regelverst\u00e4ndnis). Neben vielen Einzelgespr\u00e4chen f\u00fchren wir zum Beispiel 1 mal w\u00f6chentlich unsere Kinderkonferenz durch (\u201e<em>Fair Play Stempel<\/em>\u201c), denn der Austausch, die Reflexion des Handelns der Kinder untereinander ist f\u00fcr das Zusammenleben, welches nat\u00fcrlich nicht immer konfliktfrei- daf\u00fcr aber erfahrungsreich- verl\u00e4uft, notwendig. Auch die \u00dcbernahme von Aufgaben und \u00c4mtern durch einzelne Kinder soll zur Ausbildung des Verantwortungsbewusstseins beitragen (z.B. Garderobendienst).<\/p>\n","protected":false},"excerpt":{"rendered":"<p>Ausgehend von unserem Leitbild \u201eFair Play &#8211; Miteinander\u201c legen wir unser Hauptaugenmerk auf die Herausbildung des Sozialverhaltens. Das schlie\u00dft insbesondere die Aushandlung und Einhaltung von Regeln, Werten und Normen ein. Genau in dieser Verhandlung bringen Kinder ihr eigenes Wissen, ihre &hellip; <a href=\"https:\/\/www.sachsen.schule\/~ernst-zinna-schule-leipzig\/?page_id=129\">Weiterlesen <span class=\"meta-nav\">&rarr;<\/span><\/a><\/p>\n","protected":false},"author":1,"featured_media":0,"parent":52,"menu_order":1,"comment_status":"closed","ping_status":"closed","template":"onecolumn-page.php","meta":[],"_links":{"self":[{"href":"https:\/\/www.sachsen.schule\/~ernst-zinna-schule-leipzig\/index.php?rest_route=\/wp\/v2\/pages\/129"}],"collection":[{"href":"https:\/\/www.sachsen.schule\/~ernst-zinna-schule-leipzig\/index.php?rest_route=\/wp\/v2\/pages"}],"about":[{"href":"https:\/\/www.sachsen.schule\/~ernst-zinna-schule-leipzig\/index.php?rest_route=\/wp\/v2\/types\/page"}],"author":[{"embeddable":true,"href":"https:\/\/www.sachsen.schule\/~ernst-zinna-schule-leipzig\/index.php?rest_route=\/wp\/v2\/users\/1"}],"replies":[{"embeddable":true,"href":"https:\/\/www.sachsen.schule\/~ernst-zinna-schule-leipzig\/index.php?rest_route=%2Fwp%2Fv2%2Fcomments&post=129"}],"version-history":[{"count":4,"href":"https:\/\/www.sachsen.schule\/~ernst-zinna-schule-leipzig\/index.php?rest_route=\/wp\/v2\/pages\/129\/revisions"}],"predecessor-version":[{"id":138,"href":"https:\/\/www.sachsen.schule\/~ernst-zinna-schule-leipzig\/index.php?rest_route=\/wp\/v2\/pages\/129\/revisions\/138"}],"up":[{"embeddable":true,"href":"https:\/\/www.sachsen.schule\/~ernst-zinna-schule-leipzig\/index.php?rest_route=\/wp\/v2\/pages\/52"}],"wp:attachment":[{"href":"https:\/\/www.sachsen.schule\/~ernst-zinna-schule-leipzig\/index.php?rest_route=%2Fwp%2Fv2%2Fmedia&parent=129"}],"curies":[{"name":"wp","href":"https:\/\/api.w.org\/{rel}","templated":true}]}}