{"id":124,"date":"2011-01-24T18:11:53","date_gmt":"2011-01-24T18:11:53","guid":{"rendered":"http:\/\/www.sn.schule.de\/~ernst-zinna-schule-leipzig\/?page_id=124"},"modified":"2011-01-24T18:30:06","modified_gmt":"2011-01-24T18:30:06","slug":"team","status":"publish","type":"page","link":"https:\/\/www.sachsen.schule\/~ernst-zinna-schule-leipzig\/?page_id=124","title":{"rendered":"BA: Team"},"content":{"rendered":"<p>> unser Team besteht aus einer Leiterin und 3 Erzieherinnen<br \/>\n> Leiterin und Erzieherinnen sind staatl. anerkannte Erzieherinnen<br \/>\n> Leiterin und 2 Erzieher haben die heilp\u00e4dagogische Zusatzqualifikation<br \/>\n> eine Erzieherin ist ausgebildete Heilp\u00e4dagogin<br \/>\n> die Leiterin verf\u00fcgt \u00fcber die Zusatzqualifikation als Leiterin<\/p>\n","protected":false},"excerpt":{"rendered":"<p>> unser Team besteht aus einer Leiterin und 3 Erzieherinnen > Leiterin und Erzieherinnen sind staatl. anerkannte Erzieherinnen > Leiterin und 2 Erzieher haben die heilp\u00e4dagogische Zusatzqualifikation > eine Erzieherin ist ausgebildete Heilp\u00e4dagogin > die Leiterin verf\u00fcgt \u00fcber die Zusatzqualifikation &hellip; <a href=\"https:\/\/www.sachsen.schule\/~ernst-zinna-schule-leipzig\/?page_id=124\">Weiterlesen <span class=\"meta-nav\">&rarr;<\/span><\/a><\/p>\n","protected":false},"author":1,"featured_media":0,"parent":52,"menu_order":0,"comment_status":"closed","ping_status":"closed","template":"onecolumn-page.php","meta":[],"_links":{"self":[{"href":"https:\/\/www.sachsen.schule\/~ernst-zinna-schule-leipzig\/index.php?rest_route=\/wp\/v2\/pages\/124"}],"collection":[{"href":"https:\/\/www.sachsen.schule\/~ernst-zinna-schule-leipzig\/index.php?rest_route=\/wp\/v2\/pages"}],"about":[{"href":"https:\/\/www.sachsen.schule\/~ernst-zinna-schule-leipzig\/index.php?rest_route=\/wp\/v2\/types\/page"}],"author":[{"embeddable":true,"href":"https:\/\/www.sachsen.schule\/~ernst-zinna-schule-leipzig\/index.php?rest_route=\/wp\/v2\/users\/1"}],"replies":[{"embeddable":true,"href":"https:\/\/www.sachsen.schule\/~ernst-zinna-schule-leipzig\/index.php?rest_route=%2Fwp%2Fv2%2Fcomments&post=124"}],"version-history":[{"count":4,"href":"https:\/\/www.sachsen.schule\/~ernst-zinna-schule-leipzig\/index.php?rest_route=\/wp\/v2\/pages\/124\/revisions"}],"predecessor-version":[{"id":132,"href":"https:\/\/www.sachsen.schule\/~ernst-zinna-schule-leipzig\/index.php?rest_route=\/wp\/v2\/pages\/124\/revisions\/132"}],"up":[{"embeddable":true,"href":"https:\/\/www.sachsen.schule\/~ernst-zinna-schule-leipzig\/index.php?rest_route=\/wp\/v2\/pages\/52"}],"wp:attachment":[{"href":"https:\/\/www.sachsen.schule\/~ernst-zinna-schule-leipzig\/index.php?rest_route=%2Fwp%2Fv2%2Fmedia&parent=124"}],"curies":[{"name":"wp","href":"https:\/\/api.w.org\/{rel}","templated":true}]}}