{"id":39,"date":"2013-04-22T20:38:31","date_gmt":"2013-04-22T18:38:31","guid":{"rendered":"http:\/\/www.sn.schule.de\/~G-DD-Pl\/sternwarte\/?page_id=39"},"modified":"2013-05-26T22:28:11","modified_gmt":"2013-05-26T20:28:11","slug":"ausstattung-3","status":"publish","type":"page","link":"https:\/\/www.sachsen.schule\/~G-DD-Pl\/sternwarte\/?page_id=39","title":{"rendered":"Ausstattung"},"content":{"rendered":"<p>Die folgenden Instrumente sind in unserer Sternwarte enthalten.<\/p>\n<p><strong>Celestron 9,25&#8243; station\u00e4r in der Kuppel <\/strong><br \/>\nSchmidt-Cassegrain Spiegelteleskop<br \/>\n\u00d6ffnung: 235 mm<br \/>\nBrennweite: 2350mm<\/p>\n<p><a href=\"http:\/\/www.sn.schule.de\/~G-DD-Pl\/sternwarte\/wp-content\/uploads\/2013\/05\/IMG_0012.jpg\"><img loading=\"lazy\" class=\"alignnone size-medium wp-image-164\" alt=\"IMG_0012\" src=\"http:\/\/www.sn.schule.de\/~G-DD-Pl\/sternwarte\/wp-content\/uploads\/2013\/05\/IMG_0012-225x300.jpg\" width=\"225\" height=\"300\" srcset=\"https:\/\/www.sachsen.schule\/~G-DD-Pl\/sternwarte\/wp-content\/uploads\/2013\/05\/IMG_0012-225x300.jpg 225w, https:\/\/www.sachsen.schule\/~G-DD-Pl\/sternwarte\/wp-content\/uploads\/2013\/05\/IMG_0012.jpg 768w\" sizes=\"(max-width: 225px) 100vw, 225px\" \/><\/a><a href=\"http:\/\/www.sn.schule.de\/~G-DD-Pl\/sternwarte\/wp-content\/uploads\/2013\/05\/IMG_0022.jpg\"><img loading=\"lazy\" class=\"alignnone size-medium wp-image-165\" alt=\"IMG_0022\" src=\"http:\/\/www.sn.schule.de\/~G-DD-Pl\/sternwarte\/wp-content\/uploads\/2013\/05\/IMG_0022-224x300.jpg\" width=\"224\" height=\"300\" srcset=\"https:\/\/www.sachsen.schule\/~G-DD-Pl\/sternwarte\/wp-content\/uploads\/2013\/05\/IMG_0022-224x300.jpg 224w, https:\/\/www.sachsen.schule\/~G-DD-Pl\/sternwarte\/wp-content\/uploads\/2013\/05\/IMG_0022-768x1024.jpg 768w, https:\/\/www.sachsen.schule\/~G-DD-Pl\/sternwarte\/wp-content\/uploads\/2013\/05\/IMG_0022.jpg 1704w\" sizes=\"(max-width: 224px) 100vw, 224px\" \/><\/a><\/p>\n<p><strong>Cassegrain-Teleskop<br \/>\n<\/strong>\u00d6ffnung: 150mm<br \/>\nBrennweite: 1800mm<\/p>\n<p><strong>Telementor (5 St\u00fcck)<\/strong><br \/>\n\u00d6ffnung: 63mm<br \/>\nBrennweite: 840mm<\/p>\n<p><a href=\"http:\/\/www.sn.schule.de\/~G-DD-Pl\/sternwarte\/wp-content\/uploads\/2013\/05\/IMG_0027.jpg\"><img loading=\"lazy\" class=\"alignnone size-medium wp-image-166\" alt=\"IMG_0027\" src=\"http:\/\/www.sn.schule.de\/~G-DD-Pl\/sternwarte\/wp-content\/uploads\/2013\/05\/IMG_0027-225x300.jpg\" width=\"225\" height=\"300\" srcset=\"https:\/\/www.sachsen.schule\/~G-DD-Pl\/sternwarte\/wp-content\/uploads\/2013\/05\/IMG_0027-225x300.jpg 225w, https:\/\/www.sachsen.schule\/~G-DD-Pl\/sternwarte\/wp-content\/uploads\/2013\/05\/IMG_0027.jpg 768w\" sizes=\"(max-width: 225px) 100vw, 225px\" \/><\/a><\/p>\n","protected":false},"excerpt":{"rendered":"<p>Die folgenden Instrumente sind in unserer Sternwarte enthalten. Celestron 9,25&#8243; station\u00e4r in der Kuppel Schmidt-Cassegrain Spiegelteleskop \u00d6ffnung: 235 mm Brennweite: 2350mm Cassegrain-Teleskop \u00d6ffnung: 150mm Brennweite: 1800mm Telementor (5 St\u00fcck) \u00d6ffnung: 63mm Brennweite: 840mm<\/p>\n","protected":false},"author":2,"featured_media":0,"parent":0,"menu_order":3,"comment_status":"closed","ping_status":"open","template":"","meta":[],"_links":{"self":[{"href":"https:\/\/www.sachsen.schule\/~G-DD-Pl\/sternwarte\/index.php?rest_route=\/wp\/v2\/pages\/39"}],"collection":[{"href":"https:\/\/www.sachsen.schule\/~G-DD-Pl\/sternwarte\/index.php?rest_route=\/wp\/v2\/pages"}],"about":[{"href":"https:\/\/www.sachsen.schule\/~G-DD-Pl\/sternwarte\/index.php?rest_route=\/wp\/v2\/types\/page"}],"author":[{"embeddable":true,"href":"https:\/\/www.sachsen.schule\/~G-DD-Pl\/sternwarte\/index.php?rest_route=\/wp\/v2\/users\/2"}],"replies":[{"embeddable":true,"href":"https:\/\/www.sachsen.schule\/~G-DD-Pl\/sternwarte\/index.php?rest_route=%2Fwp%2Fv2%2Fcomments&post=39"}],"version-history":[{"count":18,"href":"https:\/\/www.sachsen.schule\/~G-DD-Pl\/sternwarte\/index.php?rest_route=\/wp\/v2\/pages\/39\/revisions"}],"predecessor-version":[{"id":43,"href":"https:\/\/www.sachsen.schule\/~G-DD-Pl\/sternwarte\/index.php?rest_route=\/wp\/v2\/pages\/39\/revisions\/43"}],"wp:attachment":[{"href":"https:\/\/www.sachsen.schule\/~G-DD-Pl\/sternwarte\/index.php?rest_route=%2Fwp%2Fv2%2Fmedia&parent=39"}],"curies":[{"name":"wp","href":"https:\/\/api.w.org\/{rel}","templated":true}]}}